{"id":376,"date":"2012-05-15T15:02:03","date_gmt":"2012-05-15T15:02:03","guid":{"rendered":"http:\/\/wordpress.art-connect.de\/?page_id=376"},"modified":"2021-02-01T15:30:00","modified_gmt":"2021-02-01T15:30:00","slug":"multitone","status":"publish","type":"page","link":"https:\/\/www.emmerl.de\/blau\/rufempfaenger\/multitone","title":{"rendered":"Multitone"},"content":{"rendered":"<div>\n<h1><span style=\"color: #0000ff;\">Reparaturen&nbsp;Multitone Rufempf\u00e4nger RPR331, RPR333, RPR531, RPR533, RPR591, RPR593<\/span><\/h1>\n<p style=\"text-align: center;\"><a href=\"https:\/\/www.emmerl.de\/blau\/wp-content\/uploads\/2012\/05\/Multitone-Ger\u00e4te.jpg\" rel=\"lightbox[376]\"><img loading=\"lazy\" decoding=\"async\" class=\"wp-image-892 aligncenter\" title=\"Multitone Ger\u00e4te\" src=\"https:\/\/www.emmerl.de\/blau\/wp-content\/uploads\/2012\/05\/Multitone-Ger\u00e4te.jpg\" alt=\"\" width=\"408\" height=\"172\"><\/a><\/p>\n<h3>Wir reparieren Rufempf\u00e4nger (Piepser) der Firma&nbsp;Multitone zu g\u00fcnstigen Pauschalpreisen.<\/h3>\n<h2>Im Pauschalpreis sind folgende Kosten enthalten: Material, Arbeitszeit, Postr\u00fcckversand, Fallsch\u00e4den usw. (ausgenommen irreparable Ger\u00e4te)<\/h2>\n<h3>So bleiben die Reparaturkosten f\u00fcr Sie stets \u00fcberschaubar und voraussagbar.<\/h3>\n<p>&nbsp;<\/p>\n<p><a href=\"https:\/\/www.emmerl.de\/blau\/wp-content\/uploads\/2021\/02\/3-Tage-Postversand.png\" rel=\"lightbox[376]\"><img loading=\"lazy\" decoding=\"async\" class=\"alignleft size-full wp-image-1314\" src=\"https:\/\/www.emmerl.de\/blau\/wp-content\/uploads\/2021\/02\/3-Tage-Postversand.png\" alt=\"\" width=\"1024\" height=\"573\" srcset=\"https:\/\/www.emmerl.de\/blau\/wp-content\/uploads\/2021\/02\/3-Tage-Postversand.png 1024w, https:\/\/www.emmerl.de\/blau\/wp-content\/uploads\/2021\/02\/3-Tage-Postversand-300x168.png 300w, https:\/\/www.emmerl.de\/blau\/wp-content\/uploads\/2021\/02\/3-Tage-Postversand-600x336.png 600w, https:\/\/www.emmerl.de\/blau\/wp-content\/uploads\/2021\/02\/3-Tage-Postversand-150x84.png 150w, https:\/\/www.emmerl.de\/blau\/wp-content\/uploads\/2021\/02\/3-Tage-Postversand-768x430.png 768w, https:\/\/www.emmerl.de\/blau\/wp-content\/uploads\/2021\/02\/3-Tage-Postversand-250x140.png 250w\" sizes=\"(max-width: 1024px) 100vw, 1024px\" \/><\/a><\/p>\n<\/div>","protected":false},"excerpt":{"rendered":"<p>Reparaturen&nbsp;Multitone Rufempf\u00e4nger RPR331, RPR333, RPR531, RPR533, RPR591, RPR593 Wir reparieren Rufempf\u00e4nger (Piepser) der Firma&nbsp;Multitone zu g\u00fcnstigen Pauschalpreisen. Im Pauschalpreis sind folgende Kosten enthalten: Material, Arbeitszeit, Postr\u00fcckversand, Fallsch\u00e4den usw. (ausgenommen irreparable Ger\u00e4te) So bleiben die Reparaturkosten f\u00fcr Sie stets \u00fcberschaubar und &hellip; <a href=\"https:\/\/www.emmerl.de\/blau\/rufempfaenger\/multitone\">weiterlesen <span class=\"meta-nav\">&rarr;<\/span><\/a><\/p>\n","protected":false},"author":1,"featured_media":0,"parent":372,"menu_order":2,"comment_status":"open","ping_status":"open","template":"","meta":{"ngg_post_thumbnail":0,"footnotes":""},"_links":{"self":[{"href":"https:\/\/www.emmerl.de\/blau\/wp-json\/wp\/v2\/pages\/376"}],"collection":[{"href":"https:\/\/www.emmerl.de\/blau\/wp-json\/wp\/v2\/pages"}],"about":[{"href":"https:\/\/www.emmerl.de\/blau\/wp-json\/wp\/v2\/types\/page"}],"author":[{"embeddable":true,"href":"https:\/\/www.emmerl.de\/blau\/wp-json\/wp\/v2\/users\/1"}],"replies":[{"embeddable":true,"href":"https:\/\/www.emmerl.de\/blau\/wp-json\/wp\/v2\/comments?post=376"}],"version-history":[{"count":32,"href":"https:\/\/www.emmerl.de\/blau\/wp-json\/wp\/v2\/pages\/376\/revisions"}],"predecessor-version":[{"id":1350,"href":"https:\/\/www.emmerl.de\/blau\/wp-json\/wp\/v2\/pages\/376\/revisions\/1350"}],"up":[{"embeddable":true,"href":"https:\/\/www.emmerl.de\/blau\/wp-json\/wp\/v2\/pages\/372"}],"wp:attachment":[{"href":"https:\/\/www.emmerl.de\/blau\/wp-json\/wp\/v2\/media?parent=376"}],"curies":[{"name":"wp","href":"https:\/\/api.w.org\/{rel}","templated":true}]}}