{"id":380,"date":"2012-05-15T15:02:30","date_gmt":"2012-05-15T15:02:30","guid":{"rendered":"http:\/\/wordpress.art-connect.de\/?page_id=380"},"modified":"2021-02-01T15:28:11","modified_gmt":"2021-02-01T15:28:11","slug":"ascom","status":"publish","type":"page","link":"https:\/\/www.emmerl.de\/blau\/rufempfaenger\/ascom","title":{"rendered":"Ascom"},"content":{"rendered":"<h2><span style=\"color: #0000ff;\">Reparaturen Ascom Rufempf\u00e4nger U910, H910, U912, H912, U914T, H914T<\/span><\/h2>\n<div>\n<p style=\"text-align: center;\"><a href=\"https:\/\/www.emmerl.de\/blau\/wp-content\/uploads\/2012\/05\/Ascom-Ger\u00e4te1.jpg\" rel=\"lightbox[380]\"><img loading=\"lazy\" decoding=\"async\" class=\"aligncenter wp-image-901\" title=\"Ascom Ger\u00e4te1\" src=\"https:\/\/www.emmerl.de\/blau\/wp-content\/uploads\/2012\/05\/Ascom-Ger\u00e4te1-600x396.jpg\" alt=\"\" width=\"382\" height=\"205\"><\/a><\/p>\n<h3 style=\"text-align: justify;\">Wir reparieren Rufempf\u00e4nger (Piepser) der Firma Ascom zu g\u00fcnstigen Pauschalpreisen.<\/h3>\n<h2>Im Pauschalpreis sind folgende Kosten enthalten:<\/h2>\n<ul>\n<li>\n<h2><strong>Material<\/strong><\/h2>\n<\/li>\n<li>\n<h2><strong>Arbeitszeit<\/strong><\/h2>\n<\/li>\n<li>\n<h2><strong>Postr\u00fcckversand<\/strong><\/h2>\n<\/li>\n<li>\n<h2><strong>3 Monate Garantie<\/strong><\/h2>\n<\/li>\n<li>\n<h2><strong>Fallsch\u00e4den usw.<\/strong><\/h2>\n<\/li>\n<li>\n<h2><strong>(ausgenommen irreparable Ger\u00e4te)<\/strong><\/h2>\n<\/li>\n<\/ul>\n<p>&nbsp;<\/p>\n<h3>So bleiben die Reparaturkosten f\u00fcr Sie stets \u00fcberschaubar und voraussagbar.<\/h3>\n<p>&nbsp;<\/p>\n<p><a href=\"https:\/\/www.emmerl.de\/blau\/wp-content\/uploads\/2021\/02\/3-Tage-Postversand.png\" rel=\"lightbox[380]\"><img loading=\"lazy\" decoding=\"async\" class=\"alignleft size-full wp-image-1314\" src=\"https:\/\/www.emmerl.de\/blau\/wp-content\/uploads\/2021\/02\/3-Tage-Postversand.png\" alt=\"\" width=\"1024\" height=\"573\" srcset=\"https:\/\/www.emmerl.de\/blau\/wp-content\/uploads\/2021\/02\/3-Tage-Postversand.png 1024w, https:\/\/www.emmerl.de\/blau\/wp-content\/uploads\/2021\/02\/3-Tage-Postversand-300x168.png 300w, https:\/\/www.emmerl.de\/blau\/wp-content\/uploads\/2021\/02\/3-Tage-Postversand-600x336.png 600w, https:\/\/www.emmerl.de\/blau\/wp-content\/uploads\/2021\/02\/3-Tage-Postversand-150x84.png 150w, https:\/\/www.emmerl.de\/blau\/wp-content\/uploads\/2021\/02\/3-Tage-Postversand-768x430.png 768w, https:\/\/www.emmerl.de\/blau\/wp-content\/uploads\/2021\/02\/3-Tage-Postversand-250x140.png 250w\" sizes=\"(max-width: 1024px) 100vw, 1024px\" \/><\/a><\/p>\n<\/div>","protected":false},"excerpt":{"rendered":"<p>Reparaturen Ascom Rufempf\u00e4nger U910, H910, U912, H912, U914T, H914T Wir reparieren Rufempf\u00e4nger (Piepser) der Firma Ascom zu g\u00fcnstigen Pauschalpreisen. Im Pauschalpreis sind folgende Kosten enthalten: Material Arbeitszeit Postr\u00fcckversand 3 Monate Garantie Fallsch\u00e4den usw. (ausgenommen irreparable Ger\u00e4te) &nbsp; So bleiben die &hellip; <a href=\"https:\/\/www.emmerl.de\/blau\/rufempfaenger\/ascom\">weiterlesen <span class=\"meta-nav\">&rarr;<\/span><\/a><\/p>\n","protected":false},"author":1,"featured_media":0,"parent":372,"menu_order":4,"comment_status":"open","ping_status":"open","template":"","meta":{"ngg_post_thumbnail":0,"footnotes":""},"_links":{"self":[{"href":"https:\/\/www.emmerl.de\/blau\/wp-json\/wp\/v2\/pages\/380"}],"collection":[{"href":"https:\/\/www.emmerl.de\/blau\/wp-json\/wp\/v2\/pages"}],"about":[{"href":"https:\/\/www.emmerl.de\/blau\/wp-json\/wp\/v2\/types\/page"}],"author":[{"embeddable":true,"href":"https:\/\/www.emmerl.de\/blau\/wp-json\/wp\/v2\/users\/1"}],"replies":[{"embeddable":true,"href":"https:\/\/www.emmerl.de\/blau\/wp-json\/wp\/v2\/comments?post=380"}],"version-history":[{"count":21,"href":"https:\/\/www.emmerl.de\/blau\/wp-json\/wp\/v2\/pages\/380\/revisions"}],"predecessor-version":[{"id":1347,"href":"https:\/\/www.emmerl.de\/blau\/wp-json\/wp\/v2\/pages\/380\/revisions\/1347"}],"up":[{"embeddable":true,"href":"https:\/\/www.emmerl.de\/blau\/wp-json\/wp\/v2\/pages\/372"}],"wp:attachment":[{"href":"https:\/\/www.emmerl.de\/blau\/wp-json\/wp\/v2\/media?parent=380"}],"curies":[{"name":"wp","href":"https:\/\/api.w.org\/{rel}","templated":true}]}}