{"id":382,"date":"2012-05-15T15:02:40","date_gmt":"2012-05-15T15:02:40","guid":{"rendered":"http:\/\/wordpress.art-connect.de\/?page_id=382"},"modified":"2021-02-01T15:31:30","modified_gmt":"2021-02-01T15:31:30","slug":"nira","status":"publish","type":"page","link":"https:\/\/www.emmerl.de\/blau\/rufempfaenger\/nira","title":{"rendered":"Nira"},"content":{"rendered":"<div>\n<h2>&nbsp;<\/h2>\n<div>\n<h1><span style=\"color: #0000ff;\">Reparaturen Nira Rufempf\u00e4nger CO633A, CO633B, CO633C, CO633D, CA634A, CA634C, CA634D, CO635, CO653A, CO653B, CO653C, CO653D<\/span><\/h1>\n<p style=\"text-align: center;\"><a href=\"https:\/\/www.emmerl.de\/blau\/wp-content\/uploads\/2012\/05\/Nira-Geraet.jpg\" rel=\"lightbox[382]\"><img loading=\"lazy\" decoding=\"async\" class=\"aligncenter wp-image-913\" title=\"Nira-Geraet\" src=\"https:\/\/www.emmerl.de\/blau\/wp-content\/uploads\/2012\/05\/Nira-Geraet-400x600.jpg\" alt=\"\" width=\"181\" height=\"241\"><\/a><\/p>\n<h3>Wir reparieren Rufempf\u00e4nger (Piepser) der Firma&nbsp;Nira zu g\u00fcnstigen Pauschalpreisen.<\/h3>\n<h2>Im Pauschalpreis sind folgende Kosten enthalten:<\/h2>\n<ul>\n<li>\n<h2><strong>Material<\/strong><\/h2>\n<\/li>\n<li>\n<h2><strong>Arbeitszeit<\/strong><\/h2>\n<\/li>\n<li>\n<h2><strong>Postr\u00fcckversand<\/strong><\/h2>\n<\/li>\n<li>\n<h2><strong>3 Monate Garantie<\/strong><\/h2>\n<\/li>\n<li>\n<h2><strong>Fallsch\u00e4den usw.<\/strong><\/h2>\n<\/li>\n<li>\n<h2><strong>(ausgenommen irreparable Ger\u00e4te)<\/strong><\/h2>\n<\/li>\n<\/ul>\n<p>&nbsp;<\/p>\n<h3>So bleiben die Reparaturkosten f\u00fcr Sie stets \u00fcberschaubar und voraussagbar.<\/h3>\n<p>&nbsp;<\/p>\n<\/div>\n<\/div>\n<p><a href=\"https:\/\/www.emmerl.de\/blau\/wp-content\/uploads\/2021\/02\/3-Tage-Postversand.png\" rel=\"lightbox[382]\"><img loading=\"lazy\" decoding=\"async\" class=\"alignleft size-full wp-image-1314\" src=\"https:\/\/www.emmerl.de\/blau\/wp-content\/uploads\/2021\/02\/3-Tage-Postversand.png\" alt=\"\" width=\"1024\" height=\"573\" srcset=\"https:\/\/www.emmerl.de\/blau\/wp-content\/uploads\/2021\/02\/3-Tage-Postversand.png 1024w, https:\/\/www.emmerl.de\/blau\/wp-content\/uploads\/2021\/02\/3-Tage-Postversand-300x168.png 300w, https:\/\/www.emmerl.de\/blau\/wp-content\/uploads\/2021\/02\/3-Tage-Postversand-600x336.png 600w, https:\/\/www.emmerl.de\/blau\/wp-content\/uploads\/2021\/02\/3-Tage-Postversand-150x84.png 150w, https:\/\/www.emmerl.de\/blau\/wp-content\/uploads\/2021\/02\/3-Tage-Postversand-768x430.png 768w, https:\/\/www.emmerl.de\/blau\/wp-content\/uploads\/2021\/02\/3-Tage-Postversand-250x140.png 250w\" sizes=\"(max-width: 1024px) 100vw, 1024px\" \/><\/a><\/p>","protected":false},"excerpt":{"rendered":"<p>&nbsp; Reparaturen Nira Rufempf\u00e4nger CO633A, CO633B, CO633C, CO633D, CA634A, CA634C, CA634D, CO635, CO653A, CO653B, CO653C, CO653D Wir reparieren Rufempf\u00e4nger (Piepser) der Firma&nbsp;Nira zu g\u00fcnstigen Pauschalpreisen. Im Pauschalpreis sind folgende Kosten enthalten: Material Arbeitszeit Postr\u00fcckversand 3 Monate Garantie Fallsch\u00e4den usw. (ausgenommen &hellip; <a href=\"https:\/\/www.emmerl.de\/blau\/rufempfaenger\/nira\">weiterlesen <span class=\"meta-nav\">&rarr;<\/span><\/a><\/p>\n","protected":false},"author":1,"featured_media":0,"parent":372,"menu_order":5,"comment_status":"open","ping_status":"open","template":"","meta":{"ngg_post_thumbnail":0,"footnotes":""},"_links":{"self":[{"href":"https:\/\/www.emmerl.de\/blau\/wp-json\/wp\/v2\/pages\/382"}],"collection":[{"href":"https:\/\/www.emmerl.de\/blau\/wp-json\/wp\/v2\/pages"}],"about":[{"href":"https:\/\/www.emmerl.de\/blau\/wp-json\/wp\/v2\/types\/page"}],"author":[{"embeddable":true,"href":"https:\/\/www.emmerl.de\/blau\/wp-json\/wp\/v2\/users\/1"}],"replies":[{"embeddable":true,"href":"https:\/\/www.emmerl.de\/blau\/wp-json\/wp\/v2\/comments?post=382"}],"version-history":[{"count":25,"href":"https:\/\/www.emmerl.de\/blau\/wp-json\/wp\/v2\/pages\/382\/revisions"}],"predecessor-version":[{"id":1353,"href":"https:\/\/www.emmerl.de\/blau\/wp-json\/wp\/v2\/pages\/382\/revisions\/1353"}],"up":[{"embeddable":true,"href":"https:\/\/www.emmerl.de\/blau\/wp-json\/wp\/v2\/pages\/372"}],"wp:attachment":[{"href":"https:\/\/www.emmerl.de\/blau\/wp-json\/wp\/v2\/media?parent=382"}],"curies":[{"name":"wp","href":"https:\/\/api.w.org\/{rel}","templated":true}]}}