{"id":398,"date":"2012-05-15T15:04:57","date_gmt":"2012-05-15T15:04:57","guid":{"rendered":"http:\/\/wordpress.art-connect.de\/?page_id=398"},"modified":"2012-10-18T13:58:08","modified_gmt":"2012-10-18T13:58:08","slug":"diktiergeraete","status":"publish","type":"page","link":"https:\/\/www.emmerl.de\/blau\/diktiergeraete","title":{"rendered":"Diktierger\u00e4te"},"content":{"rendered":"<h2><span style=\"color: #0000ff;\">Wir reparieren\u00a0Diktierger\u00e4te der Fabrikate Grundig<\/span><\/h2>\n<p><a href=\"https:\/\/www.emmerl.de\/blau\/diktiergeraete\/diktiergerate-2\" rel=\"attachment wp-att-1054\"><img loading=\"lazy\" decoding=\"async\" class=\"aligncenter  wp-image-1054\" title=\"Diktierger\u00e4te\" src=\"https:\/\/www.emmerl.de\/blau\/wp-content\/uploads\/2012\/05\/Diktierger\u00e4te1-600x532.jpg\" alt=\"\" width=\"450\" height=\"319\" \/><\/a>Schnelligkeit und Qualit\u00e4t ist unser oberstes Gebot. Die gro\u00dfen Reparaturst\u00fcckzahlen erlauben uns ein umfangreiches Ersatzteillager. Kein Teil muss mit langen Lieferzeiten bestellt werden. Einfach Schublade auf und jedes Teil ist in ausreichender St\u00fcckzahl vorhanden. Wir haben f\u00fcr jeden Ger\u00e4tetyp unseren Spezialisten, die Ihre Ger\u00e4te aus dem \u201cFF\u201d kennen und mit langj\u00e4hriger Erfahrung alle Reparaturen ausf\u00fchren.<\/p>\n<p style=\"text-align: justify;\"><span style=\"color: #0000ff;\"><strong>Diese Vorteile machen uns zu einer der schlagkr\u00e4ftigsten Service-Firmen im Bundesgebiet.<\/strong><\/span><\/p>","protected":false},"excerpt":{"rendered":"<p>Wir reparieren\u00a0Diktierger\u00e4te der Fabrikate Grundig Schnelligkeit und Qualit\u00e4t ist unser oberstes Gebot. Die gro\u00dfen Reparaturst\u00fcckzahlen erlauben uns ein umfangreiches Ersatzteillager. Kein Teil muss mit langen Lieferzeiten bestellt werden. Einfach Schublade auf und jedes Teil ist in ausreichender St\u00fcckzahl vorhanden. Wir &hellip; <a href=\"https:\/\/www.emmerl.de\/blau\/diktiergeraete\">weiterlesen <span class=\"meta-nav\">&rarr;<\/span><\/a><\/p>\n","protected":false},"author":1,"featured_media":0,"parent":0,"menu_order":5,"comment_status":"open","ping_status":"open","template":"","meta":{"ngg_post_thumbnail":0,"footnotes":""},"_links":{"self":[{"href":"https:\/\/www.emmerl.de\/blau\/wp-json\/wp\/v2\/pages\/398"}],"collection":[{"href":"https:\/\/www.emmerl.de\/blau\/wp-json\/wp\/v2\/pages"}],"about":[{"href":"https:\/\/www.emmerl.de\/blau\/wp-json\/wp\/v2\/types\/page"}],"author":[{"embeddable":true,"href":"https:\/\/www.emmerl.de\/blau\/wp-json\/wp\/v2\/users\/1"}],"replies":[{"embeddable":true,"href":"https:\/\/www.emmerl.de\/blau\/wp-json\/wp\/v2\/comments?post=398"}],"version-history":[{"count":11,"href":"https:\/\/www.emmerl.de\/blau\/wp-json\/wp\/v2\/pages\/398\/revisions"}],"predecessor-version":[{"id":1056,"href":"https:\/\/www.emmerl.de\/blau\/wp-json\/wp\/v2\/pages\/398\/revisions\/1056"}],"wp:attachment":[{"href":"https:\/\/www.emmerl.de\/blau\/wp-json\/wp\/v2\/media?parent=398"}],"curies":[{"name":"wp","href":"https:\/\/api.w.org\/{rel}","templated":true}]}}