{"id":408,"date":"2012-05-15T15:06:25","date_gmt":"2012-05-15T15:06:25","guid":{"rendered":"http:\/\/wordpress.art-connect.de\/?page_id=408"},"modified":"2012-10-12T08:23:01","modified_gmt":"2012-10-12T08:23:01","slug":"geschaeftsfuehrer","status":"publish","type":"page","link":"https:\/\/www.emmerl.de\/blau\/geschaeftsfuehrer","title":{"rendered":"Gesch\u00e4ftsf\u00fchrer"},"content":{"rendered":"<p><a href=\"http:\/\/www.emmerl.de\/bos\/wp-content\/uploads\/2012\/07\/werner_emmerl.jpg\" rel=\"lightbox[408]\"><img loading=\"lazy\" decoding=\"async\" title=\"Werner Emmerl\" src=\"http:\/\/www.emmerl.de\/bos\/wp-content\/uploads\/2012\/07\/werner_emmerl-255x300.jpg\" alt=\"\" width=\"255\" height=\"300\" \/><\/a><\/p>\n<p>Gesch\u00e4ftsf\u00fchrer:<\/p>\n<p><strong>Werner Emmerl<\/strong><br \/>\nGewerbestra\u00dfe 14<br \/>\n84570 Polling<\/p>\n<p>&nbsp;<\/p>","protected":false},"excerpt":{"rendered":"<p>Gesch\u00e4ftsf\u00fchrer: Werner Emmerl Gewerbestra\u00dfe 14 84570 Polling &nbsp;<\/p>\n","protected":false},"author":1,"featured_media":0,"parent":0,"menu_order":2,"comment_status":"open","ping_status":"open","template":"","meta":{"ngg_post_thumbnail":0,"footnotes":""},"_links":{"self":[{"href":"https:\/\/www.emmerl.de\/blau\/wp-json\/wp\/v2\/pages\/408"}],"collection":[{"href":"https:\/\/www.emmerl.de\/blau\/wp-json\/wp\/v2\/pages"}],"about":[{"href":"https:\/\/www.emmerl.de\/blau\/wp-json\/wp\/v2\/types\/page"}],"author":[{"embeddable":true,"href":"https:\/\/www.emmerl.de\/blau\/wp-json\/wp\/v2\/users\/1"}],"replies":[{"embeddable":true,"href":"https:\/\/www.emmerl.de\/blau\/wp-json\/wp\/v2\/comments?post=408"}],"version-history":[{"count":3,"href":"https:\/\/www.emmerl.de\/blau\/wp-json\/wp\/v2\/pages\/408\/revisions"}],"predecessor-version":[{"id":875,"href":"https:\/\/www.emmerl.de\/blau\/wp-json\/wp\/v2\/pages\/408\/revisions\/875"}],"wp:attachment":[{"href":"https:\/\/www.emmerl.de\/blau\/wp-json\/wp\/v2\/media?parent=408"}],"curies":[{"name":"wp","href":"https:\/\/api.w.org\/{rel}","templated":true}]}}