{"id":1184,"date":"2012-10-16T14:07:09","date_gmt":"2012-10-16T14:07:09","guid":{"rendered":"http:\/\/www.emmerl.de\/bos\/?page_id=1184"},"modified":"2024-03-14T09:18:48","modified_gmt":"2024-03-14T09:18:48","slug":"gebrauchtgerate","status":"publish","type":"page","link":"https:\/\/www.emmerl.de\/bos\/meldeempfaenger\/gebrauchtgerate","title":{"rendered":"Gebrauchtger\u00e4te"},"content":{"rendered":"<p style=\"text-align: justify;\">In der Regel k\u00f6nnen wir Ihnen auch Gebrauchtger\u00e4te zum Kauf anbieten. Auf alle von uns angebotenen gebrauchten analogen und digitalen Meldeempf\u00e4nger sowie gebrauchten Handsprechfunkger\u00e4te und Fahrzeugfunkger\u00e4te erhalten Sie eine Garantie von 12 Monaten.<\/p>\n<p style=\"text-align: justify;\">Die Verf\u00fcgbarkeit der Ger\u00e4te aus Vorbesitz \u00e4ndert sich fast t\u00e4glich. Deshalb finden Sie in unserem <a title=\"Gebrauchtger\u00e4te\" href=\"http:\/\/www.emmerl.de\/shop\">Webshop <\/a>stets aktuell nur die Ger\u00e4te, die wir Ihnen auch tats\u00e4chlich liefern k\u00f6nnen. Schauen Sie doch einfach mal nach was gerade verf\u00fcgbar ist.<\/p>\n<h3 style=\"text-align: justify;\"><\/h3>\n<h2 style=\"text-align: center;\"><a title=\"Gebrauchtger\u00e4te\" href=\"http:\/\/www.emmerl.de\/shop\/de\/gebrauchtgeraete\">Hier geht\u00b4s zu den &#8222;Gebrauchten&#8220;<\/a><\/h2>\n<p>&nbsp;<\/p>\n<p style=\"text-align: justify;\">Alle Gebrauchtger\u00e4te werden von uns general\u00fcberholt, innen wie au\u00dfen gereinigt, mit neuen Akkus best\u00fcckt, bequarzt, \u00fcberpr\u00fcft und neu abgeglichen. Sie erhalten also bestm\u00f6gliche Qualit\u00e4t zum g\u00fcnstigen Preis. Selbst die Versandkosten \u00fcbernehmen wir f\u00fcr Sie.<\/p>\n<p style=\"text-align: justify;\"><span style=\"color: #ffffff;\">.<\/span><\/p>\n<h2 style=\"text-align: justify;\">Ankauf gebrauchter Meldeempf\u00e4nger<\/h2>\n<p style=\"text-align: justify;\">Selbstverst\u00e4ndlich sind wir auch immer auf der Suche nach gebrauchter Funktechnik. Sollten Sie Melder oder neuere Funkger\u00e4te abzugeben haben, so setzen Sie sich einfach mit uns in Verbindung. Allerdings kaufen wir keine einzelnen Ger\u00e4te an. Es sollten wenigstens 10 Funkwecker pro Auftrag sein. Auch gr\u00f6\u00dfere Posten von 100 Ger\u00e4ten und mehr sind f\u00fcr uns interessant. Wenn Sie also neuere gebrauchte Meldeempf\u00e4nger oder j\u00fcngere BOS-Funkger\u00e4te zu verkaufen haben, setzen Sie sich einfach mit uns in Verbindung.<\/p>","protected":false},"excerpt":{"rendered":"<p>In der Regel k\u00f6nnen wir Ihnen auch Gebrauchtger\u00e4te zum Kauf<a href=\"https:\/\/www.emmerl.de\/bos\/meldeempfaenger\/gebrauchtgerate\"> <strong>&#8230;<\/strong> <\/a><\/p>\n","protected":false},"author":5,"featured_media":0,"parent":41,"menu_order":3,"comment_status":"closed","ping_status":"closed","template":"","meta":{"_acf_changed":false,"footnotes":""},"class_list":["post-1184","page","type-page","status-publish","hentry"],"acf":[],"_links":{"self":[{"href":"https:\/\/www.emmerl.de\/bos\/wp-json\/wp\/v2\/pages\/1184","targetHints":{"allow":["GET"]}}],"collection":[{"href":"https:\/\/www.emmerl.de\/bos\/wp-json\/wp\/v2\/pages"}],"about":[{"href":"https:\/\/www.emmerl.de\/bos\/wp-json\/wp\/v2\/types\/page"}],"author":[{"embeddable":true,"href":"https:\/\/www.emmerl.de\/bos\/wp-json\/wp\/v2\/users\/5"}],"replies":[{"embeddable":true,"href":"https:\/\/www.emmerl.de\/bos\/wp-json\/wp\/v2\/comments?post=1184"}],"version-history":[{"count":24,"href":"https:\/\/www.emmerl.de\/bos\/wp-json\/wp\/v2\/pages\/1184\/revisions"}],"predecessor-version":[{"id":3101,"href":"https:\/\/www.emmerl.de\/bos\/wp-json\/wp\/v2\/pages\/1184\/revisions\/3101"}],"up":[{"embeddable":true,"href":"https:\/\/www.emmerl.de\/bos\/wp-json\/wp\/v2\/pages\/41"}],"wp:attachment":[{"href":"https:\/\/www.emmerl.de\/bos\/wp-json\/wp\/v2\/media?parent=1184"}],"curies":[{"name":"wp","href":"https:\/\/api.w.org\/{rel}","templated":true}]}}