{"id":1249,"date":"2013-01-30T10:25:38","date_gmt":"2013-01-30T10:25:38","guid":{"rendered":"http:\/\/www.emmerl.de\/bos\/?page_id=1249"},"modified":"2016-07-25T13:43:21","modified_gmt":"2016-07-25T13:43:21","slug":"feuerwehrstick","status":"publish","type":"page","link":"https:\/\/www.emmerl.de\/bos\/eigenentwicklungen\/feuerwehrstick","title":{"rendered":"Feuerwehrstick"},"content":{"rendered":"<h1 align=\"center\"><strong>USB-Stick in Form eines Feuerwehrautos<\/strong><\/h1>\n<h2 align=\"center\"><strong>&#8222;L\u00f6schen&#8220; nicht mehr n\u00f6tig<\/strong><\/h2>\n<p style=\"text-align: justify;\">Wir bieten hier einen ausgefallenen USB-Stick speziell f\u00fcr Feuerwehrinteressierte an. Klicken Sie doch mal auf folgendes Bild und sehen Sie sich\u00a0das kleine Produktfilmchen an:<\/p>\n<p><iframe loading=\"lazy\" src=\"https:\/\/www.youtube.com\/embed\/AkxEROKRU6Y?rel=0\" width=\"560\" height=\"315\" frameborder=\"0\"><\/iframe><\/p>\n<h3 style=\"text-align: center;\"><strong>Hier geht\u00b4s zur Bestellm\u00f6glichkeit: <a title=\"Hier geht\u00b4s zum 16 GB Stick\" href=\"http:\/\/www.emmerl.de\/shop\/de\/schnaeppchen\/usb-stick-16gb\">16GB<\/a>\u00a0oder\u00a0<a title=\"Hier geht\u00b4s zum 32 GB Stick\" href=\"http:\/\/www.emmerl.de\/shop\/de\/schnaeppchen\/usb-stick-32gb\">32GB<\/a>.<\/strong><\/h3>\n<p style=\"text-align: justify;\"><span style=\"color: #ffffff;\">.<\/span><\/p>\n<p style=\"text-align: justify;\">Es handelt sich dabei um einen Speicherbaustein, der die Form eines L\u00f6schfahrzeugs hat. Der Stick wurde einem Hilfeleistungsl\u00f6schfahrzeug HLF20\/16 nachempfunden.<\/p>\n<p style=\"text-align: center;\"><a href=\"https:\/\/www.emmerl.de\/bos\/wp-content\/uploads\/2013\/02\/Feuerwehrstick-1.jpg\" data-rel=\"lightbox-image-0\" data-rl_title=\"\" data-rl_caption=\"\"><img loading=\"lazy\" decoding=\"async\" class=\"size-medium wp-image-1304\" title=\"\" src=\"https:\/\/www.emmerl.de\/bos\/wp-content\/uploads\/2013\/02\/Feuerwehrstick-1-300x230.jpg\" alt=\"Feuerwehrstick-1\" width=\"300\" height=\"230\" srcset=\"https:\/\/www.emmerl.de\/bos\/wp-content\/uploads\/2013\/02\/Feuerwehrstick-1-300x230.jpg 300w, https:\/\/www.emmerl.de\/bos\/wp-content\/uploads\/2013\/02\/Feuerwehrstick-1-150x115.jpg 150w, https:\/\/www.emmerl.de\/bos\/wp-content\/uploads\/2013\/02\/Feuerwehrstick-1-250x191.jpg 250w, https:\/\/www.emmerl.de\/bos\/wp-content\/uploads\/2013\/02\/Feuerwehrstick-1.jpg 800w\" sizes=\"auto, (max-width: 300px) 100vw, 300px\" \/><\/a><\/p>\n<p style=\"text-align: justify;\">Dieser Datenspeicher wurde mit sehr viel Liebe zum Detail gefertigt und sieht einem Fahrzeug aus dem Modellbau zum verwechseln \u00e4hnlich. Erst wenn man das F\u00fchrerhaus vom Ger\u00e4teraum abzieht, entpuppt sich das L\u00f6schfahrzeug als USB-Stick.<\/p>\n<p style=\"text-align: justify;\">Sobald der Stick mit einer USB-Schnittstelle verbunden wird, ist er \u201e<strong><span style=\"color: #0000ff;\">im Einsatz<\/span><\/strong>\u201c und es beginnen <strong><span style=\"color: #0000ff;\">die beiden Hauptblaulichter auf dem F\u00fchrerhaus sowie die beiden Frontblaulichter im K\u00fchlergrill\u00a0zu blinken<\/span><\/strong>.<\/p>\n<p><a href=\"https:\/\/www.emmerl.de\/bos\/wp-content\/uploads\/2013\/01\/Feuerwehrstick-2.jpg\" data-rel=\"lightbox-image-1\" data-rl_title=\"\" data-rl_caption=\"\"><img loading=\"lazy\" decoding=\"async\" class=\"wp-image-1300 aligncenter\" title=\"\" src=\"https:\/\/www.emmerl.de\/bos\/wp-content\/uploads\/2013\/01\/Feuerwehrstick-2-300x212.jpg\" alt=\"USB-Stick in Form eines Feuerwehrautos\" width=\"300\" height=\"212\" srcset=\"https:\/\/www.emmerl.de\/bos\/wp-content\/uploads\/2013\/01\/Feuerwehrstick-2-300x212.jpg 300w, https:\/\/www.emmerl.de\/bos\/wp-content\/uploads\/2013\/01\/Feuerwehrstick-2-150x106.jpg 150w, https:\/\/www.emmerl.de\/bos\/wp-content\/uploads\/2013\/01\/Feuerwehrstick-2-250x177.jpg 250w, https:\/\/www.emmerl.de\/bos\/wp-content\/uploads\/2013\/01\/Feuerwehrstick-2.jpg 800w\" sizes=\"auto, (max-width: 300px) 100vw, 300px\" \/><\/a><\/p>\n<p style=\"text-align: justify;\">Dieser Stick ist ein Muss f\u00fcr jeden Feuerwehrler, der das Besondere sucht.\u00a0Es gibt ihn in zwei verschiedenen Ausf\u00fchrungen mit einer Speicherkapazit\u00e4t von <a title=\"Hier geht\u00b4s zum 16 GB Stick\" href=\"http:\/\/www.emmerl.de\/shop\/de\/schnaeppchen\/usb-stick-16gb\">16GB<\/a>\u00a0oder\u00a0<a title=\"Hier geht\u00b4s zum 32 GB Stick\" href=\"http:\/\/www.emmerl.de\/shop\/de\/schnaeppchen\/usb-stick-32gb\">32GB<\/a>.<\/p>\n<p><a href=\"https:\/\/www.emmerl.de\/bos\/wp-content\/uploads\/2013\/01\/Feuerwehrstick-3.jpg\" data-rel=\"lightbox-image-2\" data-rl_title=\"\" data-rl_caption=\"\"><img loading=\"lazy\" decoding=\"async\" class=\"size-medium wp-image-1259 aligncenter\" title=\"\" src=\"https:\/\/www.emmerl.de\/bos\/wp-content\/uploads\/2013\/01\/Feuerwehrstick-3-300x203.jpg\" alt=\"USB-Stick in Form eines Feuerwehrautos\" width=\"300\" height=\"203\" srcset=\"https:\/\/www.emmerl.de\/bos\/wp-content\/uploads\/2013\/01\/Feuerwehrstick-3-300x203.jpg 300w, https:\/\/www.emmerl.de\/bos\/wp-content\/uploads\/2013\/01\/Feuerwehrstick-3-150x101.jpg 150w, https:\/\/www.emmerl.de\/bos\/wp-content\/uploads\/2013\/01\/Feuerwehrstick-3-250x169.jpg 250w, https:\/\/www.emmerl.de\/bos\/wp-content\/uploads\/2013\/01\/Feuerwehrstick-3.jpg 561w\" sizes=\"auto, (max-width: 300px) 100vw, 300px\" \/><\/a><\/p>\n<p style=\"text-align: justify;\">Mit diesem Feuerwehr USB-Stick kann die Feuerwehrfrau und der Feuerwehrmann auf das L\u00f6schen von Daten verzichten &#8211; und sich ganz auf das L\u00f6schen von Br\u00e4nden konzentrieren \ud83d\ude09<\/p>\n<p style=\"text-align: justify;\"><span style=\"color: #ffffff;\">.<\/span><\/p>\n<h3 style=\"text-align: center;\"><a href=\"http:\/\/www.emmerl.de\/shop\/de\/schnaeppchen\/usb-stick-16gb\">Hier geht\u00b4s zum 16 GB Stick<\/a>\u00a0\u00a0\u00a0 \u00a0&#8211;\u00a0\u00a0\u00a0 \u00a0<a href=\"http:\/\/www.emmerl.de\/shop\/de\/schnaeppchen\/usb-stick-32gb\">Hier geht\u00b4s zum 32 GB Stick<\/a><\/h3>","protected":false},"excerpt":{"rendered":"<p>USB-Stick in Form eines Feuerwehrautos &#8222;L\u00f6schen&#8220; nicht mehr n\u00f6tig Wir<a href=\"https:\/\/www.emmerl.de\/bos\/eigenentwicklungen\/feuerwehrstick\"> <strong>&#8230;<\/strong> <\/a><\/p>\n","protected":false},"author":5,"featured_media":0,"parent":53,"menu_order":5,"comment_status":"closed","ping_status":"closed","template":"","meta":{"_acf_changed":false,"footnotes":""},"class_list":["post-1249","page","type-page","status-publish","hentry"],"acf":[],"_links":{"self":[{"href":"https:\/\/www.emmerl.de\/bos\/wp-json\/wp\/v2\/pages\/1249","targetHints":{"allow":["GET"]}}],"collection":[{"href":"https:\/\/www.emmerl.de\/bos\/wp-json\/wp\/v2\/pages"}],"about":[{"href":"https:\/\/www.emmerl.de\/bos\/wp-json\/wp\/v2\/types\/page"}],"author":[{"embeddable":true,"href":"https:\/\/www.emmerl.de\/bos\/wp-json\/wp\/v2\/users\/5"}],"replies":[{"embeddable":true,"href":"https:\/\/www.emmerl.de\/bos\/wp-json\/wp\/v2\/comments?post=1249"}],"version-history":[{"count":61,"href":"https:\/\/www.emmerl.de\/bos\/wp-json\/wp\/v2\/pages\/1249\/revisions"}],"predecessor-version":[{"id":2034,"href":"https:\/\/www.emmerl.de\/bos\/wp-json\/wp\/v2\/pages\/1249\/revisions\/2034"}],"up":[{"embeddable":true,"href":"https:\/\/www.emmerl.de\/bos\/wp-json\/wp\/v2\/pages\/53"}],"wp:attachment":[{"href":"https:\/\/www.emmerl.de\/bos\/wp-json\/wp\/v2\/media?parent=1249"}],"curies":[{"name":"wp","href":"https:\/\/api.w.org\/{rel}","templated":true}]}}