{"id":1461,"date":"2013-02-28T13:35:00","date_gmt":"2013-02-28T13:35:00","guid":{"rendered":"http:\/\/www.emmerl.de\/bos\/?page_id=1461"},"modified":"2016-07-20T09:01:09","modified_gmt":"2016-07-20T09:01:09","slug":"quattro98s","status":"publish","type":"page","link":"https:\/\/www.emmerl.de\/bos\/meldeempfaenger\/analoge-meldeempfaenger\/quattros\/quattro98s","title":{"rendered":"Quattro 98S"},"content":{"rendered":"<h3>Reparatur Swissphone Quattro 98S<\/h3>\n<p>&nbsp;<\/p>\n<p style=\"text-align: justify;\"><a href=\"https:\/\/www.emmerl.de\/bos\/wp-content\/uploads\/2013\/02\/Quattro-98S-2.jpg\" data-rel=\"lightbox-image-0\" data-rl_title=\"\" data-rl_caption=\"\" title=\"\"><img loading=\"lazy\" decoding=\"async\" class=\"alignright size-medium wp-image-1442\" alt=\"Swissphone Quattro 98S\" src=\"https:\/\/www.emmerl.de\/bos\/wp-content\/uploads\/2013\/02\/Quattro-98S-2-211x300.jpg\" width=\"211\" height=\"300\" srcset=\"https:\/\/www.emmerl.de\/bos\/wp-content\/uploads\/2013\/02\/Quattro-98S-2-211x300.jpg 211w, https:\/\/www.emmerl.de\/bos\/wp-content\/uploads\/2013\/02\/Quattro-98S-2-105x150.jpg 105w, https:\/\/www.emmerl.de\/bos\/wp-content\/uploads\/2013\/02\/Quattro-98S-2-250x354.jpg 250w, https:\/\/www.emmerl.de\/bos\/wp-content\/uploads\/2013\/02\/Quattro-98S-2-150x212.jpg 150w, https:\/\/www.emmerl.de\/bos\/wp-content\/uploads\/2013\/02\/Quattro-98S-2.jpg 564w\" sizes=\"auto, (max-width: 211px) 100vw, 211px\" \/><\/a>Die professionelle Instandsetzung von Meldeempf\u00e4ngern und Funkger\u00e4ten f\u00fcr Feuerwehren und Rettungsdienste sowie andere Beh\u00f6rden und Organisationen mit Sicherheitsaufgaben <strong>BOS<\/strong> geh\u00f6rt von Anfang an zu unserem Kerngesch\u00e4ft.<\/p>\n<p style=\"text-align: justify;\">Wir reparieren Ihren defekten analogen Melder vom Typ Swissphone RE429 Quattro 98S zum g\u00fcnstigen Pauschalpreis. In nur drei Tagen haben Sie Ihren Funkwecker voll funktionsf\u00e4hig wieder zur\u00fcck. Unser Service f\u00fcr Ihren Piepser ist schnell, billig und unkompliziert.<\/p>\n<p style=\"text-align: justify;\"><span style=\"color: #000000;\">Dabei werden alle vorhandenen Defekte Ihres Taschenmeldeempf\u00e4ngers beseitigt, beispielsweise elektrische Fehler, Empfangsprobleme, Displaysch\u00e4den, Geh\u00e4usesch\u00e4den, kaputte Vibrationsmotoren, zu leise Lautsprecher, etc. Selbstverst\u00e4ndlich k\u00f6nnen wir Ihren Meldeempf\u00e4nger auch umprogrammieren. Bei einer Reparatur ist die zus\u00e4tzliche \u00c4nderung der Programmierung kostenlos.<\/span><\/p>\n<p style=\"text-align: justify;\">Folgende Typen von analogen 5-Ton Meldern der <strong><a title=\"Quattros\" href=\"https:\/\/www.emmerl.de\/bos\/quattros\">Swissphone Quattro Serie <\/a><\/strong>reparieren wir:<\/p>\n<p><strong><a title=\"Quattro 96\" href=\"http:\/\/www.quattro96.de\">Swissphone Quattro 96<\/a><\/strong><br \/>\n<a title=\"Quattro 96S\" href=\"https:\/\/www.emmerl.de\/bos\/quattros\/quattro96s\"><strong> Swissphone Quattro 96S<\/strong><\/a><br \/>\n<a title=\"Quattro 98\" href=\"http:\/\/www.quattro98.de\"><strong>Swissphone Quattro 98<\/strong><\/a><br \/>\n<a title=\"Quattro 98S\" href=\"https:\/\/www.emmerl.de\/bos\/quattros\/quattro98s\"><strong>Swissphone Quattro 98S<\/strong><\/a><br \/>\n<a title=\"Quattro M\" href=\"https:\/\/www.emmerl.de\/bos\/quattros\/quattrom\"><strong> Swissphone Quattro M<\/strong><\/a><br \/>\n<a title=\"Quattro XL\" href=\"http:\/\/www.quattroxl.de\"><strong> Swissphone Quattro XL<\/strong><\/a><br \/>\n<a title=\"Quattro XLS\" href=\"https:\/\/www.emmerl.de\/bos\/quattros\/quattroxls\"><strong> Swissphone Quattro XLS<\/strong><\/a><br \/>\n<a title=\"Quattro XL+\" href=\"https:\/\/www.emmerl.de\/bos\/quattros\/quattroxlplus\"><strong> Swissphone Quattro XL+<\/strong><\/a><br \/>\n<a title=\"Quattro XLS+\" href=\"https:\/\/www.emmerl.de\/bos\/quattros\/quattroxlsplus\"><strong> Swissphone Quattro XLS+<\/strong><\/a><br \/>\n<a title=\"Quattro Mi\" href=\"http:\/\/www.quattromi.de\"><strong> Swissphone Quattro Mi<\/strong><\/a><br \/>\n<a title=\"Quattro XLi\" href=\"http:\/\/www.quattroxli.de\"><strong> Swissphone Quattro XLi<\/strong><\/a><br \/>\n<span style=\"color: #000000;\"><strong><a title=\"Quattro XLSi\" href=\"http:\/\/www.quattroxlsi.de\"> Swissphone Quattro XLSi <\/a><\/strong><br \/>\n<\/span><\/p>\n<p style=\"text-align: justify;\"><span style=\"color: #000000;\">Klicken Sie einfach auf die Bezeichung des Melders um mehr Informationen \u00fcber das jeweilige Ger\u00e4t zu erhalten. Hier geht\u00b4s zur <a title=\"Quattros\" href=\"https:\/\/www.emmerl.de\/bos\/quattros\">\u00dcbersicht <\/a>\u00fcber die ganze <a title=\"Quattros\" href=\"https:\/\/www.emmerl.de\/bos\/quattros\">Swissphone Quattro-Serie.<\/a><\/span><\/p>\n<p style=\"text-align: justify;\"><span style=\"color: #ffffff;\">.<\/span><\/p>\n<h3 style=\"text-align: justify;\"><span style=\"color: #000000;\"><strong>Der Swissphone Quattro 98S hat folgende Leistungsmerkmale:<\/strong><\/span><\/h3>\n<p>&nbsp;<\/p>\n<p style=\"text-align: justify;\">Frequenzband: <span style=\"color: #000000;\"><strong>4m-Band BOS<\/strong><\/span><\/p>\n<p style=\"text-align: justify;\">Alarmierungsverfahren: <span style=\"color: #000000;\"><strong>5-Ton &#8211; analog<\/strong><\/span><\/p>\n<p style=\"text-align: justify;\">Rufnummern (Schleifen) max.: <span style=\"color: #000000;\"><strong>8<\/strong><\/span><\/p>\n<p style=\"text-align: justify;\">Rufnummenanzeige \u00fcber 4 Schleifenpfeilchen: <span style=\"color: #000000;\"><strong>ja<\/strong><\/span><\/p>\n<p style=\"text-align: justify;\">Rufnummernanzeige 3-stellig numerisch: <span style=\"color: #000000;\"><strong>ja<\/strong><\/span><\/p>\n<p style=\"text-align: justify;\">Mith\u00f6rfunktion programmierbar: <span style=\"color: #000000;\"><strong>ja<\/strong><\/span><\/p>\n<p style=\"text-align: justify;\">Sprachspeicher: <span style=\"color: #000000;\"><strong>60 Sekunden<\/strong><\/span><\/p>\n<p style=\"text-align: justify;\">Vibrationsmotor: <span style=\"color: #000000;\"><strong>ja<\/strong><\/span><\/p>\n<p style=\"text-align: justify;\">Alarmanzeige \u00fcber LED: <span style=\"color: #000000;\"><strong>ja<\/strong><\/span><\/p>\n<p style=\"text-align: justify;\">Schleifen schaltbar: <span style=\"color: #000000;\"><strong>ja<\/strong><\/span><\/p>\n<p style=\"text-align: justify;\">Profile programmierbar: <span style=\"color: #000000;\"><strong>nein<\/strong><\/span><\/p>\n<p style=\"text-align: justify;\"><span style=\"color: #ffffff;\">.<\/span><\/p>\n<p style=\"text-align: justify;\">Weitere Informationen \u00fcber diesen Meldeempf\u00e4nger finden Sie in der<\/p>\n<p style=\"text-align: justify;\"><a title=\"Hier geht\u00b4s zur Bedienungsanleitung\" href=\"http:\/\/www.emmerl.de\/bda\/bda_quattro_98.pdf\">Bedienungsanleitung f\u00fcr Swissphone Quattro 98 und Quattro 98S<\/a><\/p>\n<p style=\"text-align: justify;\"><span style=\"color: #ffffff;\">.<\/span><\/p>\n<p><a title=\"Reparaturformular f\u00fcr Meldeempf\u00e4nger\" href=\"http:\/\/www.emmerl.de\/Formulare\/Reparaturschein_Meldeempfaenger.pdf\">Reparaturschein f\u00fcr Meldeempf\u00e4nger<\/a><\/p>\n<p><a title=\"Reparaturpreisliste anfordern\" href=\"https:\/\/www.emmerl.de\/bos\/wir-ueber-uns\/kontakt\">Reparaturpreisliste anfordern<\/a><\/p>\n<p><a title=\"Kontaktadresse\" href=\"https:\/\/www.emmerl.de\/bos\/wir-ueber-uns\/kontakt\">Kontaktadresse<\/a><\/p>","protected":false},"excerpt":{"rendered":"<p>Reparatur Swissphone Quattro 98S &nbsp; Die professionelle Instandsetzung von Meldeempf\u00e4ngern<a href=\"https:\/\/www.emmerl.de\/bos\/meldeempfaenger\/analoge-meldeempfaenger\/quattros\/quattro98s\"> <strong>&#8230;<\/strong> <\/a><\/p>\n","protected":false},"author":5,"featured_media":0,"parent":1338,"menu_order":6,"comment_status":"closed","ping_status":"closed","template":"","meta":{"_acf_changed":false,"footnotes":""},"class_list":["post-1461","page","type-page","status-publish","hentry"],"acf":[],"_links":{"self":[{"href":"https:\/\/www.emmerl.de\/bos\/wp-json\/wp\/v2\/pages\/1461","targetHints":{"allow":["GET"]}}],"collection":[{"href":"https:\/\/www.emmerl.de\/bos\/wp-json\/wp\/v2\/pages"}],"about":[{"href":"https:\/\/www.emmerl.de\/bos\/wp-json\/wp\/v2\/types\/page"}],"author":[{"embeddable":true,"href":"https:\/\/www.emmerl.de\/bos\/wp-json\/wp\/v2\/users\/5"}],"replies":[{"embeddable":true,"href":"https:\/\/www.emmerl.de\/bos\/wp-json\/wp\/v2\/comments?post=1461"}],"version-history":[{"count":12,"href":"https:\/\/www.emmerl.de\/bos\/wp-json\/wp\/v2\/pages\/1461\/revisions"}],"predecessor-version":[{"id":1463,"href":"https:\/\/www.emmerl.de\/bos\/wp-json\/wp\/v2\/pages\/1461\/revisions\/1463"}],"up":[{"embeddable":true,"href":"https:\/\/www.emmerl.de\/bos\/wp-json\/wp\/v2\/pages\/1338"}],"wp:attachment":[{"href":"https:\/\/www.emmerl.de\/bos\/wp-json\/wp\/v2\/media?parent=1461"}],"curies":[{"name":"wp","href":"https:\/\/api.w.org\/{rel}","templated":true}]}}