{"id":1769,"date":"2013-08-01T11:58:42","date_gmt":"2013-08-01T11:58:42","guid":{"rendered":"http:\/\/www.emmerl.de\/bos\/?page_id=1769"},"modified":"2013-08-01T13:27:15","modified_gmt":"2013-08-01T13:27:15","slug":"skyfire2","status":"publish","type":"page","link":"https:\/\/www.emmerl.de\/bos\/reparaturservice\/reparatur-von-analogen-meldeempfaengern\/skyfire2","title":{"rendered":"Skyfire II"},"content":{"rendered":"<h3>Reparatur Motorola Skyfire II<\/h3>\n<p>&nbsp;<\/p>\n<p style=\"text-align: justify;\"><a href=\"https:\/\/www.emmerl.de\/bos\/wp-content\/uploads\/2012\/07\/Skyfire-II.jpg\" data-rel=\"lightbox-image-0\" data-rl_title=\"\" data-rl_caption=\"\" title=\"\"><img loading=\"lazy\" decoding=\"async\" class=\"alignright size-medium wp-image-529\" alt=\"Motorola Skyfire II\" src=\"https:\/\/www.emmerl.de\/bos\/wp-content\/uploads\/2012\/07\/Skyfire-II-207x300.jpg\" width=\"207\" height=\"300\" srcset=\"https:\/\/www.emmerl.de\/bos\/wp-content\/uploads\/2012\/07\/Skyfire-II-207x300.jpg 207w, https:\/\/www.emmerl.de\/bos\/wp-content\/uploads\/2012\/07\/Skyfire-II-103x150.jpg 103w, https:\/\/www.emmerl.de\/bos\/wp-content\/uploads\/2012\/07\/Skyfire-II-250x361.jpg 250w, https:\/\/www.emmerl.de\/bos\/wp-content\/uploads\/2012\/07\/Skyfire-II-150x216.jpg 150w, https:\/\/www.emmerl.de\/bos\/wp-content\/uploads\/2012\/07\/Skyfire-II.jpg 553w\" sizes=\"auto, (max-width: 207px) 100vw, 207px\" \/><\/a>Die professionelle Instandsetzung von Meldeempf\u00e4ngern und Funkger\u00e4ten f\u00fcr Feuerwehren und Rettungsdienste sowie andere Beh\u00f6rden und Organisationen mit Sicherheitsaufgaben <strong>BOS<\/strong> geh\u00f6rt von Anfang an zu unserem Kerngesch\u00e4ft.<\/p>\n<p style=\"text-align: justify;\">Wir reparieren Ihren defekten analogen Melder vom Typ Motorola Skyfire II zum g\u00fcnstigen Pauschalpreis. In nur drei Tagen haben Sie Ihren Funkwecker voll funktionsf\u00e4hig wieder zur\u00fcck. Unser Service f\u00fcr Ihren Piepser ist schnell, billig und unkompliziert.<\/p>\n<p style=\"text-align: justify;\"><span style=\"color: #000000;\">Dabei werden alle vorhandenen Defekte Ihres Taschenmeldeempf\u00e4ngers beseitigt, beispielsweise elektrische Fehler, Empfangsprobleme, Geh\u00e4usesch\u00e4den, kaputte Vibrationsmotoren, zu leise Lautsprecher, etc. Selbstverst\u00e4ndlich k\u00f6nnen wir Ihren Meldeempf\u00e4nger auch umprogrammieren. Bei einer Reparatur ist die zus\u00e4tzliche \u00c4nderung der Programmierung kostenlos.<\/span><\/p>\n<p style=\"text-align: justify;\"><span style=\"color: #ffffff;\">.<\/span><\/p>\n<h3 style=\"text-align: justify;\"><span style=\"color: #000000;\"><strong>Der\u00a0Motorola Skyfire II\u00a0hat folgende Leistungsmerkmale:<\/strong><\/span><\/h3>\n<p>&nbsp;<\/p>\n<p style=\"text-align: justify;\">Frequenzband: <span style=\"color: #000000;\"><strong>4m-Band BOS<\/strong><\/span><\/p>\n<p style=\"text-align: justify;\">Alarmierungsverfahren: <span style=\"color: #000000;\"><strong>5-Ton &#8211; analog<\/strong><\/span><\/p>\n<p style=\"text-align: justify;\">Rufnummern (Schleifen) max.: <span style=\"color: #000000;\"><strong>25<\/strong><\/span><\/p>\n<p style=\"text-align: justify;\">Rufnummenanzeige \u00fcber 4 Schleifenpfeilchen: <span style=\"color: #000000;\"><strong>nein<\/strong><\/span><\/p>\n<p style=\"text-align: justify;\">Rufnummernanzeige 3-stellig numerisch: <span style=\"color: #000000;\"><strong>nein<\/strong><\/span><\/p>\n<p style=\"text-align: justify;\">Mith\u00f6rfunktion programmierbar: <span style=\"color: #000000;\"><strong>ja<\/strong><\/span><\/p>\n<p style=\"text-align: justify;\">Sprachspeicher: <span style=\"color: #000000;\"><strong>30 Sekunden je Alarm<\/strong><\/span><\/p>\n<p style=\"text-align: justify;\">Vibrationsmotor: <span style=\"color: #000000;\"><strong>ja<\/strong><\/span><\/p>\n<p style=\"text-align: justify;\">Alarmanzeige \u00fcber LED: <span style=\"color: #000000;\"><strong>ja<\/strong><\/span><\/p>\n<p style=\"text-align: justify;\">Schleifen schaltbar: <span style=\"color: #000000;\"><strong>nein<\/strong><\/span><\/p>\n<p style=\"text-align: justify;\">Profile programmierbar: <span style=\"color: #000000;\"><strong>ja<\/strong><\/span><\/p>\n<p style=\"text-align: justify;\"><span style=\"color: #ffffff;\">.<\/span><\/p>\n<p style=\"text-align: justify;\">Weitere Informationen \u00fcber diesen Meldeempf\u00e4nger finden Sie in der<\/p>\n<p style=\"text-align: justify;\"><a title=\"Hier geht\u00b4s zur Bedienungsanleitung\" href=\"http:\/\/www.emmerl.de\/bda\/bda_sf2_neu.pdf\">Bedienungsanleitung f\u00fcr\u00a0Motorola Skyfire II &#8211; neue Ausf\u00fchrung<\/a><\/p>\n<p style=\"text-align: justify;\"><a title=\"Hier geht\u00b4s zur Bedienungsanleitung\" href=\"http:\/\/www.emmerl.de\/bda\/bda_sf2_alt.pdf\">Bedienungsanleitung f\u00fcr\u00a0Motorola Skyfire II &#8211; alte Ausf\u00fchrung<\/a><\/p>\n<p style=\"text-align: justify;\"><a title=\"Hier geht\u00b4s zur Bedienungsanleitung\" href=\"http:\/\/www.emmerl.de\/bda\/bda_sf2_lg.pdf\">Bedienungsanleitung\u00a0Ladeger\u00e4t\u00a0f\u00fcr\u00a0Motorola Skyfire II<\/a><\/p>\n<p style=\"text-align: justify;\"><a title=\"Hier geht\u00b4s zum Prospekt\" href=\"http:\/\/www.emmerl.de\/bda\/prospekt_sf2.pdf\">Prospekt Motorola Skyfire II<\/a><\/p>\n<p style=\"text-align: justify;\"><span style=\"color: #ffffff;\">.<\/span><\/p>\n<p><a title=\"Reparaturformular f\u00fcr Meldeempf\u00e4nger\" href=\"http:\/\/www.emmerl.de\/Formulare\/Reparaturschein_Meldeempfaenger.pdf\">Reparaturschein f\u00fcr Meldeempf\u00e4nger<\/a><\/p>\n<p><a title=\"Reparaturpreisliste anfordern\" href=\"https:\/\/www.emmerl.de\/bos\/wir-ueber-uns\/kontakt\">Reparaturpreisliste anfordern<\/a><\/p>\n<p><a title=\"Kontaktadresse\" href=\"https:\/\/www.emmerl.de\/bos\/wir-ueber-uns\/kontakt\">Kontaktadresse<\/a><\/p>","protected":false},"excerpt":{"rendered":"<p>Reparatur Motorola Skyfire II &nbsp; Die professionelle Instandsetzung von Meldeempf\u00e4ngern<a href=\"https:\/\/www.emmerl.de\/bos\/reparaturservice\/reparatur-von-analogen-meldeempfaengern\/skyfire2\"> <strong>&#8230;<\/strong> <\/a><\/p>\n","protected":false},"author":5,"featured_media":0,"parent":28,"menu_order":0,"comment_status":"closed","ping_status":"closed","template":"","meta":{"_acf_changed":false,"footnotes":""},"class_list":["post-1769","page","type-page","status-publish","hentry"],"acf":[],"_links":{"self":[{"href":"https:\/\/www.emmerl.de\/bos\/wp-json\/wp\/v2\/pages\/1769","targetHints":{"allow":["GET"]}}],"collection":[{"href":"https:\/\/www.emmerl.de\/bos\/wp-json\/wp\/v2\/pages"}],"about":[{"href":"https:\/\/www.emmerl.de\/bos\/wp-json\/wp\/v2\/types\/page"}],"author":[{"embeddable":true,"href":"https:\/\/www.emmerl.de\/bos\/wp-json\/wp\/v2\/users\/5"}],"replies":[{"embeddable":true,"href":"https:\/\/www.emmerl.de\/bos\/wp-json\/wp\/v2\/comments?post=1769"}],"version-history":[{"count":16,"href":"https:\/\/www.emmerl.de\/bos\/wp-json\/wp\/v2\/pages\/1769\/revisions"}],"predecessor-version":[{"id":1779,"href":"https:\/\/www.emmerl.de\/bos\/wp-json\/wp\/v2\/pages\/1769\/revisions\/1779"}],"up":[{"embeddable":true,"href":"https:\/\/www.emmerl.de\/bos\/wp-json\/wp\/v2\/pages\/28"}],"wp:attachment":[{"href":"https:\/\/www.emmerl.de\/bos\/wp-json\/wp\/v2\/media?parent=1769"}],"curies":[{"name":"wp","href":"https:\/\/api.w.org\/{rel}","templated":true}]}}