{"id":1928,"date":"2014-06-18T09:45:52","date_gmt":"2014-06-18T09:45:52","guid":{"rendered":"http:\/\/www.emmerl.de\/bos\/?page_id=1928"},"modified":"2024-02-08T14:08:31","modified_gmt":"2024-02-08T14:08:31","slug":"patron-plus-2","status":"publish","type":"page","link":"https:\/\/www.emmerl.de\/bos\/reparaturservice\/reparatur-von-digitalen-meldeempfaengern\/patron-plus-2","title":{"rendered":"Patron plus"},"content":{"rendered":"<h3>Reparatur Swissphone Patron plus FT<\/h3>\n<p style=\"text-align: justify;\"><a href=\"https:\/\/www.emmerl.de\/bos\/wp-content\/uploads\/2012\/08\/Patron-plus.jpg\" data-rel=\"lightbox-image-0\" data-rl_title=\"\" data-rl_caption=\"\" title=\"\"><img loading=\"lazy\" decoding=\"async\" class=\"alignright wp-image-589 size-medium\" src=\"https:\/\/www.emmerl.de\/bos\/wp-content\/uploads\/2012\/08\/Patron-plus-300x185.jpg\" alt=\"Swissphone Patron plus\" width=\"300\" height=\"185\" srcset=\"https:\/\/www.emmerl.de\/bos\/wp-content\/uploads\/2012\/08\/Patron-plus-300x185.jpg 300w, https:\/\/www.emmerl.de\/bos\/wp-content\/uploads\/2012\/08\/Patron-plus-150x92.jpg 150w, https:\/\/www.emmerl.de\/bos\/wp-content\/uploads\/2012\/08\/Patron-plus-250x154.jpg 250w, https:\/\/www.emmerl.de\/bos\/wp-content\/uploads\/2012\/08\/Patron-plus.jpg 800w\" sizes=\"auto, (max-width: 300px) 100vw, 300px\" \/><\/a>Die professionelle Instandsetzung von Meldeempf\u00e4ngern und Funkger\u00e4ten f\u00fcr Feuerwehren und Rettungsdienste sowie andere Beh\u00f6rden und Organisationen mit Sicherheits- aufgaben <strong>BOS<\/strong> geh\u00f6rt seit langem zu unserem Kerngesch\u00e4ft.<\/p>\n<p style=\"text-align: justify;\">Wir reparieren Ihren defekten digitalen Melder vom Typ Swissphone Patron plus\u00a0zum g\u00fcnstigen Pauschalpreis. In nur drei Tagen haben Sie Ihren Funkwecker voll funktionsf\u00e4hig wieder zur\u00fcck. Unser Service f\u00fcr Ihren Piepser ist schnell, billig und unkompliziert.<\/p>\n<p style=\"text-align: justify;\"><span style=\"color: #000000;\">Dabei werden alle vorhandenen Defekte Ihres Taschenmeldeempf\u00e4ngers beseitigt, beispielsweise elektrische Fehler, Empfangsprobleme, Geh\u00e4usesch\u00e4den, kaputte Vibrationsmotoren, zu leise Lautsprecher, etc. Lediglich die Reparatur des Displays ist beim\u00a0Patron plus mangels Ersatzteilen nicht mehr m\u00f6glich. Selbstverst\u00e4ndlich k\u00f6nnen wir Ihren Meldeempf\u00e4nger auch umprogrammieren. Bei einer Reparatur ist die zus\u00e4tzliche \u00c4nderung der Programmierung kostenlos.<\/span><\/p>\n<p style=\"text-align: justify;\">Folgende Typen von digitalen POCSAG Meldern reparieren wir:<\/p>\n<p style=\"text-align: justify;\"><strong><a title=\"s.QUAD X15\" href=\"https:\/\/www.emmerl.de\/bos\/reparaturservice\/reparatur-von-digitalen-meldeempfaengern\/squad-x15\">Swissphone s.QUAD X15<\/a><br \/>\n<a title=\"s.QUAD X35\" href=\"https:\/\/www.emmerl.de\/bos\/reparaturservice\/reparatur-von-digitalen-meldeempfaengern\/squad-x35\">Swissphone s.QUAD X35<\/a><\/strong><\/p>\n<p><strong><a title=\"s.QUAD C35\" href=\"https:\/\/www.emmerl.de\/bos\/reparaturservice\/reparatur-von-digitalen-meldeempfaengern\/s-quad-c35\">Swissphone s.QUAD C35<\/a><\/strong><br \/>\n<strong><a title=\"s.QUAD C45\" href=\"https:\/\/www.emmerl.de\/bos\/reparaturservice\/reparatur-von-digitalen-meldeempfaengern\/s-quad-c45\">Swissphone s.QUAD C45<\/a><\/strong><\/p>\n<p style=\"text-align: justify;\"><strong><a title=\"BOSS 900\" href=\"http:\/\/www.boss900.de\">Swissphone BOSS 900<\/a><\/strong><br \/>\n<a title=\"BOSS 910\" href=\"http:\/\/www.boss910.de\"><strong> Swissphone BOSS 910<\/strong><\/a><br \/>\n<a title=\"BOSS 915\" href=\"http:\/\/www.boss915.de\"><strong> Swissphone BOSS 915<\/strong><\/a><br \/>\n<a title=\"BOSS 920\" href=\"http:\/\/www.boss920.de\"><strong> Swissphone BOSS 920<\/strong><\/a><br \/>\n<a title=\"BOSS 925\" href=\"http:\/\/www.boss925.de\"><strong> Swissphone BOSS 925<\/strong><\/a><br \/>\n<a title=\"BOSS 935\" href=\"http:\/\/www.boss935.de\"><strong> Swissphone BOSS 935<\/strong><\/a><\/p>\n<p><a title=\"RES.Q\" href=\"https:\/\/www.emmerl.de\/bos\/reparaturservice\/reparatur-von-digitalen-meldeempfaengern\/res-q\"><strong>Swissphone RES.Q<\/strong><\/a><\/p>\n<p style=\"text-align: justify;\"><a title=\"Hurricane voice\" href=\"https:\/\/www.emmerl.de\/bos\/reparaturservice\/reparatur-von-digitalen-meldeempfaengern\/hurricane-voice-2\"><strong>Swissphone Hurricane voice<\/strong><\/a><br \/>\n<a title=\"Hurricane DUO\" href=\"https:\/\/www.emmerl.de\/bos\/reparaturservice\/reparatur-von-digitalen-meldeempfaengern\/hurricane-duo-2\"><strong> Swissphone Hurricane DUO<\/strong><\/a><\/p>\n<p style=\"text-align: justify;\"><a title=\"Patron plus\" href=\"https:\/\/www.emmerl.de\/bos\/patron-plus\"><strong>Swissphone Patron plus<\/strong><\/a><br \/>\n<a title=\"Patron pro\" href=\"https:\/\/www.emmerl.de\/bos\/patron-pro\"><strong> Swissphone Patron pro<\/strong><\/a><\/p>\n<p style=\"text-align: justify;\"><a title=\"Motorola LX2 plus\" href=\"https:\/\/www.emmerl.de\/bos\/lx2-plus\"><strong>Motorola LX 2<\/strong><\/a><br \/>\n<a title=\"Motorola LX4 plus\" href=\"https:\/\/www.emmerl.de\/bos\/lx4-plus\"><strong> Motorola LX4<\/strong><\/a><\/p>\n<p style=\"text-align: justify;\"><strong>Motorola Firestorm II<\/strong><br \/>\n<strong> Motorola Firestorm III<\/strong><\/p>\n<p style=\"text-align: justify;\"><a title=\"Oelmann LX2 Synthesizer\" href=\"https:\/\/www.emmerl.de\/bos\/lx2-synthesizer\"><strong>Oelmann LX2<\/strong><\/a><br \/>\n<a title=\"Oelmann LX4 Synthesizer\" href=\"https:\/\/www.emmerl.de\/bos\/lx4-synthesizer\"><strong> Oelmann LX4<\/strong><\/a><br \/>\n<a title=\"Oelmann LX7 Synthesizer\" href=\"https:\/\/www.emmerl.de\/bos\/reparaturservice\/reparatur-von-digitalen-meldeempfaengern\/lx7\"><strong>Oelmann LX7<\/strong><\/a><\/p>\n<p style=\"text-align: justify;\"><span style=\"color: #000000;\">Klicken Sie einfach auf die Bezeichnung des Melders um mehr Informationen \u00fcber das jeweilige Ger\u00e4t zu erhalten. Hier geht\u00b4s zur \u00dcbersicht \u00fcber die <a title=\"Reparatur von digitalen Meldeempf\u00e4ngern\" href=\"https:\/\/www.emmerl.de\/bos\/reparaturservice\/reparatur-von-digitalen-meldeempfaengern\">digitalen Meldeempf\u00e4nger.<\/a><\/span><\/p>\n<p style=\"text-align: justify;\"><span style=\"color: #ffffff;\">.<\/span><\/p>\n<h3 style=\"text-align: justify;\"><span style=\"color: #000000;\"><strong>Der Swissphone Patron plus hat folgende Leistungsmerkmale:<\/strong><\/span><\/h3>\n<p>&nbsp;<\/p>\n<p style=\"text-align: justify;\">Frequenzband: <span style=\"color: #000000;\"><strong>2m-Band BOS<\/strong><\/span><\/p>\n<p style=\"text-align: justify;\">Empfangsfrequenzaufbereitung: <strong><span style=\"color: #000000;\">Kanalquarz<\/span><\/strong><\/p>\n<p style=\"text-align: justify;\">Alarmierungsverfahren: <span style=\"color: #000000;\"><strong>POCSAG &#8211; digital<\/strong><\/span><\/p>\n<p style=\"text-align: justify;\">Rufnummern (RICs) max.: <span style=\"color: #000000;\"><strong>32 mit je 4 Subadressen <\/strong>(=\u00a0128 Schleifen)<\/span><\/p>\n<p style=\"text-align: justify;\">Display: <span style=\"color: #000000;\"><strong>4\u00a0Zeilig, beleuchtet<\/strong><\/span><\/p>\n<p style=\"text-align: justify;\">Anzeige von Fixtexten:<span style=\"color: #000000;\"> <strong>ja<\/strong><\/span><\/p>\n<p style=\"text-align: justify;\">Anzeige von \u00fcbertragenen Texten: <span style=\"color: #000000;\"><strong>ja<\/strong><\/span><\/p>\n<p style=\"text-align: justify;\">Express-Alarmierung m\u00f6glich: <span style=\"color: #000000;\"><strong>nein<\/strong><\/span><\/p>\n<p style=\"text-align: justify;\">Nutzerprofile: <span style=\"color: #000000;\"><strong>nein<\/strong><\/span><\/p>\n<p style=\"text-align: justify;\">Alarmspeicher: <span style=\"color: #000000;\"><strong>ja<\/strong><\/span><\/p>\n<p style=\"text-align: justify;\">Vibrationsmotor: <span style=\"color: #000000;\"><strong>ja<\/strong><\/span><\/p>\n<p style=\"text-align: justify;\"><span style=\"color: #ffffff;\">.<\/span><\/p>\n<p style=\"text-align: justify;\">Weitere Informationen \u00fcber diesen Meldeempf\u00e4nger finden Sie hier:<\/p>\n<p style=\"text-align: justify;\"><a title=\"Bedienungsanleitung Patron plus\" href=\"http:\/\/www.emmerl.de\/bda\/bda_patron.pdf\">Bedienungsanleitung f\u00fcr Swissphone Patron plus<\/a><\/p>\n<p style=\"text-align: justify;\"><span style=\"color: #ffffff;\">.<\/span><\/p>\n<p><a title=\"Reparaturformular f\u00fcr Meldeempf\u00e4nger\" href=\"http:\/\/www.emmerl.de\/Formulare\/Reparaturschein_Meldeempfaenger.pdf\">Reparaturschein f\u00fcr Meldeempf\u00e4nger<\/a><\/p>\n<p><a title=\"Reparaturpreisliste anfordern\" href=\"https:\/\/www.emmerl.de\/bos\/wir-ueber-uns\/kontakt\">Reparaturpreisliste anfordern<\/a><\/p>\n<p><a title=\"Kontaktadresse\" href=\"https:\/\/www.emmerl.de\/bos\/wir-ueber-uns\/kontakt\">Kontaktadresse<\/a><\/p>","protected":false},"excerpt":{"rendered":"<p>Reparatur Swissphone Patron plus FT Die professionelle Instandsetzung von Meldeempf\u00e4ngern<a href=\"https:\/\/www.emmerl.de\/bos\/reparaturservice\/reparatur-von-digitalen-meldeempfaengern\/patron-plus-2\"> <strong>&#8230;<\/strong> <\/a><\/p>\n","protected":false},"author":5,"featured_media":0,"parent":30,"menu_order":11,"comment_status":"closed","ping_status":"closed","template":"","meta":{"_acf_changed":false,"footnotes":""},"class_list":["post-1928","page","type-page","status-publish","hentry"],"acf":[],"_links":{"self":[{"href":"https:\/\/www.emmerl.de\/bos\/wp-json\/wp\/v2\/pages\/1928","targetHints":{"allow":["GET"]}}],"collection":[{"href":"https:\/\/www.emmerl.de\/bos\/wp-json\/wp\/v2\/pages"}],"about":[{"href":"https:\/\/www.emmerl.de\/bos\/wp-json\/wp\/v2\/types\/page"}],"author":[{"embeddable":true,"href":"https:\/\/www.emmerl.de\/bos\/wp-json\/wp\/v2\/users\/5"}],"replies":[{"embeddable":true,"href":"https:\/\/www.emmerl.de\/bos\/wp-json\/wp\/v2\/comments?post=1928"}],"version-history":[{"count":18,"href":"https:\/\/www.emmerl.de\/bos\/wp-json\/wp\/v2\/pages\/1928\/revisions"}],"predecessor-version":[{"id":3027,"href":"https:\/\/www.emmerl.de\/bos\/wp-json\/wp\/v2\/pages\/1928\/revisions\/3027"}],"up":[{"embeddable":true,"href":"https:\/\/www.emmerl.de\/bos\/wp-json\/wp\/v2\/pages\/30"}],"wp:attachment":[{"href":"https:\/\/www.emmerl.de\/bos\/wp-json\/wp\/v2\/media?parent=1928"}],"curies":[{"name":"wp","href":"https:\/\/api.w.org\/{rel}","templated":true}]}}