{"id":2040,"date":"2016-01-04T10:01:29","date_gmt":"2016-01-04T10:01:29","guid":{"rendered":"http:\/\/www.emmerl.de\/bos\/?page_id=2040"},"modified":"2019-09-25T05:43:58","modified_gmt":"2019-09-25T05:43:58","slug":"repeaterstativ","status":"publish","type":"page","link":"https:\/\/www.emmerl.de\/bos\/eigenentwicklungen\/repeaterstativ","title":{"rendered":"Repeaterstativ"},"content":{"rendered":"<p><a href=\"https:\/\/www.emmerl.de\/bos\/wp-content\/uploads\/2016\/03\/repeaterstativ-01.jpg\" data-rel=\"lightbox-image-0\" data-rl_title=\"\" data-rl_caption=\"\" title=\"\"><img loading=\"lazy\" decoding=\"async\" class=\"wp-image-2206 alignright\" src=\"https:\/\/www.emmerl.de\/bos\/wp-content\/uploads\/2016\/03\/repeaterstativ-01.jpg\" alt=\"Repeaterstativ RS-16\" width=\"178\" height=\"354\" srcset=\"https:\/\/www.emmerl.de\/bos\/wp-content\/uploads\/2016\/03\/repeaterstativ-01.jpg 403w, https:\/\/www.emmerl.de\/bos\/wp-content\/uploads\/2016\/03\/repeaterstativ-01-76x150.jpg 76w, https:\/\/www.emmerl.de\/bos\/wp-content\/uploads\/2016\/03\/repeaterstativ-01-151x300.jpg 151w, https:\/\/www.emmerl.de\/bos\/wp-content\/uploads\/2016\/03\/repeaterstativ-01-250x496.jpg 250w, https:\/\/www.emmerl.de\/bos\/wp-content\/uploads\/2016\/03\/repeaterstativ-01-150x298.jpg 150w\" sizes=\"auto, (max-width: 178px) 100vw, 178px\" \/><\/a><\/p>\n<h1 style=\"text-align: center;\">REPEATER-STATIV<\/h1>\n<p style=\"text-align: justify;\">Die Funktion &#8222;<strong>REPEATER<\/strong>&#8220; der digitalen Handsprech-funkger\u00e4te (HRTs) er\u00f6ffnet ganz neue M\u00f6glichkeiten bei Eins\u00e4tzen und \u00dcbungen. Sie k\u00f6nnen damit die Reichweite Ihrer Tetra-Digitalfunkger\u00e4te im Direktmodus (DMO) ann\u00e4hernd verdoppeln.<\/p>\n<p style=\"text-align: justify;\">Um diese Funktion optimal nutzen zu k\u00f6nnen, ist ein <strong>geeigneter Standort<\/strong> Ihres Repeater-Funkger\u00e4tes <strong>\u00e4u\u00dferst wichtig<\/strong>.<\/p>\n<h3 style=\"text-align: justify;\"><span style=\"color: #339966;\"><strong>H\u00f6here Positionierung = Bessere Funkverbindung!<\/strong><\/span><\/h3>\n<p style=\"text-align: justify;\"><span style=\"color: #ffffff;\">.<\/span><\/p>\n<p style=\"text-align: justify;\">Die L\u00f6sung: das<\/p>\n<h1 style=\"text-align: center;\">REPEATERSTATIV RS-16<\/h1>\n<h2><span style=\"color: #ffffff;\">.<\/span><span style=\"color: #ffffff;\">.<\/span><br \/>\n<span style=\"color: #ffffff;\">.<\/span><span style=\"color: #800000; text-decoration: underline;\"><strong>Anwendungsbeispiele<\/strong><\/span><\/h2>\n<p><span style=\"color: #800000;\"><strong><span style=\"color: #ffffff;\">.<\/span><\/strong><\/span><\/p>\n<p><span style=\"color: #800000;\"><strong><a href=\"https:\/\/www.emmerl.de\/bos\/wp-content\/uploads\/2016\/02\/repeaterstativ-thl.jpg\" data-rel=\"lightbox-image-1\" data-rl_title=\"\" data-rl_caption=\"\" title=\"\"><img loading=\"lazy\" decoding=\"async\" class=\"alignright wp-image-2103\" src=\"https:\/\/www.emmerl.de\/bos\/wp-content\/uploads\/2016\/02\/repeaterstativ-thl.jpg\" alt=\"repeaterstativ-thl\" width=\"300\" height=\"200\" srcset=\"https:\/\/www.emmerl.de\/bos\/wp-content\/uploads\/2016\/02\/repeaterstativ-thl.jpg 1200w, https:\/\/www.emmerl.de\/bos\/wp-content\/uploads\/2016\/02\/repeaterstativ-thl-150x100.jpg 150w, https:\/\/www.emmerl.de\/bos\/wp-content\/uploads\/2016\/02\/repeaterstativ-thl-300x200.jpg 300w, https:\/\/www.emmerl.de\/bos\/wp-content\/uploads\/2016\/02\/repeaterstativ-thl-768x512.jpg 768w, https:\/\/www.emmerl.de\/bos\/wp-content\/uploads\/2016\/02\/repeaterstativ-thl-1024x683.jpg 1024w, https:\/\/www.emmerl.de\/bos\/wp-content\/uploads\/2016\/02\/repeaterstativ-thl-250x167.jpg 250w\" sizes=\"auto, (max-width: 300px) 100vw, 300px\" \/><\/a>Einsatz Verkehrsregelung:<\/strong><\/span><\/p>\n<p style=\"text-align: justify;\">Sehr gut einsetzbar ist das Repeaterstativ bei Verkehrsregelungen. Ist hierbei gel\u00e4ndebedingt die direkte Funkverbindung schwierig, so schafft der Einsatz eines Repeaters an erh\u00f6hter Position sichere Funkverh\u00e4ltinsse.<\/p>\n<p style=\"text-align: justify;\"><span style=\"color: #ffffff;\">.<\/span><\/p>\n<p style=\"text-align: justify;\"><span style=\"color: #ffffff;\">.<\/span><\/p>\n<p><span style=\"color: #800000;\"><strong><span style=\"color: #800000;\"><a href=\"https:\/\/www.emmerl.de\/bos\/wp-content\/uploads\/2016\/02\/repeaterstativ-innenangriff.jpg\" data-rel=\"lightbox-image-2\" data-rl_title=\"\" data-rl_caption=\"\" title=\"\"><img loading=\"lazy\" decoding=\"async\" class=\"alignright wp-image-2102\" src=\"https:\/\/www.emmerl.de\/bos\/wp-content\/uploads\/2016\/02\/repeaterstativ-innenangriff.jpg\" alt=\"repeaterstativ-innenangriff\" width=\"300\" height=\"200\" srcset=\"https:\/\/www.emmerl.de\/bos\/wp-content\/uploads\/2016\/02\/repeaterstativ-innenangriff.jpg 1200w, https:\/\/www.emmerl.de\/bos\/wp-content\/uploads\/2016\/02\/repeaterstativ-innenangriff-150x100.jpg 150w, https:\/\/www.emmerl.de\/bos\/wp-content\/uploads\/2016\/02\/repeaterstativ-innenangriff-300x200.jpg 300w, https:\/\/www.emmerl.de\/bos\/wp-content\/uploads\/2016\/02\/repeaterstativ-innenangriff-768x512.jpg 768w, https:\/\/www.emmerl.de\/bos\/wp-content\/uploads\/2016\/02\/repeaterstativ-innenangriff-1024x683.jpg 1024w, https:\/\/www.emmerl.de\/bos\/wp-content\/uploads\/2016\/02\/repeaterstativ-innenangriff-250x167.jpg 250w\" sizes=\"auto, (max-width: 300px) 100vw, 300px\" \/><\/a>Innenangriff mit Atemschutz:<\/span><\/strong><\/span><\/p>\n<p style=\"text-align: justify;\">Bei Eins\u00e4tzen im Inneren von Geb\u00e4uden unter Atemschutz platziert man an\u00a0einem geeigneten Ort vor oder im Objekt einen Repeater auf dem Repeaterstativ. Dadurch ist die st\u00e4ndige Erreichbarkeit der Angriffstrupps durch die Atemschutz-\u00fcberwachung sichergestellt.<\/p>\n<p style=\"text-align: justify;\"><span style=\"color: #ffffff;\">.<\/span><\/p>\n<p style=\"text-align: justify;\"><span style=\"color: #ffffff;\">.<\/span><\/p>\n<p style=\"text-align: justify;\"><span style=\"color: #800000;\"><strong><a href=\"https:\/\/www.emmerl.de\/bos\/wp-content\/uploads\/2016\/02\/repeaterstativ-wald.jpg\" data-rel=\"lightbox-image-3\" data-rl_title=\"\" data-rl_caption=\"\" title=\"\"><img loading=\"lazy\" decoding=\"async\" class=\"alignright wp-image-2101\" src=\"https:\/\/www.emmerl.de\/bos\/wp-content\/uploads\/2016\/02\/repeaterstativ-wald.jpg\" alt=\"repeaterstativ-wald\" width=\"300\" height=\"200\" srcset=\"https:\/\/www.emmerl.de\/bos\/wp-content\/uploads\/2016\/02\/repeaterstativ-wald.jpg 1200w, https:\/\/www.emmerl.de\/bos\/wp-content\/uploads\/2016\/02\/repeaterstativ-wald-150x100.jpg 150w, https:\/\/www.emmerl.de\/bos\/wp-content\/uploads\/2016\/02\/repeaterstativ-wald-300x200.jpg 300w, https:\/\/www.emmerl.de\/bos\/wp-content\/uploads\/2016\/02\/repeaterstativ-wald-768x512.jpg 768w, https:\/\/www.emmerl.de\/bos\/wp-content\/uploads\/2016\/02\/repeaterstativ-wald-1024x683.jpg 1024w, https:\/\/www.emmerl.de\/bos\/wp-content\/uploads\/2016\/02\/repeaterstativ-wald-250x167.jpg 250w\" sizes=\"auto, (max-width: 300px) 100vw, 300px\" \/><\/a>Einsatz in Waldgebieten:<\/strong><\/span><\/p>\n<p style=\"text-align: justify;\">Bei Such- wie auch bei Brandeins\u00e4tzen im Wald erweitert der Einsatz eines Repeaters auf dem Stativ\u00a0den Aktionsradius der Einsatzkr\u00e4fte erheblich. Die abgedeckte Fl\u00e4che vergr\u00f6\u00dfert sich dadurch auf das 4-fache.<\/p>\n<p>&nbsp;<\/p>\n<p style=\"text-align: justify;\"><span style=\"color: #ffffff;\">.<\/span><\/p>\n<p>&nbsp;<\/p>\n<p><a href=\"https:\/\/www.emmerl.de\/bos\/wp-content\/uploads\/2016\/03\/repeaterstativ-02.jpg\" data-rel=\"lightbox-image-4\" data-rl_title=\"\" data-rl_caption=\"\" title=\"\"><img loading=\"lazy\" decoding=\"async\" class=\"alignright wp-image-2207 \" src=\"https:\/\/www.emmerl.de\/bos\/wp-content\/uploads\/2016\/03\/repeaterstativ-02.jpg\" alt=\"Repeaterstativ RS-16\" width=\"163\" height=\"492\" srcset=\"https:\/\/www.emmerl.de\/bos\/wp-content\/uploads\/2016\/03\/repeaterstativ-02.jpg 265w, https:\/\/www.emmerl.de\/bos\/wp-content\/uploads\/2016\/03\/repeaterstativ-02-50x150.jpg 50w, https:\/\/www.emmerl.de\/bos\/wp-content\/uploads\/2016\/03\/repeaterstativ-02-99x300.jpg 99w, https:\/\/www.emmerl.de\/bos\/wp-content\/uploads\/2016\/03\/repeaterstativ-02-250x755.jpg 250w, https:\/\/www.emmerl.de\/bos\/wp-content\/uploads\/2016\/03\/repeaterstativ-02-150x453.jpg 150w\" sizes=\"auto, (max-width: 163px) 100vw, 163px\" \/><\/a><\/p>\n<p style=\"text-align: justify;\"><span style=\"color: #800000;\"><strong>Vorteile beim Einsatz des Repeaterstativs RS-16<\/strong><\/span><\/p>\n<ul>\n<li>Optimales Abstrahlen und Empfangen der Tetra-Funkwellen durch erh\u00f6hten Standort.<\/li>\n<li>Sehr gute Sichtbarkeit des Repeaters bei Tag und bei Nacht.<\/li>\n<li>Beklebung mit hochwertiger retroreflektierender 3M-Folie, klassifiziert nach UN ECE 104.<\/li>\n<li>Stufenlos ausziehbar von 1,5 m bis 2,95 m Gesamth\u00f6he.<\/li>\n<li>keine Funkabschirmung durch anwesende Personen, PKWs, herumstehende Gegenst\u00e4nde, Str\u00e4ucher, etc.<\/li>\n<li>mit Regenabdeckung (Spritzwasserschutz f\u00fcr Funkger\u00e4t).<\/li>\n<li>mit abnehmbarem Blinklicht (Magnethalterung) &#8211;<br \/>\n9 verschiedene Blink- und Leuchtmodi schaltbar.<\/li>\n<li>mit optimierter Umh\u00e4nge-Transporttasche &#8211;\u00a0Sie haben beide H\u00e4nde frei.<\/li>\n<li>Einfacher Aufbau auch ohne Anleitung.<\/li>\n<\/ul>\n<p><a href=\"https:\/\/www.emmerl.de\/bos\/wp-content\/uploads\/2016\/03\/repeaterstativ-03.jpg\" data-rel=\"lightbox-image-5\" data-rl_title=\"\" data-rl_caption=\"\" title=\"\"><img loading=\"lazy\" decoding=\"async\" class=\"alignleft wp-image-2203 \" src=\"https:\/\/www.emmerl.de\/bos\/wp-content\/uploads\/2016\/03\/repeaterstativ-03.jpg\" alt=\"Repeaterstativ RS-16\" width=\"65\" height=\"253\" srcset=\"https:\/\/www.emmerl.de\/bos\/wp-content\/uploads\/2016\/03\/repeaterstativ-03.jpg 206w, https:\/\/www.emmerl.de\/bos\/wp-content\/uploads\/2016\/03\/repeaterstativ-03-77x300.jpg 77w, https:\/\/www.emmerl.de\/bos\/wp-content\/uploads\/2016\/03\/repeaterstativ-03-150x583.jpg 150w\" sizes=\"auto, (max-width: 65px) 100vw, 65px\" \/><\/a><\/p>\n<p><span style=\"color: #ffffff;\">.<\/span><\/p>\n<p><span style=\"color: #ffffff;\">.<\/span><\/p>\n<p><span style=\"color: #800000;\"><strong>Lieferumfang<\/strong><\/span><\/p>\n<p>&gt; Funkger\u00e4tek\u00f6cher (ohne Funkger\u00e4t)<\/p>\n<p>&gt; Dreibeinstativ mit stufenloser H\u00f6henverstellung<\/p>\n<p>&gt; Regenabdeckung<\/p>\n<p>&gt; Blinklicht mit Batterien<\/p>\n<p>&gt; Transporttasche mit Beschriftung<\/p>\n<p><span style=\"color: #ffffff;\">.<\/span><\/p>\n<p><a href=\"https:\/\/www.emmerl.de\/bos\/wp-content\/uploads\/2016\/03\/repeaterstativ-04.jpg\" data-rel=\"lightbox-image-6\" data-rl_title=\"\" data-rl_caption=\"\" title=\"\"><img loading=\"lazy\" decoding=\"async\" class=\"alignright wp-image-2204 \" src=\"https:\/\/www.emmerl.de\/bos\/wp-content\/uploads\/2016\/03\/repeaterstativ-04.jpg\" alt=\"Repeaterstativ RS-16\" width=\"62\" height=\"279\" srcset=\"https:\/\/www.emmerl.de\/bos\/wp-content\/uploads\/2016\/03\/repeaterstativ-04.jpg 178w, https:\/\/www.emmerl.de\/bos\/wp-content\/uploads\/2016\/03\/repeaterstativ-04-33x150.jpg 33w, https:\/\/www.emmerl.de\/bos\/wp-content\/uploads\/2016\/03\/repeaterstativ-04-67x300.jpg 67w, https:\/\/www.emmerl.de\/bos\/wp-content\/uploads\/2016\/03\/repeaterstativ-04-150x674.jpg 150w\" sizes=\"auto, (max-width: 62px) 100vw, 62px\" \/><\/a><\/p>\n<p><span style=\"color: #ffffff;\">.<\/span><\/p>\n<p><span style=\"color: #800000;\"><strong>Technische Daten<\/strong><\/span><\/p>\n<ul>\n<li>Transportl\u00e4nge: 99 cm<\/li>\n<li>Transportdurchmesser: 20 cm<\/li>\n<li>H\u00f6he inklusive Regenabdeckung und Blinklicht: 150 bis 295 cm<\/li>\n<li>Gesamtgewicht (ohne Funkger\u00e4t): 2,75 kg<\/li>\n<li>Bestellnummer: NTE1730<\/li>\n<\/ul>\n<p><a href=\"https:\/\/www.emmerl.de\/bos\/wp-content\/uploads\/2016\/03\/repeaterstativ-tasche.jpg\" data-rel=\"lightbox-image-7\" data-rl_title=\"\" data-rl_caption=\"\" title=\"\"><img loading=\"lazy\" decoding=\"async\" class=\"alignleft wp-image-2205 \" src=\"https:\/\/www.emmerl.de\/bos\/wp-content\/uploads\/2016\/03\/repeaterstativ-tasche.jpg\" alt=\"Repeaterstativ RS-16\" width=\"409\" height=\"87\" srcset=\"https:\/\/www.emmerl.de\/bos\/wp-content\/uploads\/2016\/03\/repeaterstativ-tasche.jpg 1200w, https:\/\/www.emmerl.de\/bos\/wp-content\/uploads\/2016\/03\/repeaterstativ-tasche-150x32.jpg 150w, https:\/\/www.emmerl.de\/bos\/wp-content\/uploads\/2016\/03\/repeaterstativ-tasche-300x64.jpg 300w, https:\/\/www.emmerl.de\/bos\/wp-content\/uploads\/2016\/03\/repeaterstativ-tasche-768x163.jpg 768w, https:\/\/www.emmerl.de\/bos\/wp-content\/uploads\/2016\/03\/repeaterstativ-tasche-1024x218.jpg 1024w, https:\/\/www.emmerl.de\/bos\/wp-content\/uploads\/2016\/03\/repeaterstativ-tasche-250x53.jpg 250w\" sizes=\"auto, (max-width: 409px) 100vw, 409px\" \/><\/a><span style=\"color: #ffffff;\">.<\/span><\/p>\n<p><span style=\"color: #ffffff;\">.<\/span><\/p>\n<p><span style=\"color: #ffffff;\">.<\/span><\/p>\n<p><span style=\"color: #ffffff;\">.<\/span><\/p>\n<p><span style=\"color: #ffffff;\">.<\/span><\/p>\n<p><strong>Ein Erfahrungsbericht der <a href=\"http:\/\/www.feuerwehr-parkstetten.de\/node\/1668\" target=\"_blank\" rel=\"noopener noreferrer\">Feuerwehr Parkstetten<\/a><\/strong><\/p>\n<p><strong>Zum <a href=\"http:\/\/www.emmerl.de\/Formulare\/Repeaterstativ-Flyer.pdf\">Digitalfunk-Stativ-Flyer<\/a><\/strong><\/p>\n<p><strong>Zur <a href=\"http:\/\/www.emmerl.de\/Formulare\/Repeaterstativ-BDA.pdf\">Bedienungsanleitung<\/a><\/strong><\/p>\n<p><strong>Zur <a href=\"https:\/\/www.emmerl.de\/shop\/de\/digitalfunk-tetra\/sonstiges\/repeaterstativ\">Bestellm\u00f6glichkeit<\/a><\/strong><\/p>","protected":false},"excerpt":{"rendered":"<p>REPEATER-STATIV Die Funktion &#8222;REPEATER&#8220; der digitalen Handsprech-funkger\u00e4te (HRTs) er\u00f6ffnet ganz<a href=\"https:\/\/www.emmerl.de\/bos\/eigenentwicklungen\/repeaterstativ\"> <strong>&#8230;<\/strong> <\/a><\/p>\n","protected":false},"author":5,"featured_media":0,"parent":53,"menu_order":1,"comment_status":"closed","ping_status":"closed","template":"","meta":{"_acf_changed":false,"footnotes":""},"class_list":["post-2040","page","type-page","status-publish","hentry"],"acf":[],"_links":{"self":[{"href":"https:\/\/www.emmerl.de\/bos\/wp-json\/wp\/v2\/pages\/2040","targetHints":{"allow":["GET"]}}],"collection":[{"href":"https:\/\/www.emmerl.de\/bos\/wp-json\/wp\/v2\/pages"}],"about":[{"href":"https:\/\/www.emmerl.de\/bos\/wp-json\/wp\/v2\/types\/page"}],"author":[{"embeddable":true,"href":"https:\/\/www.emmerl.de\/bos\/wp-json\/wp\/v2\/users\/5"}],"replies":[{"embeddable":true,"href":"https:\/\/www.emmerl.de\/bos\/wp-json\/wp\/v2\/comments?post=2040"}],"version-history":[{"count":175,"href":"https:\/\/www.emmerl.de\/bos\/wp-json\/wp\/v2\/pages\/2040\/revisions"}],"predecessor-version":[{"id":2753,"href":"https:\/\/www.emmerl.de\/bos\/wp-json\/wp\/v2\/pages\/2040\/revisions\/2753"}],"up":[{"embeddable":true,"href":"https:\/\/www.emmerl.de\/bos\/wp-json\/wp\/v2\/pages\/53"}],"wp:attachment":[{"href":"https:\/\/www.emmerl.de\/bos\/wp-json\/wp\/v2\/media?parent=2040"}],"curies":[{"name":"wp","href":"https:\/\/api.w.org\/{rel}","templated":true}]}}