{"id":23,"date":"2012-05-24T15:45:17","date_gmt":"2012-05-24T15:45:17","guid":{"rendered":"http:\/\/wordpress.art-connect.de\/bos\/?page_id=23"},"modified":"2024-01-30T10:35:05","modified_gmt":"2024-01-30T10:35:05","slug":"reparaturservice","status":"publish","type":"page","link":"https:\/\/www.emmerl.de\/bos\/reparaturservice","title":{"rendered":"Reparaturservice"},"content":{"rendered":"<h2>Unser Service f\u00fcr Meldeempf\u00e4nger ist fast so schnell, wie die Feuerwehr<\/h2>\n<p style=\"text-align: justify;\">Bei einem Meldeempf\u00e4nger kommt es auf optimale Erreichbarkeit an. Die Ansprechempfindlichkeit des Empf\u00e4ngers ist hier besonders wichtig, um auch an ung\u00fcnstigen Standorten alarmiert zu werden. Wir holen die letzten Meter an Reichweite aus Ihrem Melder.<\/p>\n<p style=\"text-align: justify;\">Mit einer Freifeldmessbox sorgen wir f\u00fcr st\u00f6rungsfreien Empfang und testen mit modernsten Messger\u00e4ten, so dass alle Frequenzen auf das Millionstel genau eingestellt sind. Im Laufe unserer langj\u00e4hrigen Reparaturt\u00e4tigkeit haben wir eigene Abgleichmethoden entwickelt (Betriebsgeheimnis), mit denen wir die Empfangsleistung optimieren.<\/p>\n<p style=\"text-align: justify;\">Die Reparaturzeit betr\u00e4gt in aller Regel nur 1 bis 2 Arbeitstage, so dass Sie Ihren reparierten Empf\u00e4nger bereits nach 3 Tagen wieder in den H\u00e4nden halten k\u00f6nnen.<\/p>\n<p style=\"text-align: justify;\">In einem kleinen Filmchen zeigen wir Ihnen, wie Ihr defektes Ger\u00e4t unseren Reparaturservice durchl\u00e4uft und schnell wieder voll funktionsf\u00e4hig bei Ihnen ankommt:<\/p>\n<p><iframe loading=\"lazy\" src=\"https:\/\/www.youtube.com\/embed\/C-ubJEwl_WA\" width=\"480\" height=\"360\" frameborder=\"0\"><\/iframe><\/p>\n<p><a title=\"Infomaterial anfordern\" href=\"https:\/\/www.emmerl.de\/bos\/wir-ueber-uns\/kontakt\">Reparaturpreisliste anfordern.<\/a><\/p>","protected":false},"excerpt":{"rendered":"<p>Unser Service f\u00fcr Meldeempf\u00e4nger ist fast so schnell, wie die<a href=\"https:\/\/www.emmerl.de\/bos\/reparaturservice\"> <strong>&#8230;<\/strong> <\/a><\/p>\n","protected":false},"author":1,"featured_media":2449,"parent":0,"menu_order":1,"comment_status":"open","ping_status":"closed","template":"","meta":{"_acf_changed":false,"footnotes":""},"class_list":["post-23","page","type-page","status-publish","has-post-thumbnail","hentry"],"acf":[],"_links":{"self":[{"href":"https:\/\/www.emmerl.de\/bos\/wp-json\/wp\/v2\/pages\/23","targetHints":{"allow":["GET"]}}],"collection":[{"href":"https:\/\/www.emmerl.de\/bos\/wp-json\/wp\/v2\/pages"}],"about":[{"href":"https:\/\/www.emmerl.de\/bos\/wp-json\/wp\/v2\/types\/page"}],"author":[{"embeddable":true,"href":"https:\/\/www.emmerl.de\/bos\/wp-json\/wp\/v2\/users\/1"}],"replies":[{"embeddable":true,"href":"https:\/\/www.emmerl.de\/bos\/wp-json\/wp\/v2\/comments?post=23"}],"version-history":[{"count":29,"href":"https:\/\/www.emmerl.de\/bos\/wp-json\/wp\/v2\/pages\/23\/revisions"}],"predecessor-version":[{"id":2959,"href":"https:\/\/www.emmerl.de\/bos\/wp-json\/wp\/v2\/pages\/23\/revisions\/2959"}],"wp:featuredmedia":[{"embeddable":true,"href":"https:\/\/www.emmerl.de\/bos\/wp-json\/wp\/v2\/media\/2449"}],"wp:attachment":[{"href":"https:\/\/www.emmerl.de\/bos\/wp-json\/wp\/v2\/media?parent=23"}],"curies":[{"name":"wp","href":"https:\/\/api.w.org\/{rel}","templated":true}]}}