{"id":2446,"date":"2016-07-20T12:12:37","date_gmt":"2016-07-20T12:12:37","guid":{"rendered":"http:\/\/www.emmerl.de\/bos\/?page_id=2446"},"modified":"2026-01-07T06:11:37","modified_gmt":"2026-01-07T06:11:37","slug":"startseite","status":"publish","type":"page","link":"https:\/\/www.emmerl.de\/bos\/","title":{"rendered":"Herzlich willkommen bei Nachrichtentechnik Emmerl"},"content":{"rendered":"<p>[vc_row][vc_column][vc_column_text]<\/p>\n<h2 style=\"text-align: center;\">Ihr Servicepartner f\u00fcr die Reparatur von<br \/>\nBOS-Funkger\u00e4ten und Meldeempf\u00e4ngern<\/h2>\n<h3 style=\"text-align: center;\"><span style=\"color: #008000;\">Wir begr\u00fc\u00dfen auch ganz herzlich die Kunden der Firma<\/span><br \/>\n<span style=\"color: #008000;\">Heckmann Funkmelderservice!<\/span><\/h3>\n<h4 style=\"text-align: center;\">Bereits seit 1979 reparieren wir defekte BOS-Funktechnik f\u00fcr Feuerwehren und<br \/>\nderen Tr\u00e4gern den Gemeinde- und Stadtverwaltungen sowie f\u00fcr Rettungsdienste<\/h4>\n<p>[\/vc_column_text][\/vc_column][\/vc_row][vc_row][vc_column width=&#8220;1\/3&#8243;][vc_column_text]<\/p>\n<h3 style=\"text-align: center;\"><span style=\"color: #ae0001;\">Qualit\u00e4t <span style=\"text-decoration: underline;\">und<\/span> Schnelligkeit,<\/span><br \/>\n<span style=\"color: #ae0001;\">bei uns kein Widerspruch<\/span><\/h3>\n<p>[\/vc_column_text][\/vc_column][vc_column width=&#8220;1\/3&#8243;][vc_column_text]<\/p>\n<h3 style=\"text-align: center;\"><span style=\"color: #ffffff;\">.<\/span><br \/>\n<span style=\"color: #ae0001;\">Kauf und Service<\/span><br \/>\n<span style=\"color: #ae0001;\">aus einer Hand<\/span><\/h3>\n<p>[\/vc_column_text][\/vc_column][vc_column width=&#8220;1\/3&#8243;][vc_column_text]<\/p>\n<h3 style=\"text-align: center;\"><span style=\"color: #ae0001;\">Hohe Kostentransparenz<\/span><br \/>\n<span style=\"color: #ae0001;\">durch g\u00fcnstige Pauschalpreise<\/span><\/h3>\n<p>[\/vc_column_text][\/vc_column][\/vc_row][vc_row][vc_column][vc_column_text]\n\t\t<!-- MasterSlider -->\n\t\t<div id=\"P_MS69f04d5336874\" class=\"master-slider-parent ms-parent-id-30\" style=\"max-width:1200px;\" >\n\n\t\t\t\n\t\t\t<!-- MasterSlider Main -->\n\t\t\t<div id=\"MS69f04d5336874\" class=\"master-slider ms-skin-default\" >\n\t\t\t\t \t\t\t\t \n\t\t\t<div  class=\"ms-slide\" data-delay=\"3\" data-fill-mode=\"fill\"   >\n\t\t\t\t\t<img decoding=\"async\" src=\"https:\/\/www.emmerl.de\/bos\/wp-content\/plugins\/masterslider\/public\/assets\/css\/blank.gif\" alt=\"Loeten-09\" title=\"L\u00f6ten-09\" data-src=\"https:\/\/www.emmerl.de\/bos\/wp-content\/uploads\/2012\/05\/Loeten-09.jpg\" \/>\n\n\n\t\t\t\t<\/div>\n\t\t\t<div  class=\"ms-slide\" data-delay=\"3\" data-fill-mode=\"fill\"   >\n\t\t\t\t\t<img decoding=\"async\" src=\"https:\/\/www.emmerl.de\/bos\/wp-content\/plugins\/masterslider\/public\/assets\/css\/blank.gif\" alt=\"Loeten-05\" title=\"L\u00f6ten-05\" data-src=\"https:\/\/www.emmerl.de\/bos\/wp-content\/uploads\/2012\/05\/Loeten-05.jpg\" \/>\n\n\n\t\t\t\t<\/div>\n\t\t\t<div  class=\"ms-slide\" data-delay=\"3\" data-fill-mode=\"fill\"   >\n\t\t\t\t\t<img decoding=\"async\" src=\"https:\/\/www.emmerl.de\/bos\/wp-content\/plugins\/masterslider\/public\/assets\/css\/blank.gif\" alt=\"BOSS-Reparatur\" title=\"BOSS-Reparatur\" data-src=\"https:\/\/www.emmerl.de\/bos\/wp-content\/uploads\/2012\/05\/BOSS-Rep-2.jpg\" \/>\n\n\n\t\t\t\t<\/div>\n\t\t\t<div  class=\"ms-slide\" data-delay=\"3\" data-fill-mode=\"fill\"   >\n\t\t\t\t\t<img decoding=\"async\" src=\"https:\/\/www.emmerl.de\/bos\/wp-content\/plugins\/masterslider\/public\/assets\/css\/blank.gif\" alt=\"Funkgeraet-2\" title=\"Funkger\u00e4t-2\" data-src=\"https:\/\/www.emmerl.de\/bos\/wp-content\/uploads\/2016\/07\/Funkgeraet-2.jpg\" \/>\n\n\n\t\t\t\t<\/div>\n\t\t\t<div  class=\"ms-slide\" data-delay=\"3\" data-fill-mode=\"fill\"   >\n\t\t\t\t\t<img decoding=\"async\" src=\"https:\/\/www.emmerl.de\/bos\/wp-content\/plugins\/masterslider\/public\/assets\/css\/blank.gif\" alt=\"Funkger\u00e4t\" title=\"Funkger\u00e4t\" data-src=\"https:\/\/www.emmerl.de\/bos\/wp-content\/uploads\/2016\/07\/Funkgeraet-1.jpg\" \/>\n\n\n\t\t\t\t<\/div>\n\t\t\t<div  class=\"ms-slide\" data-delay=\"3\" data-fill-mode=\"fill\"   >\n\t\t\t\t\t<img decoding=\"async\" src=\"https:\/\/www.emmerl.de\/bos\/wp-content\/plugins\/masterslider\/public\/assets\/css\/blank.gif\" alt=\"Reparatur-1\" title=\"Reparatur-1\" data-src=\"https:\/\/www.emmerl.de\/bos\/wp-content\/uploads\/2012\/09\/Reparatur-1.jpg\" \/>\n\n\n\t\t\t\t<\/div>\n\n\t\t\t<\/div>\n\t\t\t<!-- END MasterSlider Main -->\n\n\t\t\t \n\t\t<\/div>\n\t\t<!-- END MasterSlider -->\n\n\t\t<script>\n\t\t( window.MSReady = window.MSReady || [] ).push( function( $ ) {\n\n\t\t\t\"use strict\";\n\t\t\tvar masterslider_6874 = new MasterSlider();\n\n\t\t\t\/\/ slider controls\n\t\t\t\/\/ slider setup\n\t\t\tmasterslider_6874.setup(\"MS69f04d5336874\", {\n\t\t\t\twidth           : 1200,\n\t\t\t\theight          : 300,\n\t\t\t\tminHeight       : 0,\n\t\t\t\tspace           : 0,\n\t\t\t\tstart           : 1,\n\t\t\t\tgrabCursor      : true,\n\t\t\t\tswipe           : true,\n\t\t\t\tmouse           : true,\n\t\t\t\tkeyboard        : false,\n\t\t\t\tlayout          : \"boxed\",\n\t\t\t\twheel           : false,\n\t\t\t\tautoplay        : true,\n                instantStartLayers:false,\n\t\t\t\tmobileBGVideo:false,\n\t\t\t\tloop            : false,\n\t\t\t\tshuffle         : false,\n\t\t\t\tpreload         : 0,\n\t\t\t\theightLimit     : true,\n\t\t\t\tautoHeight      : false,\n\t\t\t\tsmoothHeight    : true,\n\t\t\t\tendPause        : false,\n\t\t\t\toverPause       : true,\n\t\t\t\tfillMode        : \"fill\",\n\t\t\t\tcenterControls  : true,\n\t\t\t\tstartOnAppear   : false,\n\t\t\t\tlayersMode      : \"center\",\n\t\t\t\tautofillTarget  : \"\",\n\t\t\t\thideLayers      : false,\n\t\t\t\tfullscreenMargin: 0,\n\t\t\t\tspeed           : 20,\n\t\t\t\tdir             : \"h\",\n\t\t\t\tresponsive      : true,\n\t\t\t\ttabletWidth     : 768,\n\t\t\t\ttabletHeight    : null,\n\t\t\t\tphoneWidth      : 480,\n\t\t\t\tphoneHeight    : null,\n\t\t\t\tsizingReference : window,\n\t\t\t\tparallaxMode    : 'swipe',\n\t\t\t\tview            : \"basic\"\n\t\t\t});\n\n\t\t\t\t\t\tMSScrollParallax.setup( masterslider_6874, 30, 50, true );\n\t\t\twindow.masterslider_instances = window.masterslider_instances || [];\n\t\t\twindow.masterslider_instances.push( masterslider_6874 );\n\t\t});\n\t\t<\/script>\n\n[\/vc_column_text][\/vc_column][\/vc_row]<\/p>\n<h2 style=\"text-align: center;\"><strong><span style=\"color: #0000ff;\"><span style=\"text-decoration: underline;\"><a style=\"color: #0000ff; text-decoration: underline;\" href=\"https:\/\/www.emmerl.de\/bos\/reparaturservice\/reparaturformulare\">Hier geht&#8217;s zu den Reparaturscheinen<\/a><\/span><\/span><\/strong><\/h2>\n<p>&nbsp;<\/p>","protected":false},"excerpt":{"rendered":"<p>[vc_row][vc_column][vc_column_text] Ihr Servicepartner f\u00fcr die Reparatur von BOS-Funkger\u00e4ten und Meldeempf\u00e4ngern<a href=\"https:\/\/www.emmerl.de\/bos\/\"> <strong>&#8230;<\/strong> <\/a><\/p>\n","protected":false},"author":1,"featured_media":0,"parent":0,"menu_order":0,"comment_status":"closed","ping_status":"closed","template":"","meta":{"_acf_changed":false,"footnotes":""},"class_list":["post-2446","page","type-page","status-publish","hentry"],"acf":[],"_links":{"self":[{"href":"https:\/\/www.emmerl.de\/bos\/wp-json\/wp\/v2\/pages\/2446","targetHints":{"allow":["GET"]}}],"collection":[{"href":"https:\/\/www.emmerl.de\/bos\/wp-json\/wp\/v2\/pages"}],"about":[{"href":"https:\/\/www.emmerl.de\/bos\/wp-json\/wp\/v2\/types\/page"}],"author":[{"embeddable":true,"href":"https:\/\/www.emmerl.de\/bos\/wp-json\/wp\/v2\/users\/1"}],"replies":[{"embeddable":true,"href":"https:\/\/www.emmerl.de\/bos\/wp-json\/wp\/v2\/comments?post=2446"}],"version-history":[{"count":88,"href":"https:\/\/www.emmerl.de\/bos\/wp-json\/wp\/v2\/pages\/2446\/revisions"}],"predecessor-version":[{"id":3128,"href":"https:\/\/www.emmerl.de\/bos\/wp-json\/wp\/v2\/pages\/2446\/revisions\/3128"}],"wp:attachment":[{"href":"https:\/\/www.emmerl.de\/bos\/wp-json\/wp\/v2\/media?parent=2446"}],"curies":[{"name":"wp","href":"https:\/\/api.w.org\/{rel}","templated":true}]}}