{"id":25,"date":"2012-05-24T15:45:34","date_gmt":"2012-05-24T15:45:34","guid":{"rendered":"http:\/\/wordpress.art-connect.de\/bos\/?page_id=25"},"modified":"2016-07-25T13:34:45","modified_gmt":"2016-07-25T13:34:45","slug":"reparaturformulare","status":"publish","type":"page","link":"https:\/\/www.emmerl.de\/bos\/reparaturservice\/reparaturformulare","title":{"rendered":"Reparaturformulare"},"content":{"rendered":"<p style=\"text-align: justify;\" align=\"LEFT\"><a href=\"http:\/\/www.emmerl.de\/Formulare\/Reparaturschein_Meldeempfaenger.pdf\"><img loading=\"lazy\" decoding=\"async\" class=\"alignright size-full wp-image-957\" title=\"Reparaturschein f\u00fcr Meldeempf\u00e4nger\" src=\"https:\/\/www.emmerl.de\/bos\/wp-content\/uploads\/2012\/09\/repschein-melder.jpg\" alt=\"Reparaturschein f\u00fcr Meldeempf\u00e4nger\" width=\"85\" height=\"120\" \/><\/a><\/p>\n<p style=\"text-align: justify;\" align=\"LEFT\">Um Ihnen die Einsendung Ihrer defekten Ger\u00e4te zu erleichtern, stellen wir Ihnen vorbereitete Reparaturformulare zur Verf\u00fcgung.<\/p>\n<p style=\"text-align: justify;\" align=\"LEFT\">Das Besondere an diesen\u00a0Reparaturscheinen ist, dass Sie diese\u00a0in <strong>ausgef\u00fclltem Zustand<\/strong> auf der Festplatte Ihres PCs speichern k\u00f6nnen. Somit haben Sie kaum Schreibarbeit zu verrichten.<\/p>\n<p style=\"text-align: justify;\" align=\"LEFT\">Bitte legen Sie jedem einzelnen Ger\u00e4t, welches Sie uns zusenden, einen eigenen vollst\u00e4ndig ausgef\u00fcllten\u00a0Reparaturschein bei. Dies beschleunigt die Bearbeitung Ihres Auftrags erheblich.<span style=\"text-decoration: underline;\"><span style=\"color: #0000ff; text-decoration: underline;\"><a href=\"http:\/\/www.emmerl.de\/Formulare\/Reparaturschein_Funkgeraete.pdf\"><img loading=\"lazy\" decoding=\"async\" class=\"alignright wp-image-956\" title=\"Reparaturschein f\u00fcr Funkger\u00e4te\" src=\"https:\/\/www.emmerl.de\/bos\/wp-content\/uploads\/2012\/09\/repschein-funk.jpg\" alt=\"Reparaturschein f\u00fcr Funkger\u00e4te\" width=\"85\" height=\"120\" \/><\/a><\/span><\/span><\/p>\n<h2 style=\"text-align: center;\" align=\"LEFT\"><span style=\"text-decoration: underline;\"><span style=\"color: #0000ff; text-decoration: underline;\"><a href=\"http:\/\/www.emmerl.de\/Formulare\/Reparaturschein_Meldeempfaenger.pdf\"><span style=\"color: #0000ff; text-decoration: underline;\">Reparaturschein f\u00fcr Meldeempf\u00e4nger<\/span><\/a><\/span><\/span><\/h2>\n<h2 style=\"text-align: center;\" align=\"LEFT\"><span style=\"text-decoration: underline;\"><span style=\"color: #0000ff; text-decoration: underline;\"><a href=\"http:\/\/www.emmerl.de\/Formulare\/Reparaturschein_Funkgeraete.pdf\"><span style=\"color: #0000ff; text-decoration: underline;\">Reparaturschein f\u00fcr Funkger\u00e4te<\/span><\/a><\/span><\/span><\/h2>\n<p style=\"text-align: left;\" align=\"LEFT\">","protected":false},"excerpt":{"rendered":"<p>Um Ihnen die Einsendung Ihrer defekten Ger\u00e4te zu erleichtern, stellen<a href=\"https:\/\/www.emmerl.de\/bos\/reparaturservice\/reparaturformulare\"> <strong>&#8230;<\/strong> <\/a><\/p>\n","protected":false},"author":1,"featured_media":0,"parent":23,"menu_order":6,"comment_status":"open","ping_status":"closed","template":"","meta":{"_acf_changed":false,"footnotes":""},"class_list":["post-25","page","type-page","status-publish","hentry"],"acf":[],"_links":{"self":[{"href":"https:\/\/www.emmerl.de\/bos\/wp-json\/wp\/v2\/pages\/25","targetHints":{"allow":["GET"]}}],"collection":[{"href":"https:\/\/www.emmerl.de\/bos\/wp-json\/wp\/v2\/pages"}],"about":[{"href":"https:\/\/www.emmerl.de\/bos\/wp-json\/wp\/v2\/types\/page"}],"author":[{"embeddable":true,"href":"https:\/\/www.emmerl.de\/bos\/wp-json\/wp\/v2\/users\/1"}],"replies":[{"embeddable":true,"href":"https:\/\/www.emmerl.de\/bos\/wp-json\/wp\/v2\/comments?post=25"}],"version-history":[{"count":31,"href":"https:\/\/www.emmerl.de\/bos\/wp-json\/wp\/v2\/pages\/25\/revisions"}],"predecessor-version":[{"id":2405,"href":"https:\/\/www.emmerl.de\/bos\/wp-json\/wp\/v2\/pages\/25\/revisions\/2405"}],"up":[{"embeddable":true,"href":"https:\/\/www.emmerl.de\/bos\/wp-json\/wp\/v2\/pages\/23"}],"wp:attachment":[{"href":"https:\/\/www.emmerl.de\/bos\/wp-json\/wp\/v2\/media?parent=25"}],"curies":[{"name":"wp","href":"https:\/\/api.w.org\/{rel}","templated":true}]}}