{"id":2632,"date":"2016-10-25T11:48:52","date_gmt":"2016-10-25T11:48:52","guid":{"rendered":"http:\/\/www.emmerl.de\/bos\/?page_id=2632"},"modified":"2016-10-25T13:46:41","modified_gmt":"2016-10-25T13:46:41","slug":"squad-voice","status":"publish","type":"page","link":"https:\/\/www.emmerl.de\/bos\/reparaturservice\/reparatur-von-analogen-meldeempfaengern\/squad-voice","title":{"rendered":"s.QUAD Voice"},"content":{"rendered":"<p>[vc_row][vc_column width=&#8220;2\/3&#8243;][vc_column_text]<\/p>\n<h3>Reparatur Swissphone s.QUAD Voice<\/h3>\n<p style=\"text-align: justify;\">Die professionelle Instandsetzung von Meldeempf\u00e4ngern und Funkger\u00e4ten f\u00fcr Feuerwehren und Rettungsdienste sowie andere Beh\u00f6rden und Organisationen mit Sicherheitsaufgaben <strong>BOS<\/strong> geh\u00f6rt bereits seit 1979 zu unserem Kerngesch\u00e4ft.<\/p>\n<p style=\"text-align: justify;\">Wir reparieren Ihren defekten analogen Melder vom Typ Swissphone sQUAD\u00a0Voice zum g\u00fcnstigen Pauschalpreis. In nur drei Tagen haben Sie Ihren Funkwecker voll funktionsf\u00e4hig wieder zur\u00fcck. Unser Service f\u00fcr Ihren Piepser ist schnell, billig und unkompliziert.<\/p>\n<p style=\"text-align: justify;\"><span style=\"color: #000000;\">Dabei werden alle vorhandenen Defekte Ihres Taschenmeldeempf\u00e4ngers beseitigt, beispielsweise elektrische Fehler, Empfangsprobleme, Displaysch\u00e4den, Geh\u00e4usesch\u00e4den, kaputte Vibrationsmotoren, zu leise Lautsprecher, etc. Selbstverst\u00e4ndlich k\u00f6nnen wir Ihren Meldeempf\u00e4nger auch umprogrammieren. Bei einer Reparatur ist die zus\u00e4tzliche \u00c4nderung der Programmierung kostenlos.<\/span><\/p>\n<p>[\/vc_column_text][\/vc_column][vc_column width=&#8220;1\/3&#8243;]<div class=\"avt_masterslider_el \" >\n\t\t<!-- MasterSlider -->\n\t\t<div id=\"P_MS6a02123a9323a\" class=\"master-slider-parent ms-parent-id-32\" style=\"max-width:250px;\" >\n\n\t\t\t\n\t\t\t<!-- MasterSlider Main -->\n\t\t\t<div id=\"MS6a02123a9323a\" class=\"master-slider ms-skin-default\" >\n\t\t\t\t \t\t\t\t \n\t\t\t<div  class=\"ms-slide\" data-delay=\"5\" data-fill-mode=\"fill\"   >\n\t\t\t\t\t<img decoding=\"async\" src=\"https:\/\/www.emmerl.de\/bos\/wp-content\/plugins\/masterslider\/public\/assets\/css\/blank.gif\" alt=\"\" title=\"s.QUAD Voice 1\" data-src=\"https:\/\/www.emmerl.de\/bos\/wp-content\/uploads\/2016\/10\/s.QUAD-Voice-1.jpg\" \/>\n\n\n\t\t\t\t<\/div>\n\t\t\t<div  class=\"ms-slide\" data-delay=\"5\" data-fill-mode=\"fill\"   >\n\t\t\t\t\t<img decoding=\"async\" src=\"https:\/\/www.emmerl.de\/bos\/wp-content\/plugins\/masterslider\/public\/assets\/css\/blank.gif\" alt=\"\" title=\"s.QUAD Voice 2\" data-src=\"https:\/\/www.emmerl.de\/bos\/wp-content\/uploads\/2016\/10\/s.QUAD-Voice-2.jpg\" \/>\n\n\n\t\t\t\t<\/div>\n\t\t\t<div  class=\"ms-slide\" data-delay=\"5\" data-fill-mode=\"fill\"   >\n\t\t\t\t\t<img decoding=\"async\" src=\"https:\/\/www.emmerl.de\/bos\/wp-content\/plugins\/masterslider\/public\/assets\/css\/blank.gif\" alt=\"\" title=\"s.QUAD Voice 3\" data-src=\"https:\/\/www.emmerl.de\/bos\/wp-content\/uploads\/2016\/10\/s.QUAD-Voice-3.jpg\" \/>\n\n\n\t\t\t\t<\/div>\n\t\t\t<div  class=\"ms-slide\" data-delay=\"5\" data-fill-mode=\"fill\"   >\n\t\t\t\t\t<img decoding=\"async\" src=\"https:\/\/www.emmerl.de\/bos\/wp-content\/plugins\/masterslider\/public\/assets\/css\/blank.gif\" alt=\"\" title=\"s.QUAD Voice 4\" data-src=\"https:\/\/www.emmerl.de\/bos\/wp-content\/uploads\/2016\/10\/s.QUAD-Voice-4.jpg\" \/>\n\n\n\t\t\t\t<\/div>\n\t\t\t<div  class=\"ms-slide\" data-delay=\"5\" data-fill-mode=\"fill\"   >\n\t\t\t\t\t<img decoding=\"async\" src=\"https:\/\/www.emmerl.de\/bos\/wp-content\/plugins\/masterslider\/public\/assets\/css\/blank.gif\" alt=\"\" title=\"s.QUAD Voice 5\" data-src=\"https:\/\/www.emmerl.de\/bos\/wp-content\/uploads\/2016\/10\/s.QUAD-Voice-5.jpg\" \/>\n\n\n\t\t\t\t<\/div>\n\t\t\t<div  class=\"ms-slide\" data-delay=\"5\" data-fill-mode=\"fill\"   >\n\t\t\t\t\t<img decoding=\"async\" src=\"https:\/\/www.emmerl.de\/bos\/wp-content\/plugins\/masterslider\/public\/assets\/css\/blank.gif\" alt=\"\" title=\"s.QUAD Voice 6\" data-src=\"https:\/\/www.emmerl.de\/bos\/wp-content\/uploads\/2016\/10\/s.QUAD-Voice-6.jpg\" \/>\n\n\n\t\t\t\t<\/div>\n\n\t\t\t<\/div>\n\t\t\t<!-- END MasterSlider Main -->\n\n\t\t\t \n\t\t<\/div>\n\t\t<!-- END MasterSlider -->\n\n\t\t<script>\n\t\t( window.MSReady = window.MSReady || [] ).push( function( $ ) {\n\n\t\t\t\"use strict\";\n\t\t\tvar masterslider_323a = new MasterSlider();\n\n\t\t\t\/\/ slider controls\n\t\t\tmasterslider_323a.control('arrows'     ,{ autohide:true, overVideo:true  });\n\t\t\t\/\/ slider setup\n\t\t\tmasterslider_323a.setup(\"MS6a02123a9323a\", {\n\t\t\t\twidth           : 250,\n\t\t\t\theight          : 300,\n\t\t\t\tminHeight       : 0,\n\t\t\t\tspace           : 0,\n\t\t\t\tstart           : 1,\n\t\t\t\tgrabCursor      : true,\n\t\t\t\tswipe           : true,\n\t\t\t\tmouse           : false,\n\t\t\t\tkeyboard        : false,\n\t\t\t\tlayout          : \"boxed\",\n\t\t\t\twheel           : false,\n\t\t\t\tautoplay        : true,\n                instantStartLayers:false,\n\t\t\t\tmobileBGVideo:false,\n\t\t\t\tloop            : true,\n\t\t\t\tshuffle         : false,\n\t\t\t\tpreload         : 0,\n\t\t\t\theightLimit     : true,\n\t\t\t\tautoHeight      : true,\n\t\t\t\tsmoothHeight    : true,\n\t\t\t\tendPause        : false,\n\t\t\t\toverPause       : true,\n\t\t\t\tfillMode        : \"fill\",\n\t\t\t\tcenterControls  : true,\n\t\t\t\tstartOnAppear   : false,\n\t\t\t\tlayersMode      : \"center\",\n\t\t\t\tautofillTarget  : \"\",\n\t\t\t\thideLayers      : false,\n\t\t\t\tfullscreenMargin: 0,\n\t\t\t\tspeed           : 20,\n\t\t\t\tdir             : \"h\",\n\t\t\t\tresponsive      : true,\n\t\t\t\ttabletWidth     : 768,\n\t\t\t\ttabletHeight    : null,\n\t\t\t\tphoneWidth      : 480,\n\t\t\t\tphoneHeight    : null,\n\t\t\t\tsizingReference : window,\n\t\t\t\tparallaxMode    : 'swipe',\n\t\t\t\tview            : \"basic\"\n\t\t\t});\n\n\t\t\t\n\t\t\twindow.masterslider_instances = window.masterslider_instances || [];\n\t\t\twindow.masterslider_instances.push( masterslider_323a );\n\t\t});\n\t\t<\/script>\n\n<\/div>[\/vc_column][\/vc_row][vc_row][vc_column][vc_column_text]<\/p>\n<p style=\"text-align: justify;\"><span style=\"color: #000000;\"><strong>Der Swissphone\u00a0s.QUAD Voice\u00a0hat folgende Leistungsmerkmale:<\/strong><\/span><\/p>\n<p style=\"text-align: justify;\">Frequenzband: <span style=\"color: #000000;\"><strong>4m-Band BOS<\/strong><\/span><\/p>\n<p style=\"text-align: justify;\">Alarmierungsverfahren: <span style=\"color: #000000;\"><strong>5-Ton &#8211; analog<\/strong><\/span><\/p>\n<p style=\"text-align: justify;\">Rufnummern (Schleifen) max.: <span style=\"color: #000000;\"><strong>64<\/strong><\/span><\/p>\n<p style=\"text-align: justify;\">Rufnummenanzeige 5-stellig numerisch: <span style=\"color: #000000;\"><strong>ja<\/strong><\/span><\/p>\n<p style=\"text-align: justify;\">Adressnamenanzeige: <span style=\"color: #000000;\"><strong>ja<\/strong><\/span><\/p>\n<p style=\"text-align: justify;\">Mith\u00f6rfunktion programmierbar: <span style=\"color: #000000;\"><strong>ja<\/strong><\/span><\/p>\n<p style=\"text-align: justify;\">Sprachspeicher: <span style=\"color: #000000;\"><strong>16\u00a0Minuten<\/strong><\/span><\/p>\n<p style=\"text-align: justify;\">Vibrationsmotor: <span style=\"color: #000000;\"><strong>ja<\/strong><\/span><\/p>\n<p style=\"text-align: justify;\">Alarmanzeige \u00fcber LED: <span style=\"color: #000000;\"><strong>ja<\/strong><\/span><\/p>\n<p style=\"text-align: justify;\">Schleifen schaltbar: <span style=\"color: #000000;\"><strong>nein<\/strong><\/span><\/p>\n<p style=\"text-align: justify;\">Profile programmierbar: <span style=\"color: #000000;\"><strong>ja &#8211; 64 Wahl- und Schaltprofile<\/strong><\/span><\/p>\n<p style=\"text-align: justify;\"><span style=\"color: #ffffff;\">.<\/span><\/p>\n<p style=\"text-align: justify;\">Weitere Informationen \u00fcber diesen Meldeempf\u00e4nger finden Sie hier:<\/p>\n<p style=\"text-align: justify;\"><a title=\"Hier geht\u00b4s zur Bedienungsanleitung\" href=\"http:\/\/www.emmerl.de\/bda\/bda_squad_voice.pdf\">Bedienungsanleitung f\u00fcr Swissphone s.QUAD Voice<\/a><\/p>\n<p style=\"text-align: justify;\"><span style=\"color: #ffffff;\"><a title=\"Hier geht\u00b4s zur Bedienungsanleitung\" href=\"http:\/\/www.emmerl.de\/bda\/prospekt_squad_voice.pdf\">Prospekt f\u00fcr Swissphone s.QUAD Voice<\/a><\/span><\/p>\n<p>&nbsp;<\/p>\n<p><a title=\"Reparaturformular f\u00fcr Meldeempf\u00e4nger\" href=\"http:\/\/www.emmerl.de\/Formulare\/Reparaturschein_Meldeempfaenger.pdf\">Reparaturschein f\u00fcr Meldeempf\u00e4nger<\/a><\/p>\n<p><a title=\"Reparaturpreisliste anfordern\" href=\"https:\/\/www.emmerl.de\/bos\/wir-ueber-uns\/kontakt\">Reparaturpreisliste anfordern<\/a><\/p>\n<p><a title=\"Kontaktadresse\" href=\"https:\/\/www.emmerl.de\/bos\/wir-ueber-uns\/kontakt\">Kontaktadresse<\/a>[\/vc_column_text][\/vc_column][\/vc_row]<\/p>","protected":false},"excerpt":{"rendered":"<p>[vc_row][vc_column width=&#8220;2\/3&#8243;][vc_column_text] Reparatur Swissphone s.QUAD Voice Die professionelle Instandsetzung von<a href=\"https:\/\/www.emmerl.de\/bos\/reparaturservice\/reparatur-von-analogen-meldeempfaengern\/squad-voice\"> <strong>&#8230;<\/strong> <\/a><\/p>\n","protected":false},"author":5,"featured_media":2586,"parent":28,"menu_order":0,"comment_status":"closed","ping_status":"closed","template":"","meta":{"_acf_changed":false,"footnotes":""},"class_list":["post-2632","page","type-page","status-publish","has-post-thumbnail","hentry"],"acf":[],"_links":{"self":[{"href":"https:\/\/www.emmerl.de\/bos\/wp-json\/wp\/v2\/pages\/2632","targetHints":{"allow":["GET"]}}],"collection":[{"href":"https:\/\/www.emmerl.de\/bos\/wp-json\/wp\/v2\/pages"}],"about":[{"href":"https:\/\/www.emmerl.de\/bos\/wp-json\/wp\/v2\/types\/page"}],"author":[{"embeddable":true,"href":"https:\/\/www.emmerl.de\/bos\/wp-json\/wp\/v2\/users\/5"}],"replies":[{"embeddable":true,"href":"https:\/\/www.emmerl.de\/bos\/wp-json\/wp\/v2\/comments?post=2632"}],"version-history":[{"count":10,"href":"https:\/\/www.emmerl.de\/bos\/wp-json\/wp\/v2\/pages\/2632\/revisions"}],"predecessor-version":[{"id":2650,"href":"https:\/\/www.emmerl.de\/bos\/wp-json\/wp\/v2\/pages\/2632\/revisions\/2650"}],"up":[{"embeddable":true,"href":"https:\/\/www.emmerl.de\/bos\/wp-json\/wp\/v2\/pages\/28"}],"wp:featuredmedia":[{"embeddable":true,"href":"https:\/\/www.emmerl.de\/bos\/wp-json\/wp\/v2\/media\/2586"}],"wp:attachment":[{"href":"https:\/\/www.emmerl.de\/bos\/wp-json\/wp\/v2\/media?parent=2632"}],"curies":[{"name":"wp","href":"https:\/\/api.w.org\/{rel}","templated":true}]}}