{"id":2713,"date":"2019-09-12T07:57:11","date_gmt":"2019-09-12T07:57:11","guid":{"rendered":"https:\/\/www.emmerl.de\/bos\/?page_id=2713"},"modified":"2026-02-10T10:04:46","modified_gmt":"2026-02-10T10:04:46","slug":"pagertester","status":"publish","type":"page","link":"https:\/\/www.emmerl.de\/bos\/eigenentwicklungen\/pagertester","title":{"rendered":"PagerTester"},"content":{"rendered":"<p><a href=\"https:\/\/www.emmerl.de\/bos\/wp-content\/uploads\/2019\/09\/Pagertester-02.jpg\" data-rel=\"lightbox-image-0\" data-rl_title=\"\" data-rl_caption=\"\" title=\"\"><img loading=\"lazy\" decoding=\"async\" class=\"alignright wp-image-2718\" src=\"https:\/\/www.emmerl.de\/bos\/wp-content\/uploads\/2019\/09\/Pagertester-02.jpg\" alt=\"\" width=\"125\" height=\"200\" srcset=\"https:\/\/www.emmerl.de\/bos\/wp-content\/uploads\/2019\/09\/Pagertester-02.jpg 627w, https:\/\/www.emmerl.de\/bos\/wp-content\/uploads\/2019\/09\/Pagertester-02-94x150.jpg 94w, https:\/\/www.emmerl.de\/bos\/wp-content\/uploads\/2019\/09\/Pagertester-02-188x300.jpg 188w\" sizes=\"auto, (max-width: 125px) 100vw, 125px\" \/><\/a><\/p>\n<h1 style=\"text-align: center;\">Pr\u00fcfger\u00e4t f\u00fcr digitale und analoge Meldeempf\u00e4nger<\/h1>\n<h3 style=\"text-align: center;\"><span style=\"color: #ff0000;\">Eigenentwicklung aus unserem Hause!<\/span><\/h3>\n<p style=\"text-align: center;\">Der Pager-Tester erm\u00f6glicht Ihnen die einfache \u00dcberpr\u00fcfung Ihrer Melder<\/p>\n<p><a href=\"https:\/\/www.emmerl.de\/bos\/wp-content\/uploads\/2019\/09\/Pagertester-03.jpg\" data-rel=\"lightbox-image-1\" data-rl_title=\"\" data-rl_caption=\"\"><img loading=\"lazy\" decoding=\"async\" class=\"aligncenter wp-image-2719 size-full\" title=\"\" src=\"https:\/\/www.emmerl.de\/bos\/wp-content\/uploads\/2019\/09\/Pagertester-03.jpg\" alt=\"\" width=\"1000\" height=\"619\" srcset=\"https:\/\/www.emmerl.de\/bos\/wp-content\/uploads\/2019\/09\/Pagertester-03.jpg 1000w, https:\/\/www.emmerl.de\/bos\/wp-content\/uploads\/2019\/09\/Pagertester-03-150x93.jpg 150w, https:\/\/www.emmerl.de\/bos\/wp-content\/uploads\/2019\/09\/Pagertester-03-300x186.jpg 300w, https:\/\/www.emmerl.de\/bos\/wp-content\/uploads\/2019\/09\/Pagertester-03-768x475.jpg 768w\" sizes=\"auto, (max-width: 1000px) 100vw, 1000px\" \/><\/a><\/p>\n<p>&nbsp;<\/p>\n\n<table id=\"wp-table-reloaded-id-9-no-1\" class=\"wp-table-reloaded wp-table-reloaded-id-9\">\n<tbody>\n\t<tr class=\"row-1 odd\">\n\t\t<td class=\"column-1\">Testm\u00f6glichkeit f\u00fcr digitale Meldeempf\u00e4nger (POCSAG)<\/td><td class=\"column-2\">Testm\u00f6glichkeit f\u00fcr analoge Meldeempf\u00e4nger (5-Ton)<\/td><td class=\"column-3\">Sirenentest m\u00f6glich - analog und digital<\/td>\n\t<\/tr>\n\t<tr class=\"row-2 even\">\n\t\t<td class=\"column-1\">\u00dcbertragungsgeschwindigkeit:<br \/>\r\n512 Baud, 1200 Baud oder 2400 Baud w\u00e4hlbar<\/td><td class=\"column-2\">Suchlauffunktion f\u00fcr analoge Melder - falls Sie nicht genau wissen, welche Schleifen auf Ihren Meldern programmiert sind<\/td><td class=\"column-3\">Direkte Frequenz- und Schleifeneingabe \u00fcber 10er Tastatur<br \/>\r\n<\/td>\n\t<\/tr>\n\t<tr class=\"row-3 odd\">\n\t\t<td class=\"column-1\">Blaue Sende-LED<\/td><td class=\"column-2\">Intuitive Bedienung, auch ohne Bedienungsanleitung m\u00f6glich<\/td><td class=\"column-3\">Akustische R\u00fcckmeldungen<\/td>\n\t<\/tr>\n\t<tr class=\"row-4 even\">\n\t\t<td class=\"column-1\">Sehr helles, gut lesbares, beleuchtetes Display<\/td><td class=\"column-2\">Inklusive rotem Prallschutz<\/td><td class=\"column-3\">Alle BOS-Frequenzen direkt einstellbar<\/td>\n\t<\/tr>\n\t<tr class=\"row-5 odd\">\n\t\t<td class=\"column-1\">Komfortable \u00fcbersichtliche Tastatur<\/td><td class=\"column-2\">Inklusive 4 St\u00fcck AAA-Batterien<\/td><td class=\"column-3\">Betrieb wahlweise mit Batterien oder Akkus m\u00f6glich<\/td>\n\t<\/tr>\n\t<tr class=\"row-6 even\">\n\t\t<td class=\"column-1\">Stabiles Geh\u00e4use in modernem Design<\/td><td class=\"column-2\">Inklusive Bedienungsanleitung und Kanal-Frequenz - Tabelle<\/td><td class=\"column-3\">Stromsparfunktionen durch automatische Abschaltung von Licht bzw. gesamten Ger\u00e4t<\/td>\n\t<\/tr>\n\t<tr class=\"row-7 odd\">\n\t\t<td class=\"column-1\">Men\u00fcsprache w\u00e4hlbar (deutsch\/englisch)<\/td><td class=\"column-2\">Gewicht: ca. 240 g<\/td><td class=\"column-3\">Sehr gutes Preis- Leistungsverh\u00e4ltnis<\/td>\n\t<\/tr>\n\t<tr class=\"row-8 even\">\n\t\t<td class=\"column-1\">Korrekturm\u00f6glichkeit (ESC) bei versehentlicher Falscheingabe<\/td><td class=\"column-2\">Gr\u00f6\u00dfe: ca. 82x137x36 mm<\/td><td class=\"column-3\">Versandkostenfreie Lieferung<\/td>\n\t<\/tr>\n\t<tr class=\"row-9 odd\">\n\t\t<td class=\"column-1\">Reichweite: ca. 0,3-1,0m<\/td><td class=\"column-2\">Schutzart: IP65<\/td><td class=\"column-3\">24 Monate Garantie<\/td>\n\t<\/tr>\n<\/tbody>\n<\/table>\n\n<p style=\"text-align: justify;\"><span style=\"color: #ffffff;\">.<\/span><\/p>\n<p style=\"text-align: justify;\"><a href=\"https:\/\/www.emmerl.de\/bos\/wp-content\/uploads\/2019\/09\/Pagertester-01.jpg\" data-rel=\"lightbox-image-2\" data-rl_title=\"\" data-rl_caption=\"\"><img loading=\"lazy\" decoding=\"async\" class=\"alignleft wp-image-2717 size-thumbnail\" title=\"\" src=\"https:\/\/www.emmerl.de\/bos\/wp-content\/uploads\/2019\/09\/Pagertester-01-117x150.jpg\" alt=\"\" width=\"117\" height=\"150\" srcset=\"https:\/\/www.emmerl.de\/bos\/wp-content\/uploads\/2019\/09\/Pagertester-01-117x150.jpg 117w, https:\/\/www.emmerl.de\/bos\/wp-content\/uploads\/2019\/09\/Pagertester-01-233x300.jpg 233w, https:\/\/www.emmerl.de\/bos\/wp-content\/uploads\/2019\/09\/Pagertester-01-768x988.jpg 768w, https:\/\/www.emmerl.de\/bos\/wp-content\/uploads\/2019\/09\/Pagertester-01.jpg 777w\" sizes=\"auto, (max-width: 117px) 100vw, 117px\" \/><\/a><\/p>\n<p style=\"text-align: justify;\"><span style=\"color: #ffffff;\">.<\/span><\/p>\n<p style=\"text-align: justify;\">Sie k\u00f6nnen mit dem PagerTester alle BOS-zugelassenen 5-Ton und POCSAG Meldeempf\u00e4nger pr\u00fcfen. Falls bei Ihnen in K\u00fcrze von analoger 5-Ton auf digitale POCSAG Alarmierung umgestellt wird, entstehen dabei keine zus\u00e4tzlichen Umr\u00fcstkosten. Ein Test von TETRA-Pagern ist leider nicht m\u00f6glich.<\/p>\n<p style=\"text-align: justify;\"><span style=\"color: #ffffff;\">.<\/span><\/p>\n<p style=\"text-align: justify;\"><span style=\"color: #ffffff;\">.<\/span><\/p>\n<ul>\n<li>Direktbestellung: <a href=\"https:\/\/www.emmerl.de\/shop\/de\/schnaeppchen\/pagertester\">Bestelllink<\/a><\/li>\n<li>Bedienungsanleitung V 4.0x: <a title=\"V1.40\" href=\"http:\/\/www.emmerl.de\/formulare\/bos-tester\/Bedienungsanleitung_PagerTester_V4.0x.pdf\">Downloadlink<\/a><\/li>\n<li>Kanal &#8211; Frequenz &#8211; Tabelle: <a title=\"Tabelle\" href=\"http:\/\/www.emmerl.de\/formulare\/bos-tester\/Kanaele-Frequenzen_BOS.pdf\">Downloadlink<\/a><\/li>\n<\/ul>\n<p>&nbsp;<\/p>\n<p><span style=\"text-decoration: underline;\">Technische Information:<\/span><\/p>\n<p style=\"text-align: justify;\" align=\"left\">Wie Sie oben bereits lesen konnten, k\u00f6nnen Sie mit diesem Melder-Tester eine ganze Reihe von Testfunktionen durchf\u00fchren. Wir m\u00f6chten Sie jedoch ausdr\u00fccklich darauf hinweisen, dass es sich beim Pager-Tester nicht um ein Messger\u00e4t mit exakten Toleranzen handelt. Dieses Ger\u00e4t eignet sich weder f\u00fcr Abgleicharbeiten oder Reparaturen, noch zur Ermittlung der genauen Empfangsempfindlichkeit oder zum Pr\u00fcfen des EMV-Verhaltens. Hierzu ist ein professioneller Funkmessplatz, eine TEM-Zelle sowie eine fundierte Ausbildung im Bereich Funktechnik notwendig.<\/p>","protected":false},"excerpt":{"rendered":"<p>Pr\u00fcfger\u00e4t f\u00fcr digitale und analoge Meldeempf\u00e4nger Eigenentwicklung aus unserem Hause!<a href=\"https:\/\/www.emmerl.de\/bos\/eigenentwicklungen\/pagertester\"> <strong>&#8230;<\/strong> <\/a><\/p>\n","protected":false},"author":5,"featured_media":0,"parent":53,"menu_order":2,"comment_status":"open","ping_status":"closed","template":"","meta":{"_acf_changed":false,"footnotes":""},"class_list":["post-2713","page","type-page","status-publish","hentry"],"acf":[],"_links":{"self":[{"href":"https:\/\/www.emmerl.de\/bos\/wp-json\/wp\/v2\/pages\/2713","targetHints":{"allow":["GET"]}}],"collection":[{"href":"https:\/\/www.emmerl.de\/bos\/wp-json\/wp\/v2\/pages"}],"about":[{"href":"https:\/\/www.emmerl.de\/bos\/wp-json\/wp\/v2\/types\/page"}],"author":[{"embeddable":true,"href":"https:\/\/www.emmerl.de\/bos\/wp-json\/wp\/v2\/users\/5"}],"replies":[{"embeddable":true,"href":"https:\/\/www.emmerl.de\/bos\/wp-json\/wp\/v2\/comments?post=2713"}],"version-history":[{"count":25,"href":"https:\/\/www.emmerl.de\/bos\/wp-json\/wp\/v2\/pages\/2713\/revisions"}],"predecessor-version":[{"id":3130,"href":"https:\/\/www.emmerl.de\/bos\/wp-json\/wp\/v2\/pages\/2713\/revisions\/3130"}],"up":[{"embeddable":true,"href":"https:\/\/www.emmerl.de\/bos\/wp-json\/wp\/v2\/pages\/53"}],"wp:attachment":[{"href":"https:\/\/www.emmerl.de\/bos\/wp-json\/wp\/v2\/media?parent=2713"}],"curies":[{"name":"wp","href":"https:\/\/api.w.org\/{rel}","templated":true}]}}