{"id":2999,"date":"2024-02-08T09:21:37","date_gmt":"2024-02-08T09:21:37","guid":{"rendered":"https:\/\/www.emmerl.de\/bos\/?page_id=2999"},"modified":"2024-02-12T09:30:47","modified_gmt":"2024-02-12T09:30:47","slug":"s-quad-c45","status":"publish","type":"page","link":"https:\/\/www.emmerl.de\/bos\/reparaturservice\/reparatur-von-digitalen-meldeempfaengern\/s-quad-c45","title":{"rendered":"s.QUAD C45"},"content":{"rendered":"<p>[vc_row][vc_column width=&#8220;2\/3&#8243;][vc_column_text]<\/p>\n<h3>Reparatur Swissphone s.QUAD C45 \/ s.QUAD C45V<\/h3>\n<p style=\"text-align: justify;\">Die professionelle Instandsetzung von Meldeempf\u00e4ngern und Funkger\u00e4ten f\u00fcr Feuerwehren und Rettungsdienste sowie andere Beh\u00f6rden und Organisationen mit Sicherheitsaufgaben <strong>BOS<\/strong> geh\u00f6rt bereits seit 1979\u00a0zu unserem Kerngesch\u00e4ft.<\/p>\n<p style=\"text-align: justify;\">Wir reparieren Ihren defekten digitalen Melder vom Typ Swissphone sQUAD C45 zum g\u00fcnstigen Pauschalpreis. In nur drei Tagen haben Sie Ihren Funkwecker voll funktionsf\u00e4hig wieder zur\u00fcck. Unser Service f\u00fcr Ihren Piepser ist schnell, billig und unkompliziert.<\/p>\n<p style=\"text-align: justify;\"><span style=\"color: #000000;\">Dabei werden alle vorhandenen Defekte Ihres Taschenmeldeempf\u00e4ngers beseitigt, beispielsweise elektrische Fehler, Empfangsprobleme, Displaysch\u00e4den, Geh\u00e4usesch\u00e4den, kaputte Vibrationsmotoren, zu leise Lautsprecher, etc. Selbstverst\u00e4ndlich k\u00f6nnen wir Ihren Meldeempf\u00e4nger auch umprogrammieren. Bei einer Reparatur ist die zus\u00e4tzliche \u00c4nderung der Programmierung kostenlos.<\/span><\/p>\n<p>[\/vc_column_text][\/vc_column][vc_column width=&#8220;1\/3&#8243;]<div class=\"avt_masterslider_el \" >\n\t\t<!-- MasterSlider -->\n\t\t<div id=\"P_MS69de96bf39a5e\" class=\"master-slider-parent ms-parent-id-39\" style=\"max-width:250px;\" >\n\n\t\t\t\n\t\t\t<!-- MasterSlider Main -->\n\t\t\t<div id=\"MS69de96bf39a5e\" class=\"master-slider ms-skin-default\" >\n\t\t\t\t \t\t\t\t \n\n\t\t\t<div  class=\"ms-slide\" data-delay=\"3\" data-fill-mode=\"fill\"   >\n\t\t\t\t\t<img decoding=\"async\" src=\"https:\/\/www.emmerl.de\/bos\/wp-content\/plugins\/masterslider\/public\/assets\/css\/blank.gif\" alt=\"\" title=\"Swissphone s.QUAD C45\" data-src=\"https:\/\/www.emmerl.de\/bos\/wp-content\/uploads\/2024\/02\/s.QUAD-C45-2.jpg\" \/>\n\t<a href=\"https:\/\/www.emmerl.de\/bos\/wp-content\/uploads\/2024\/02\/s.QUAD-C45-2.jpg\"      data-rel=\"lightbox-image-0\" data-rl_title=\"\" data-rl_caption=\"\" title=\"\">Swissphone s.QUAD C45<\/a>\n\n\n\t\t\t\t<\/div>\n\t\t\t<div  class=\"ms-slide\" data-delay=\"3\" data-fill-mode=\"fill\"   >\n\t\t\t\t\t<img decoding=\"async\" src=\"https:\/\/www.emmerl.de\/bos\/wp-content\/plugins\/masterslider\/public\/assets\/css\/blank.gif\" alt=\"\" title=\"s.QUAD X35-5\" data-src=\"https:\/\/www.emmerl.de\/bos\/wp-content\/uploads\/2016\/10\/squad-x35-5.jpg\" \/>\n\t<a href=\"https:\/\/www.emmerl.de\/bos\/wp-content\/uploads\/2016\/10\/s.QUAD-Voice-5.jpg\"      data-rel=\"lightbox-image-1\" data-rl_title=\"\" data-rl_caption=\"\" title=\"\">s.QUAD X35-5<\/a>\n\n\n\t\t\t\t<\/div>\n\t\t\t<div  class=\"ms-slide\" data-delay=\"3\" data-fill-mode=\"fill\"   >\n\t\t\t\t\t<img decoding=\"async\" src=\"https:\/\/www.emmerl.de\/bos\/wp-content\/plugins\/masterslider\/public\/assets\/css\/blank.gif\" alt=\"\" title=\"s.QUAD Voice 6\" data-src=\"https:\/\/www.emmerl.de\/bos\/wp-content\/uploads\/2016\/10\/s.QUAD-Voice-6.jpg\" \/>\n\n\n\t\t\t\t<\/div>\n\n\t\t\t<\/div>\n\t\t\t<!-- END MasterSlider Main -->\n\n\t\t\t \n\t\t<\/div>\n\t\t<!-- END MasterSlider -->\n\n\t\t<script>\n\t\t( window.MSReady = window.MSReady || [] ).push( function( $ ) {\n\n\t\t\t\"use strict\";\n\t\t\tvar masterslider_9a5e = new MasterSlider();\n\n\t\t\t\/\/ slider controls\n\t\t\tmasterslider_9a5e.control('arrows'     ,{ autohide:true, overVideo:true  });\n\t\t\t\/\/ slider setup\n\t\t\tmasterslider_9a5e.setup(\"MS69de96bf39a5e\", {\n\t\t\t\twidth           : 250,\n\t\t\t\theight          : 300,\n\t\t\t\tminHeight       : 0,\n\t\t\t\tspace           : 0,\n\t\t\t\tstart           : 1,\n\t\t\t\tgrabCursor      : true,\n\t\t\t\tswipe           : true,\n\t\t\t\tmouse           : true,\n\t\t\t\tkeyboard        : false,\n\t\t\t\tlayout          : \"boxed\",\n\t\t\t\twheel           : false,\n\t\t\t\tautoplay        : true,\n                instantStartLayers:false,\n\t\t\t\tmobileBGVideo:false,\n\t\t\t\tloop            : true,\n\t\t\t\tshuffle         : false,\n\t\t\t\tpreload         : 0,\n\t\t\t\theightLimit     : true,\n\t\t\t\tautoHeight      : true,\n\t\t\t\tsmoothHeight    : true,\n\t\t\t\tendPause        : false,\n\t\t\t\toverPause       : true,\n\t\t\t\tfillMode        : \"fill\",\n\t\t\t\tcenterControls  : true,\n\t\t\t\tstartOnAppear   : false,\n\t\t\t\tlayersMode      : \"center\",\n\t\t\t\tautofillTarget  : \"\",\n\t\t\t\thideLayers      : false,\n\t\t\t\tfullscreenMargin: 0,\n\t\t\t\tspeed           : 20,\n\t\t\t\tdir             : \"h\",\n\t\t\t\tresponsive      : true,\n\t\t\t\ttabletWidth     : 768,\n\t\t\t\ttabletHeight    : null,\n\t\t\t\tphoneWidth      : 480,\n\t\t\t\tphoneHeight    : null,\n\t\t\t\tsizingReference : window,\n\t\t\t\tparallaxMode    : 'swipe',\n\t\t\t\tview            : \"basic\"\n\t\t\t});\n\n\t\t\t\n\t\t\twindow.masterslider_instances = window.masterslider_instances || [];\n\t\t\twindow.masterslider_instances.push( masterslider_9a5e );\n\t\t});\n\t\t<\/script>\n\n<\/div>[\/vc_column][\/vc_row][vc_row][vc_column][vc_column_text]Folgende Typen von digitalen POCSAG Meldern reparieren wir:<\/p>\n<p style=\"text-align: justify;\"><strong><a title=\"s.QUAD X15\" href=\"https:\/\/www.emmerl.de\/bos\/reparaturservice\/reparatur-von-digitalen-meldeempfaengern\/squad-x15\">Swissphone s.QUAD X15<\/a><br \/>\n<a title=\"s.QUAD X35\" href=\"https:\/\/www.emmerl.de\/bos\/reparaturservice\/reparatur-von-digitalen-meldeempfaengern\/squad-x35\">Swissphone s.QUAD X35<\/a><\/strong><\/p>\n<p><strong><a title=\"s.QUAD C35\" href=\"https:\/\/www.emmerl.de\/bos\/reparaturservice\/reparatur-von-digitalen-meldeempfaengern\/s-quad-c35\">Swissphone s.QUAD C35<\/a><\/strong><br \/>\n<strong><a title=\"s.QUAD C45\" href=\"https:\/\/www.emmerl.de\/bos\/reparaturservice\/reparatur-von-digitalen-meldeempfaengern\/s-quad-c45\">Swissphone s.QUAD C45<\/a><\/strong><\/p>\n<p style=\"text-align: justify;\"><strong><a title=\"BOSS 900\" href=\"http:\/\/www.boss900.de\">Swissphone BOSS 900<\/a><\/strong><br \/>\n<a title=\"BOSS 910\" href=\"http:\/\/www.boss910.de\"><strong> Swissphone BOSS 910<\/strong><\/a><br \/>\n<a title=\"BOSS 915\" href=\"http:\/\/www.boss915.de\"><strong> Swissphone BOSS 915<\/strong><\/a><br \/>\n<a title=\"BOSS 920\" href=\"http:\/\/www.boss920.de\"><strong> Swissphone BOSS 920<\/strong><\/a><br \/>\n<a title=\"BOSS 925\" href=\"http:\/\/www.boss925.de\"><strong> Swissphone BOSS 925<\/strong><\/a><br \/>\n<a title=\"BOSS 935\" href=\"http:\/\/www.boss935.de\"><strong> Swissphone BOSS 935<\/strong><\/a><\/p>\n<p><a title=\"RES.Q\" href=\"https:\/\/www.emmerl.de\/bos\/reparaturservice\/reparatur-von-digitalen-meldeempfaengern\/res-q\"><strong>Swissphone RES.Q<\/strong><\/a><\/p>\n<p style=\"text-align: justify;\"><a title=\"Hurricane voice\" href=\"https:\/\/www.emmerl.de\/bos\/reparaturservice\/reparatur-von-digitalen-meldeempfaengern\/hurricane-voice-2\"><strong>Swissphone Hurricane voice<\/strong><\/a><br \/>\n<a title=\"Hurricane DUO\" href=\"https:\/\/www.emmerl.de\/bos\/reparaturservice\/reparatur-von-digitalen-meldeempfaengern\/hurricane-duo-2\"><strong> Swissphone Hurricane DUO<\/strong><\/a><\/p>\n<p style=\"text-align: justify;\"><a title=\"Patron plus\" href=\"https:\/\/www.emmerl.de\/bos\/patron-plus\"><strong>Swissphone Patron plus<\/strong><\/a><br \/>\n<a title=\"Patron pro\" href=\"https:\/\/www.emmerl.de\/bos\/patron-pro\"><strong> Swissphone Patron pro<\/strong><\/a><\/p>\n<p style=\"text-align: justify;\"><a title=\"Motorola LX2 plus\" href=\"https:\/\/www.emmerl.de\/bos\/lx2-plus\"><strong>Motorola LX 2<\/strong><\/a><br \/>\n<a title=\"Motorola LX4 plus\" href=\"https:\/\/www.emmerl.de\/bos\/lx4-plus\"><strong> Motorola LX4<\/strong><\/a><\/p>\n<p style=\"text-align: justify;\"><strong>Motorola Firestorm II<\/strong><br \/>\n<strong> Motorola Firestorm III<\/strong><\/p>\n<p style=\"text-align: justify;\"><a title=\"Oelmann LX2 Synthesizer\" href=\"https:\/\/www.emmerl.de\/bos\/lx2-synthesizer\"><strong>Oelmann LX2<\/strong><\/a><br \/>\n<a title=\"Oelmann LX4 Synthesizer\" href=\"https:\/\/www.emmerl.de\/bos\/lx4-synthesizer\"><strong> Oelmann LX4<\/strong><\/a><br \/>\n<a title=\"Oelmann LX7 Synthesizer\" href=\"https:\/\/www.emmerl.de\/bos\/reparaturservice\/reparatur-von-digitalen-meldeempfaengern\/lx7\"><strong>Oelmann LX7<\/strong><\/a><\/p>\n<p style=\"text-align: justify;\"><span style=\"color: #000000;\">Klicken Sie einfach auf die Bezeichnung des Melders um mehr Informationen \u00fcber das jeweilige Ger\u00e4t zu erhalten. Hier geht\u00b4s zur \u00dcbersicht \u00fcber die <a title=\"Reparatur von digitalen Meldeempf\u00e4ngern\" href=\"https:\/\/www.emmerl.de\/bos\/reparaturservice\/reparatur-von-digitalen-meldeempfaengern\">digitalen Meldeempf\u00e4nger.<\/a><\/span><\/p>\n<p style=\"text-align: justify;\"><span style=\"color: #ffffff;\">.<\/span><\/p>\n<h3 style=\"text-align: justify;\"><span style=\"color: #000000;\"><strong>Der Swissphone s.QUAD C45 hat folgende Leistungsmerkmale:<\/strong><\/span><\/h3>\n<p style=\"text-align: justify;\">Frequenzband: <span style=\"color: #000000;\"><strong>2m-Band BOS<\/strong><\/span><\/p>\n<p style=\"text-align: justify;\">Empfangsfrequenzaufbereitung: <strong><span style=\"color: #000000;\">PLL mit 10 MHZ Bandbreite<\/span><\/strong><\/p>\n<p style=\"text-align: justify;\">Alarmierungsverfahren: <span style=\"color: #000000;\"><strong>Hybrid &#8211; POCSAG und LTE-M<\/strong><\/span><\/p>\n<p style=\"text-align: justify;\">Rufnummern (RICs) max.: <span style=\"color: #000000;\"><strong>64 mit je 4 Subadressen <\/strong>(= 256 Schleifen)<\/span><\/p>\n<p style=\"text-align: justify;\">Display: <strong><span style=\"color: #000000;\">drehbares vollgrafisches<\/span> <span style=\"color: #000000;\">Display, beleuchtet<\/span><\/strong><\/p>\n<p style=\"text-align: justify;\">Displayanzeige:<span style=\"color: #000000;\"><strong> bis zu 200\u00a0Zeichen<\/strong><\/span><\/p>\n<p style=\"text-align: justify;\">Verschl\u00fcsselung s.QUAD C45:<span style=\"color: #000000;\"><strong> keine<\/strong><\/span><\/p>\n<p style=\"text-align: justify;\">Verschl\u00fcsselung s.QUAD C45V:<span style=\"color: #000000;\"><strong> DiCal-IDEA und BOSKRYPT<\/strong><\/span><\/p>\n<p style=\"text-align: justify;\">Anzeige von Fixtexten:<span style=\"color: #000000;\"> <strong>ja<\/strong><\/span><\/p>\n<p style=\"text-align: justify;\">Anzeige von \u00fcbertragenen Texten: <span style=\"color: #000000;\"><strong>ja<\/strong><\/span><\/p>\n<p style=\"text-align: justify;\">Express-Alarmierung m\u00f6glich: <span style=\"color: #000000;\"><strong>ja<\/strong><\/span><\/p>\n<p style=\"text-align: justify;\">Nutzerprofile: <span style=\"color: #000000;\"><strong>64<\/strong><\/span><\/p>\n<p style=\"text-align: justify;\">Alarmspeicher: <span style=\"color: #000000;\"><strong>100 Meldungen mit je max.\u00a0512 Zeichen<\/strong><\/span><\/p>\n<p style=\"text-align: justify;\">Vibrationsmotor: <span style=\"color: #000000;\"><strong>ja<\/strong><\/span><\/p>\n<p style=\"text-align: justify;\">Zus\u00e4tzliche Funksysteme: <span style=\"color: #000000;\"><strong>GPS und Bluetooth (BLE)<\/strong><\/span><\/p>\n<p>Zusatzfunktion: <span style=\"color: #000000;\"><strong>Notruf \u00fcber SOS-Taste<\/strong><\/span><\/p>\n<p style=\"text-align: justify;\"><span style=\"color: #ffffff;\">.<\/span><\/p>\n<p style=\"text-align: justify;\">Weitere Informationen \u00fcber diesen Meldeempf\u00e4nger finden Sie hier:<\/p>\n<p style=\"text-align: justify;\"><a title=\"Bedienungsanleitung s.QUAD C45\" href=\"https:\/\/www.emmerl.de\/bda\/bda_squad_c35_c45.pdf\">Bedienungsanleitung f\u00fcr Swissphone s.QUAD C45<\/a><\/p>\n<p style=\"text-align: justify;\"><a title=\"Prospekt s.QUAD C45\" href=\"https:\/\/www.emmerl.de\/bda\/prospekt_squad_c35_c45.pdf\">Prospekt f\u00fcr Swissphone s.QUAD C45<\/a><\/p>\n<p style=\"text-align: justify;\"><span style=\"color: #ffffff;\">.<\/span><\/p>\n<p><a title=\"Reparaturformular f\u00fcr Meldeempf\u00e4nger\" href=\"http:\/\/www.emmerl.de\/Formulare\/Reparaturschein_Meldeempfaenger.pdf\">Reparaturschein f\u00fcr Meldeempf\u00e4nger<\/a><\/p>\n<p><a title=\"Reparaturpreisliste anfordern\" href=\"https:\/\/www.emmerl.de\/bos\/wir-ueber-uns\/kontakt\">Reparaturpreisliste anfordern<\/a><\/p>\n<p><a title=\"Kontaktadresse\" href=\"https:\/\/www.emmerl.de\/bos\/wir-ueber-uns\/kontakt\">Kontaktadresse<\/a>[\/vc_column_text][\/vc_column][\/vc_row]<\/p>","protected":false},"excerpt":{"rendered":"<p>[vc_row][vc_column width=&#8220;2\/3&#8243;][vc_column_text] Reparatur Swissphone s.QUAD C45 \/ s.QUAD C45V Die<a href=\"https:\/\/www.emmerl.de\/bos\/reparaturservice\/reparatur-von-digitalen-meldeempfaengern\/s-quad-c45\"> <strong>&#8230;<\/strong> <\/a><\/p>\n","protected":false},"author":5,"featured_media":2586,"parent":30,"menu_order":1,"comment_status":"closed","ping_status":"closed","template":"","meta":{"_acf_changed":false,"footnotes":""},"class_list":["post-2999","page","type-page","status-publish","has-post-thumbnail","hentry"],"acf":[],"_links":{"self":[{"href":"https:\/\/www.emmerl.de\/bos\/wp-json\/wp\/v2\/pages\/2999","targetHints":{"allow":["GET"]}}],"collection":[{"href":"https:\/\/www.emmerl.de\/bos\/wp-json\/wp\/v2\/pages"}],"about":[{"href":"https:\/\/www.emmerl.de\/bos\/wp-json\/wp\/v2\/types\/page"}],"author":[{"embeddable":true,"href":"https:\/\/www.emmerl.de\/bos\/wp-json\/wp\/v2\/users\/5"}],"replies":[{"embeddable":true,"href":"https:\/\/www.emmerl.de\/bos\/wp-json\/wp\/v2\/comments?post=2999"}],"version-history":[{"count":9,"href":"https:\/\/www.emmerl.de\/bos\/wp-json\/wp\/v2\/pages\/2999\/revisions"}],"predecessor-version":[{"id":3045,"href":"https:\/\/www.emmerl.de\/bos\/wp-json\/wp\/v2\/pages\/2999\/revisions\/3045"}],"up":[{"embeddable":true,"href":"https:\/\/www.emmerl.de\/bos\/wp-json\/wp\/v2\/pages\/30"}],"wp:featuredmedia":[{"embeddable":true,"href":"https:\/\/www.emmerl.de\/bos\/wp-json\/wp\/v2\/media\/2586"}],"wp:attachment":[{"href":"https:\/\/www.emmerl.de\/bos\/wp-json\/wp\/v2\/media?parent=2999"}],"curies":[{"name":"wp","href":"https:\/\/api.w.org\/{rel}","templated":true}]}}