{"id":3084,"date":"2024-03-14T07:04:57","date_gmt":"2024-03-14T07:04:57","guid":{"rendered":"https:\/\/www.emmerl.de\/bos\/?page_id=3084"},"modified":"2024-03-14T07:14:32","modified_gmt":"2024-03-14T07:14:32","slug":"airbus-p8gr","status":"publish","type":"page","link":"https:\/\/www.emmerl.de\/bos\/reparaturservice\/reparatur-von-tetra-meldeempfaengern\/airbus-p8gr","title":{"rendered":"AIRBUS P8GR"},"content":{"rendered":"<p>[vc_row][vc_column width=&#8220;2\/3&#8243;][vc_column_text]<\/p>\n<h3 style=\"text-align: justify;\">Reparatur AIRBUS P8GR<\/h3>\n<p style=\"text-align: justify;\"><strong>Den TETRA-Pager der Firma AIRBUS k\u00f6nnen Sie uns leider nicht direkt zusenden.<\/strong><\/p>\n<p style=\"text-align: justify;\">Sie m\u00fcssen den P8GR immer zuerst \u00fcber das AIRBUS-Portal anmelden, bevor Sie uns den Pager zusenden k\u00f6nnen. Klicken Sie hierzu auf folgenden Link:<\/p>\n<p style=\"text-align: center;\"><a href=\"https:\/\/www.p8gr-hessen.de\/as\" target=\"_blank\" rel=\"noopener\"><strong>https:\/\/www.p8gr-hessen.de\/as\u00a0<\/strong><\/a><\/p>\n<p style=\"text-align: justify;\">Da wir das offizielle Repair-Center der Fa. AIRBUS f\u00fcr den P8GR sind, landen Ihre Ger\u00e4te schlie\u00dflich bei uns. Die Anmeldung im P8GR Hessen Abrufsystem sowie die Abrechnung l\u00e4uft jedoch \u00fcber die Firma AIRBUS. Sollten Sie hierzu Fragen oder Probleme haben, so wenden Sie sich unter folgenden Kontaktdaten direkt an AIRBUS:<\/p>\n<p style=\"text-align: center;\"><strong>Kundentelefon AIRBUS: 0731\/17511500<\/strong><\/p>\n<p style=\"text-align: center;\"><strong>Kunden-E-Mail AIRBUS: <a href=\"mailto:p8gr-repair@airbus.com\" target=\"_blank\" rel=\"noopener\">p8gr-repair@airbus.com<\/a>\u00a0<\/strong><\/p>\n<p style=\"text-align: justify;\">Bei technischen Fragen k\u00f6nnen Sie sich auch gerne an uns wenden, allerdings k\u00f6nnen wir Ihnen bei organisatorischen Angelegenheiten leider nicht weiterhelfen.<\/p>\n<p>[\/vc_column_text][\/vc_column][vc_column width=&#8220;1\/3&#8243;][vc_single_image image=&#8220;3082&#8243; onclick=&#8220;img_link_large&#8220;][\/vc_column][\/vc_row]<\/p>","protected":false},"excerpt":{"rendered":"<p>[vc_row][vc_column width=&#8220;2\/3&#8243;][vc_column_text] Reparatur AIRBUS P8GR Den TETRA-Pager der Firma AIRBUS<a href=\"https:\/\/www.emmerl.de\/bos\/reparaturservice\/reparatur-von-tetra-meldeempfaengern\/airbus-p8gr\"> <strong>&#8230;<\/strong> <\/a><\/p>\n","protected":false},"author":5,"featured_media":2586,"parent":3068,"menu_order":1,"comment_status":"closed","ping_status":"closed","template":"","meta":{"_acf_changed":false,"footnotes":""},"class_list":["post-3084","page","type-page","status-publish","has-post-thumbnail","hentry"],"acf":[],"_links":{"self":[{"href":"https:\/\/www.emmerl.de\/bos\/wp-json\/wp\/v2\/pages\/3084","targetHints":{"allow":["GET"]}}],"collection":[{"href":"https:\/\/www.emmerl.de\/bos\/wp-json\/wp\/v2\/pages"}],"about":[{"href":"https:\/\/www.emmerl.de\/bos\/wp-json\/wp\/v2\/types\/page"}],"author":[{"embeddable":true,"href":"https:\/\/www.emmerl.de\/bos\/wp-json\/wp\/v2\/users\/5"}],"replies":[{"embeddable":true,"href":"https:\/\/www.emmerl.de\/bos\/wp-json\/wp\/v2\/comments?post=3084"}],"version-history":[{"count":9,"href":"https:\/\/www.emmerl.de\/bos\/wp-json\/wp\/v2\/pages\/3084\/revisions"}],"predecessor-version":[{"id":3093,"href":"https:\/\/www.emmerl.de\/bos\/wp-json\/wp\/v2\/pages\/3084\/revisions\/3093"}],"up":[{"embeddable":true,"href":"https:\/\/www.emmerl.de\/bos\/wp-json\/wp\/v2\/pages\/3068"}],"wp:featuredmedia":[{"embeddable":true,"href":"https:\/\/www.emmerl.de\/bos\/wp-json\/wp\/v2\/media\/2586"}],"wp:attachment":[{"href":"https:\/\/www.emmerl.de\/bos\/wp-json\/wp\/v2\/media?parent=3084"}],"curies":[{"name":"wp","href":"https:\/\/api.w.org\/{rel}","templated":true}]}}