{"id":32,"date":"2012-05-24T15:46:24","date_gmt":"2012-05-24T15:46:24","guid":{"rendered":"http:\/\/wordpress.art-connect.de\/bos\/?page_id=32"},"modified":"2024-01-31T07:50:35","modified_gmt":"2024-01-31T07:50:35","slug":"reparatur-von-handsprechfunkgeraeten","status":"publish","type":"page","link":"https:\/\/www.emmerl.de\/bos\/reparaturservice\/reparatur-von-handsprechfunkgeraeten","title":{"rendered":"Reparatur von Handsprechfunkger\u00e4ten"},"content":{"rendered":"<p>[vc_row][vc_column][vc_column_text]Die Reparatur von Handsprechfunkger\u00e4ten geht eben so schnell und unkompliziert von statten, wie dies bei den Melderreparaturen der Fall ist. Einfach Funkger\u00e4t mit Fehlerbeschreibung einsenden &#8211; nach nur 3 Tagen haben Sie Ihr FuG repariert zur\u00fcck.<\/p>\n<p>Diese Ger\u00e4te reparieren wir:<\/p>\n<p><strong>Hersteller:<\/strong> Kenwood\u00a0 und\u00a0 Motorola<\/p>\n<p><strong>Typen:<\/strong> TETRA FuG &#8211; FuG 11b &#8211; FuG 13b[\/vc_column_text][vc_separator][\/vc_column][\/vc_row][vc_row][vc_column width=&#8220;1\/2&#8243;][vc_column_text]Motorola TETRA HRT<br \/>\nMotorola MTP850 FuG<br \/>\nMotorola MTP830 FuG[\/vc_column_text][\/vc_column][vc_column width=&#8220;1\/2&#8243;][vc_gallery type=&#8220;image_grid&#8220; images=&#8220;2961&#8243; onclick=&#8220;img_link_large&#8220; css_animation=&#8220;none&#8220;][\/vc_column][\/vc_row][vc_row][vc_column][vc_separator][\/vc_column][\/vc_row][vc_row][vc_column width=&#8220;1\/2&#8243;][vc_column_text]Kenwood FuG11b<br \/>\nKenwood TK-290<\/p>\n<p>[\/vc_column_text][\/vc_column][vc_column width=&#8220;1\/2&#8243;][vc_gallery type=&#8220;image_grid&#8220; images=&#8220;654&#8243;][\/vc_column][\/vc_row][vc_row][vc_column][vc_separator][\/vc_column][\/vc_row][vc_row][vc_column width=&#8220;1\/2&#8243;][vc_column_text]Motorola FuG11b<br \/>\nMotorola GP360<br \/>\nMotorola GP900<\/p>\n<p>[\/vc_column_text][\/vc_column][vc_column width=&#8220;1\/2&#8243;][vc_gallery type=&#8220;image_grid&#8220; images=&#8220;643,642&#8243;][\/vc_column][\/vc_row][vc_row][vc_column][vc_separator][\/vc_column][\/vc_row][vc_row][vc_column width=&#8220;1\/2&#8243;][vc_column_text]Motorola FuG13b<br \/>\nMotorola MTS2013<\/p>\n<p>[\/vc_column_text][\/vc_column][vc_column width=&#8220;1\/2&#8243;][vc_gallery type=&#8220;image_grid&#8220; images=&#8220;645&#8243;][\/vc_column][\/vc_row][vc_row][vc_column][vc_separator][\/vc_column][\/vc_row][vc_row][vc_column][vc_column_text]<a title=\"Reparaturformular f\u00fcr Funkger\u00e4te\" href=\"http:\/\/www.emmerl.de\/Formulare\/Reparaturschein_Funkgeraete.pdf\">Reparaturschein f\u00fcr Funkger\u00e4te<\/a><\/p>\n<p><a title=\"Reparaturpreisliste anfordern\" href=\"https:\/\/www.emmerl.de\/bos\/wir-ueber-uns\/kontakt\">Reparaturpreisliste anfordern<\/a><\/p>\n<p><a title=\"Kontaktadresse\" href=\"https:\/\/www.emmerl.de\/bos\/wir-ueber-uns\/kontakt\">Kontaktadresse<\/a>[\/vc_column_text][\/vc_column][\/vc_row]<\/p>","protected":false},"excerpt":{"rendered":"<p>[vc_row][vc_column][vc_column_text]Die Reparatur von Handsprechfunkger\u00e4ten geht eben so schnell und unkompliziert<a href=\"https:\/\/www.emmerl.de\/bos\/reparaturservice\/reparatur-von-handsprechfunkgeraeten\"> <strong>&#8230;<\/strong> <\/a><\/p>\n","protected":false},"author":1,"featured_media":0,"parent":23,"menu_order":3,"comment_status":"open","ping_status":"closed","template":"","meta":{"_acf_changed":false,"footnotes":""},"class_list":["post-32","page","type-page","status-publish","hentry"],"acf":[],"_links":{"self":[{"href":"https:\/\/www.emmerl.de\/bos\/wp-json\/wp\/v2\/pages\/32","targetHints":{"allow":["GET"]}}],"collection":[{"href":"https:\/\/www.emmerl.de\/bos\/wp-json\/wp\/v2\/pages"}],"about":[{"href":"https:\/\/www.emmerl.de\/bos\/wp-json\/wp\/v2\/types\/page"}],"author":[{"embeddable":true,"href":"https:\/\/www.emmerl.de\/bos\/wp-json\/wp\/v2\/users\/1"}],"replies":[{"embeddable":true,"href":"https:\/\/www.emmerl.de\/bos\/wp-json\/wp\/v2\/comments?post=32"}],"version-history":[{"count":34,"href":"https:\/\/www.emmerl.de\/bos\/wp-json\/wp\/v2\/pages\/32\/revisions"}],"predecessor-version":[{"id":2979,"href":"https:\/\/www.emmerl.de\/bos\/wp-json\/wp\/v2\/pages\/32\/revisions\/2979"}],"up":[{"embeddable":true,"href":"https:\/\/www.emmerl.de\/bos\/wp-json\/wp\/v2\/pages\/23"}],"wp:attachment":[{"href":"https:\/\/www.emmerl.de\/bos\/wp-json\/wp\/v2\/media?parent=32"}],"curies":[{"name":"wp","href":"https:\/\/api.w.org\/{rel}","templated":true}]}}