{"id":35,"date":"2012-05-24T15:47:30","date_gmt":"2012-05-24T15:47:30","guid":{"rendered":"http:\/\/wordpress.art-connect.de\/bos\/?page_id=35"},"modified":"2024-01-31T10:22:52","modified_gmt":"2024-01-31T10:22:52","slug":"reparatur-von-fahrzeugfunkgeraeten","status":"publish","type":"page","link":"https:\/\/www.emmerl.de\/bos\/reparaturservice\/reparatur-von-fahrzeugfunkgeraeten","title":{"rendered":"Reparatur von Fahrzeugfunkger\u00e4ten"},"content":{"rendered":"<p>[vc_row][vc_column][vc_column_text]Durch unsere langj\u00e4hrige Erfahrung sowie unser gro\u00dfes Ersatzteilsortiment k\u00f6nnen wir auch viele alte Fahrzeugfunkger\u00e4te reparieren von denen es schon seit Jahrzehnten keine Teile mehr gibt.<\/p>\n<p>Diese Ger\u00e4te reparieren wir:<\/p>\n<p><strong>Hersteller:<\/strong><br \/>\nBosch\u00a0\u00a0&#8211;\u00a0 Motorola &#8211;\u00a0 Radiodata<\/p>\n<p><strong>Typen:<\/strong><br \/>\nFuG 8 &#8211; FuG 9[\/vc_column_text][\/vc_column][\/vc_row][vc_row][vc_column][vc_separator][\/vc_column][\/vc_row][vc_row][vc_column width=&#8220;1\/2&#8243;][vc_column_text]Radiodata FuG8<br \/>\nMotorola FuG8<br \/>\nMotorola FuG9<br \/>\nBosch FuG8<br \/>\nBosch FuG9<\/p>\n<p>[\/vc_column_text][\/vc_column][vc_column width=&#8220;1\/2&#8243;][vc_gallery type=&#8220;image_grid&#8220; images=&#8220;637&#8243;][\/vc_column][\/vc_row][vc_row][vc_column][vc_separator][\/vc_column][\/vc_row][vc_row][vc_column][vc_empty_space height=&#8220;64px&#8220;][\/vc_column][\/vc_row][vc_row][vc_column width=&#8220;1\/2&#8243;][vc_column_text]<\/p>\n<h3>Keine Transportprobleme &#8230;<\/h3>\n<p>Viele unserer Kunden vertrauen auf unseren hervorragenden Reparaturservice f\u00fcr Fahrzeug-Funkger\u00e4te. Der Transport per Post oder Paketdienst ist sehr einfach. Somit spielt die Entfernungen keine Rolle!<\/p>\n<p style=\"text-align: left;\">Um Transportsch\u00e4den zu vermeiden, umwickeln Sie die Ger\u00e4te am besten mit Luftpolsterfolie oder festem Schaumstoff bzw. gro\u00dffl\u00e4chigem F\u00fcllmaterial. Verwenden Sie keine &#8222;Verpackungschips&#8220;. Benutzen Sie einen stabilen Karton f\u00fcr den Versand, dann kommt Ihr Fahrzeugfunkger\u00e4t sicher bei uns an.<\/p>\n<p><a title=\"Reparaturformular f\u00fcr Funkger\u00e4te\" href=\"http:\/\/www.emmerl.de\/Formulare\/Reparaturschein_Funkgeraete.pdf\">Reparaturschein f\u00fcr Funkger\u00e4te<\/a><\/p>\n<p><a title=\"Kontaktadresse\" href=\"https:\/\/www.emmerl.de\/bos\/wir-ueber-uns\/kontakt\">Kontaktadresse<\/a>[\/vc_column_text][\/vc_column][vc_column width=&#8220;1\/2&#8243;][vc_gallery type=&#8220;image_grid&#8220; images=&#8220;2980&#8243;][\/vc_column][\/vc_row]<\/p>","protected":false},"excerpt":{"rendered":"<p>[vc_row][vc_column][vc_column_text]Durch unsere langj\u00e4hrige Erfahrung sowie unser gro\u00dfes Ersatzteilsortiment k\u00f6nnen wir<a href=\"https:\/\/www.emmerl.de\/bos\/reparaturservice\/reparatur-von-fahrzeugfunkgeraeten\"> <strong>&#8230;<\/strong> <\/a><\/p>\n","protected":false},"author":1,"featured_media":0,"parent":23,"menu_order":4,"comment_status":"open","ping_status":"closed","template":"","meta":{"_acf_changed":false,"footnotes":""},"class_list":["post-35","page","type-page","status-publish","hentry"],"acf":[],"_links":{"self":[{"href":"https:\/\/www.emmerl.de\/bos\/wp-json\/wp\/v2\/pages\/35","targetHints":{"allow":["GET"]}}],"collection":[{"href":"https:\/\/www.emmerl.de\/bos\/wp-json\/wp\/v2\/pages"}],"about":[{"href":"https:\/\/www.emmerl.de\/bos\/wp-json\/wp\/v2\/types\/page"}],"author":[{"embeddable":true,"href":"https:\/\/www.emmerl.de\/bos\/wp-json\/wp\/v2\/users\/1"}],"replies":[{"embeddable":true,"href":"https:\/\/www.emmerl.de\/bos\/wp-json\/wp\/v2\/comments?post=35"}],"version-history":[{"count":37,"href":"https:\/\/www.emmerl.de\/bos\/wp-json\/wp\/v2\/pages\/35\/revisions"}],"predecessor-version":[{"id":2987,"href":"https:\/\/www.emmerl.de\/bos\/wp-json\/wp\/v2\/pages\/35\/revisions\/2987"}],"up":[{"embeddable":true,"href":"https:\/\/www.emmerl.de\/bos\/wp-json\/wp\/v2\/pages\/23"}],"wp:attachment":[{"href":"https:\/\/www.emmerl.de\/bos\/wp-json\/wp\/v2\/media?parent=35"}],"curies":[{"name":"wp","href":"https:\/\/api.w.org\/{rel}","templated":true}]}}