{"id":37,"date":"2012-05-24T15:53:46","date_gmt":"2012-05-24T15:53:46","guid":{"rendered":"http:\/\/wordpress.art-connect.de\/bos\/?page_id=37"},"modified":"2024-01-31T10:34:35","modified_gmt":"2024-01-31T10:34:35","slug":"technik","status":"publish","type":"page","link":"https:\/\/www.emmerl.de\/bos\/reparaturservice\/technik","title":{"rendered":"Technik"},"content":{"rendered":"<h1><span style=\"color: #ff0000;\">Schnelligkeit und Qualit\u00e4t<\/span> &#8211; bei uns kein Widerspruch sondern die Regel!<\/h1>\n<h1>So reparieren wir&#8230;<\/h1>\n<p>&nbsp;<\/p>\n<h3><em><a href=\"https:\/\/www.emmerl.de\/bos\/wp-content\/uploads\/2012\/08\/uhr.jpg\" data-rel=\"lightbox-image-0\" data-rl_title=\"\" data-rl_caption=\"\"><img loading=\"lazy\" decoding=\"async\" class=\"alignleft size-thumbnail wp-image-707\" title=\"\" src=\"https:\/\/www.emmerl.de\/bos\/wp-content\/uploads\/2012\/08\/uhr-150x148.jpg\" alt=\"Uhr\" width=\"150\" height=\"148\" srcset=\"https:\/\/www.emmerl.de\/bos\/wp-content\/uploads\/2012\/08\/uhr-150x148.jpg 150w, https:\/\/www.emmerl.de\/bos\/wp-content\/uploads\/2012\/08\/uhr-300x297.jpg 300w, https:\/\/www.emmerl.de\/bos\/wp-content\/uploads\/2012\/08\/uhr-250x248.jpg 250w, https:\/\/www.emmerl.de\/bos\/wp-content\/uploads\/2012\/08\/uhr.jpg 800w\" sizes=\"auto, (max-width: 150px) 100vw, 150px\" \/><\/a><\/em>Schnell<\/h3>\n<p>Ihre Ger\u00e4te haben bei uns in der Regel eine Reparaturdurchlaufzeit von nur einem Arbeitstag. Die meisten Ger\u00e4te gehen noch am Posteingangstag repariert wieder zur\u00fcck.<\/p>\n<p>&nbsp;<\/p>\n<p>&nbsp;<\/p>\n<h3><a href=\"https:\/\/www.emmerl.de\/bos\/wp-content\/uploads\/2021\/02\/Ersatzteile-2.jpg\" data-rel=\"lightbox-image-1\" data-rl_title=\"\" data-rl_caption=\"\"><img loading=\"lazy\" decoding=\"async\" class=\"alignright wp-image-2874 size-thumbnail\" title=\"\" src=\"https:\/\/www.emmerl.de\/bos\/wp-content\/uploads\/2021\/02\/Ersatzteile-2-150x114.jpg\" alt=\"\" width=\"150\" height=\"114\" srcset=\"https:\/\/www.emmerl.de\/bos\/wp-content\/uploads\/2021\/02\/Ersatzteile-2-150x114.jpg 150w, https:\/\/www.emmerl.de\/bos\/wp-content\/uploads\/2021\/02\/Ersatzteile-2-300x228.jpg 300w, https:\/\/www.emmerl.de\/bos\/wp-content\/uploads\/2021\/02\/Ersatzteile-2-768x583.jpg 768w, https:\/\/www.emmerl.de\/bos\/wp-content\/uploads\/2021\/02\/Ersatzteile-2.jpg 1000w\" sizes=\"auto, (max-width: 150px) 100vw, 150px\" \/><\/a>Ersatzteile<\/h3>\n<p>Wir verwenden \u00fcberwiegend Original-Ersatzteile der Ger\u00e4tehersteller. Sollten diese nicht mehr verf\u00fcgbar sein, werden qualitativ gleich- oder h\u00f6herwertige Komponenten alternativer Lieferanten verbaut.<\/p>\n<p>&nbsp;<\/p>\n<h3><a href=\"https:\/\/www.emmerl.de\/bos\/wp-content\/uploads\/2012\/09\/Loeten-07.jpg\" data-rel=\"lightbox-image-2\" data-rl_title=\"\" data-rl_caption=\"\"><img loading=\"lazy\" decoding=\"async\" class=\"alignleft size-thumbnail wp-image-1036\" title=\"\" src=\"https:\/\/www.emmerl.de\/bos\/wp-content\/uploads\/2012\/09\/Loeten-07-150x134.jpg\" alt=\"Loettechnik\" width=\"150\" height=\"134\" srcset=\"https:\/\/www.emmerl.de\/bos\/wp-content\/uploads\/2012\/09\/Loeten-07-150x134.jpg 150w, https:\/\/www.emmerl.de\/bos\/wp-content\/uploads\/2012\/09\/Loeten-07-300x269.jpg 300w, https:\/\/www.emmerl.de\/bos\/wp-content\/uploads\/2012\/09\/Loeten-07-250x224.jpg 250w, https:\/\/www.emmerl.de\/bos\/wp-content\/uploads\/2012\/09\/Loeten-07.jpg 800w\" sizes=\"auto, (max-width: 150px) 100vw, 150px\" \/><\/a>L\u00f6ttechnik<\/h3>\n<p>Ihre Ger\u00e4te werden in unserer Werkstatt einer \u00e4u\u00dferst schonenden Reparatur unterzogen. Wir arbeiten mit neuesten L\u00f6tmethoden, wie z.B. Hei\u00dfluft oder selbst entwickelten L\u00f6tstempeln, die keinerlei Besch\u00e4digung an der Platine verursachen und so den Originalzustand erhalten. Somit ist nicht nur die Funktionst\u00fcchtigkeit wieder hergestellt, sondern auch die Langlebigkeit der Ger\u00e4te gew\u00e4hrleistet.<\/p>\n<p>&nbsp;<\/p>\n<h3><a href=\"https:\/\/www.emmerl.de\/bos\/wp-content\/uploads\/2012\/09\/Pruefadapter-1.jpg\" data-rel=\"lightbox-image-3\" data-rl_title=\"\" data-rl_caption=\"\"><img loading=\"lazy\" decoding=\"async\" class=\"alignright size-thumbnail wp-image-1059\" title=\"\" src=\"https:\/\/www.emmerl.de\/bos\/wp-content\/uploads\/2012\/09\/Pruefadapter-1-150x99.jpg\" alt=\"Sicherheit\" width=\"150\" height=\"99\" srcset=\"https:\/\/www.emmerl.de\/bos\/wp-content\/uploads\/2012\/09\/Pruefadapter-1-150x99.jpg 150w, https:\/\/www.emmerl.de\/bos\/wp-content\/uploads\/2012\/09\/Pruefadapter-1-300x199.jpg 300w, https:\/\/www.emmerl.de\/bos\/wp-content\/uploads\/2012\/09\/Pruefadapter-1-250x166.jpg 250w, https:\/\/www.emmerl.de\/bos\/wp-content\/uploads\/2012\/09\/Pruefadapter-1.jpg 800w\" sizes=\"auto, (max-width: 150px) 100vw, 150px\" \/><\/a>Sicherheit<\/h3>\n<p>Jedes Ger\u00e4t wird neu abgeglichen, auf beste Ansprechempfindlichkeit eingestellt und auf zeitweise Fehler untersucht. Wir beheben Schwachstellen in den Ger\u00e4ten und beugen Folgesch\u00e4den vor.<\/p>\n<p>&nbsp;<\/p>\n<h3><a href=\"https:\/\/www.emmerl.de\/bos\/wp-content\/uploads\/2012\/05\/Genauigkeit1.jpg\" data-rel=\"lightbox-image-4\" data-rl_title=\"\" data-rl_caption=\"\"><img loading=\"lazy\" decoding=\"async\" class=\"alignleft size-full wp-image-175\" title=\"\" src=\"https:\/\/www.emmerl.de\/bos\/wp-content\/uploads\/2012\/05\/Genauigkeit1.jpg\" alt=\"\" width=\"150\" height=\"113\" \/><\/a>Genauigkeit<\/h3>\n<p>Diese Darstellung auf einem Oszilloskop zeigt bildlich das &#8222;Herz&#8220; des Empf\u00e4ngers. Dabei handelt es sich um das Oszillatorquarz bzw. verschiedene Empfangsquarze, \u00a0die wir auf Schwebungsnull abgleichen. So stimmen alle Frequenzabl\u00e4ufe Ihrer Ger\u00e4te auf das Millionstel genau. Das garantiert optimale Reichweite.<\/p>\n<p>&nbsp;<\/p>\n<h3><a href=\"https:\/\/www.emmerl.de\/bos\/wp-content\/uploads\/2012\/09\/Software.jpg\" data-rel=\"lightbox-image-5\" data-rl_title=\"\" data-rl_caption=\"\"><img loading=\"lazy\" decoding=\"async\" class=\"alignright size-thumbnail wp-image-722\" title=\"\" src=\"https:\/\/www.emmerl.de\/bos\/wp-content\/uploads\/2012\/09\/Software-150x108.jpg\" alt=\"Software\" width=\"150\" height=\"108\" srcset=\"https:\/\/www.emmerl.de\/bos\/wp-content\/uploads\/2012\/09\/Software-150x108.jpg 150w, https:\/\/www.emmerl.de\/bos\/wp-content\/uploads\/2012\/09\/Software-300x217.jpg 300w, https:\/\/www.emmerl.de\/bos\/wp-content\/uploads\/2012\/09\/Software-250x181.jpg 250w, https:\/\/www.emmerl.de\/bos\/wp-content\/uploads\/2012\/09\/Software.jpg 800w\" sizes=\"auto, (max-width: 150px) 100vw, 150px\" \/><\/a>Software<\/h3>\n<p>Wir verwenden stets aktuelle Software-Versionen (Firmware, Einrichtungssoftware, Programmiersoftware etc.)\u00a0f\u00fcr alle\u00a0bei uns reparierten Ger\u00e4te. So sind auch\u00a0Ihre Ger\u00e4te\u00a0immer auf dem neusten Stand. Unsere Techniker arbeiten mit von uns selbst entwickelten Programmen\u00a0die genau auf die Anforderungen hochwertiger Reparaturabl\u00e4ufe zugeschnitten sind.<\/p>\n<p>&nbsp;<\/p>\n<p>&nbsp;<\/p>\n<h3><a href=\"https:\/\/www.emmerl.de\/bos\/wp-content\/uploads\/2012\/05\/prueffeld1.jpg\" data-rel=\"lightbox-image-6\" data-rl_title=\"\" data-rl_caption=\"\"><img loading=\"lazy\" decoding=\"async\" class=\"alignleft size-full wp-image-177\" title=\"\" src=\"https:\/\/www.emmerl.de\/bos\/wp-content\/uploads\/2012\/05\/prueffeld1.jpg\" alt=\"\" width=\"150\" height=\"128\" \/><\/a>Reichweiteoptimierung im Pr\u00fcffeld<\/h3>\n<p>Jedes Ger\u00e4t durchl\u00e4uft ein individuell gestaltetes Pr\u00fcffeld und wird auf Toleranzen und Funkst\u00f6rstrahlung \u00fcberpr\u00fcft. In einer Freifeldmessbox stellen wir Ihre Ger\u00e4te auf maximal m\u00f6gliche Reichweite bzw. optimalen Empfang\u00a0ein. W\u00e4hrend unserer langj\u00e4hrigen Erfahrung haben wird dabei eigene Abgleichmethoden entwickelt, die wirklich die letzten Meter an Ansprechempfindlichkeit aus Ihren Ger\u00e4ten herausholen.<\/p>\n<p>Wichtig: regelm\u00e4\u00dfige Kalibrierung<\/p>\n<p>Unsere Messger\u00e4te werden regelm\u00e4\u00dfig \u00fcberpr\u00fcft und kalibriert. Dies gew\u00e4hrleistet hohe Messgenauigkeit und die gleichbleibend gute Qualit\u00e4t unserer Reparaturen.<\/p>","protected":false},"excerpt":{"rendered":"<p>Schnelligkeit und Qualit\u00e4t &#8211; bei uns kein Widerspruch sondern die<a href=\"https:\/\/www.emmerl.de\/bos\/reparaturservice\/technik\"> <strong>&#8230;<\/strong> <\/a><\/p>\n","protected":false},"author":1,"featured_media":0,"parent":23,"menu_order":5,"comment_status":"open","ping_status":"closed","template":"","meta":{"_acf_changed":false,"footnotes":""},"class_list":["post-37","page","type-page","status-publish","hentry"],"acf":[],"_links":{"self":[{"href":"https:\/\/www.emmerl.de\/bos\/wp-json\/wp\/v2\/pages\/37","targetHints":{"allow":["GET"]}}],"collection":[{"href":"https:\/\/www.emmerl.de\/bos\/wp-json\/wp\/v2\/pages"}],"about":[{"href":"https:\/\/www.emmerl.de\/bos\/wp-json\/wp\/v2\/types\/page"}],"author":[{"embeddable":true,"href":"https:\/\/www.emmerl.de\/bos\/wp-json\/wp\/v2\/users\/1"}],"replies":[{"embeddable":true,"href":"https:\/\/www.emmerl.de\/bos\/wp-json\/wp\/v2\/comments?post=37"}],"version-history":[{"count":62,"href":"https:\/\/www.emmerl.de\/bos\/wp-json\/wp\/v2\/pages\/37\/revisions"}],"predecessor-version":[{"id":2989,"href":"https:\/\/www.emmerl.de\/bos\/wp-json\/wp\/v2\/pages\/37\/revisions\/2989"}],"up":[{"embeddable":true,"href":"https:\/\/www.emmerl.de\/bos\/wp-json\/wp\/v2\/pages\/23"}],"wp:attachment":[{"href":"https:\/\/www.emmerl.de\/bos\/wp-json\/wp\/v2\/media?parent=37"}],"curies":[{"name":"wp","href":"https:\/\/api.w.org\/{rel}","templated":true}]}}