{"id":41,"date":"2012-05-24T15:54:30","date_gmt":"2012-05-24T15:54:30","guid":{"rendered":"http:\/\/wordpress.art-connect.de\/bos\/?page_id=41"},"modified":"2016-11-07T14:41:42","modified_gmt":"2016-11-07T14:41:42","slug":"meldeempfaenger","status":"publish","type":"page","link":"https:\/\/www.emmerl.de\/bos\/meldeempfaenger","title":{"rendered":"Meldeempf\u00e4nger"},"content":{"rendered":"<p>Wir bieten Ihnen die aktuellen Neuger\u00e4te der namhaftesten Hersteller an. Alle von uns vertriebenen Melder k\u00f6nnen im Fehlerfall auch direkt bei uns im Haus repariert werden.<\/p>\n<p>&nbsp;<\/p>\n<p style=\"text-align: center;\"><a title=\"Analoge Meldeempf\u00e4nger\" href=\"https:\/\/www.emmerl.de\/bos\/meldeempfaenger\/analoge-meldeempfaenger\">Analoge Meldeempf\u00e4nger (5-Ton)<\/a>\u00a0\u00a0\u00a0\u00a0\u00a0\u00a0\u00a0\u00a0\u00a0\u00a0\u00a0\u00a0\u00a0\u00a0\u00a0 <a title=\"Digitale Meldeempf\u00e4nger\" href=\"https:\/\/www.emmerl.de\/bos\/meldeempfaenger\/digitale-meldeempfaenger\">Digitale Meldeempf\u00e4nger (POCSAG)<\/a><\/p>\n<p><span style=\"color: #ffffff;\">.<\/span><\/p>\n<p>Sollten Sie Interesse an Gebrauchtger\u00e4ten haben, dann sehen Sie doch mal in unserem <a title=\"Shop\" href=\"http:\/\/www.emmerl.de\/shop\" target=\"_blank\">Webshop<\/a> nach. Hier finden Sie &#8211; stets aktuell &#8211; alle lieferbaren Gebrauchtger\u00e4te.<\/p>\n<p>Infos\u00a0\u00fcber die neueste Meldeempf\u00e4ngergeneration von Swissphone &#8211; die <strong>s.QUAD<\/strong>-Modelle &#8211; finden Sie hier:<\/p>\n<p style=\"text-align: center;\"><a href=\"http:\/\/www.squad.info\">www.squad.info<\/a><\/p>\n<p>&nbsp;<\/p>","protected":false},"excerpt":{"rendered":"<p>Wir bieten Ihnen die aktuellen Neuger\u00e4te der namhaftesten Hersteller an.<a href=\"https:\/\/www.emmerl.de\/bos\/meldeempfaenger\"> <strong>&#8230;<\/strong> <\/a><\/p>\n","protected":false},"author":1,"featured_media":0,"parent":0,"menu_order":2,"comment_status":"open","ping_status":"closed","template":"","meta":{"_acf_changed":false,"footnotes":""},"class_list":["post-41","page","type-page","status-publish","hentry"],"acf":[],"_links":{"self":[{"href":"https:\/\/www.emmerl.de\/bos\/wp-json\/wp\/v2\/pages\/41","targetHints":{"allow":["GET"]}}],"collection":[{"href":"https:\/\/www.emmerl.de\/bos\/wp-json\/wp\/v2\/pages"}],"about":[{"href":"https:\/\/www.emmerl.de\/bos\/wp-json\/wp\/v2\/types\/page"}],"author":[{"embeddable":true,"href":"https:\/\/www.emmerl.de\/bos\/wp-json\/wp\/v2\/users\/1"}],"replies":[{"embeddable":true,"href":"https:\/\/www.emmerl.de\/bos\/wp-json\/wp\/v2\/comments?post=41"}],"version-history":[{"count":15,"href":"https:\/\/www.emmerl.de\/bos\/wp-json\/wp\/v2\/pages\/41\/revisions"}],"predecessor-version":[{"id":2655,"href":"https:\/\/www.emmerl.de\/bos\/wp-json\/wp\/v2\/pages\/41\/revisions\/2655"}],"wp:attachment":[{"href":"https:\/\/www.emmerl.de\/bos\/wp-json\/wp\/v2\/media?parent=41"}],"curies":[{"name":"wp","href":"https:\/\/api.w.org\/{rel}","templated":true}]}}