{"id":45,"date":"2012-05-24T15:55:00","date_gmt":"2012-05-24T15:55:00","guid":{"rendered":"http:\/\/wordpress.art-connect.de\/bos\/?page_id=45"},"modified":"2024-02-12T09:26:37","modified_gmt":"2024-02-12T09:26:37","slug":"digitale-meldeempfaenger","status":"publish","type":"page","link":"https:\/\/www.emmerl.de\/bos\/meldeempfaenger\/digitale-meldeempfaenger","title":{"rendered":"Digitale Meldeempf\u00e4nger"},"content":{"rendered":"<p>[vc_row][vc_column][vc_column_text]<\/p>\n<h2>Folgende neue digitale POCSAG Meldeempf\u00e4nger im 2m-BOS-Band k\u00f6nnen wir Ihnen anbieten:<\/h2>\n<p>&nbsp;<\/p>\n<h3><\/h3>\n<p><a href=\"https:\/\/www.emmerl.de\/bos\/wp-content\/uploads\/2016\/10\/squad-x15-2.jpg\" data-rel=\"lightbox-image-0\" data-rl_title=\"\" data-rl_caption=\"\" title=\"\"><img loading=\"lazy\" decoding=\"async\" class=\"alignright wp-image-2604 size-thumbnail\" src=\"https:\/\/www.emmerl.de\/bos\/wp-content\/uploads\/2016\/10\/squad-x15-2-150x116.jpg\" width=\"150\" height=\"116\" srcset=\"https:\/\/www.emmerl.de\/bos\/wp-content\/uploads\/2016\/10\/squad-x15-2-150x116.jpg 150w, https:\/\/www.emmerl.de\/bos\/wp-content\/uploads\/2016\/10\/squad-x15-2-300x233.jpg 300w, https:\/\/www.emmerl.de\/bos\/wp-content\/uploads\/2016\/10\/squad-x15-2-768x596.jpg 768w, https:\/\/www.emmerl.de\/bos\/wp-content\/uploads\/2016\/10\/squad-x15-2-1024x795.jpg 1024w, https:\/\/www.emmerl.de\/bos\/wp-content\/uploads\/2016\/10\/squad-x15-2.jpg 1031w\" sizes=\"auto, (max-width: 150px) 100vw, 150px\" \/><\/a><\/p>\n<h3><a title=\"s.QUAD X15\" href=\"https:\/\/www.emmerl.de\/bos\/reparaturservice\/reparatur-von-digitalen-meldeempfaengern\/squad-x15\">Swissphone s.QUAD X15<\/a><\/h3>\n<ul>\n<li>Alarmschleifen:\u00a064 (16 RICs mit je 4 Subadressen)<\/li>\n<li>Display:\u00a0vollgrafisches Display, \u00fcber 200 Zeichen,<br \/>\nbeleuchtet, drehbar\u00a0programmierbar\u00a0(vertikal oder horizontal)<\/li>\n<li>Vibrationsalarm: ja<\/li>\n<li>Alarmspeicher: 100 Meldungen<\/li>\n<li>Betriebsdauer: ca. 2.400 Std.<\/li>\n<\/ul>\n<p>Weitere Infos \u00fcber den s.QUAD sowie ein Produktfilmchen finden Sie hier: <a href=\"http:\/\/www.swissphone.com\/de\/product\/s-quad-alarmierung-in-bestform\/\" target=\"_blank\" rel=\"noopener\">s.QUAD<\/a><\/p>\n<p>&nbsp;<\/p>\n<p><a href=\"https:\/\/www.emmerl.de\/bos\/wp-content\/uploads\/2016\/10\/squad-x35-1.jpg\" data-rel=\"lightbox-image-1\" data-rl_title=\"\" data-rl_caption=\"\" title=\"\"><img loading=\"lazy\" decoding=\"async\" class=\"alignright wp-image-2611 size-thumbnail\" src=\"https:\/\/www.emmerl.de\/bos\/wp-content\/uploads\/2016\/10\/squad-x35-1-150x116.jpg\" width=\"150\" height=\"116\" srcset=\"https:\/\/www.emmerl.de\/bos\/wp-content\/uploads\/2016\/10\/squad-x35-1-150x116.jpg 150w, https:\/\/www.emmerl.de\/bos\/wp-content\/uploads\/2016\/10\/squad-x35-1-300x231.jpg 300w, https:\/\/www.emmerl.de\/bos\/wp-content\/uploads\/2016\/10\/squad-x35-1-768x592.jpg 768w, https:\/\/www.emmerl.de\/bos\/wp-content\/uploads\/2016\/10\/squad-x35-1-1024x790.jpg 1024w, https:\/\/www.emmerl.de\/bos\/wp-content\/uploads\/2016\/10\/squad-x35-1.jpg 1037w\" sizes=\"auto, (max-width: 150px) 100vw, 150px\" \/><\/a><\/p>\n<h3><a title=\"s.QUAD X35\" href=\"https:\/\/www.emmerl.de\/bos\/reparaturservice\/reparatur-von-digitalen-meldeempfaengern\/squad-x35\">Swissphone s.QUAD X35<\/a><\/h3>\n<ul>\n<li>Alarmschleifen:\u00a0256 (64 RICs mit je 4 Subadressen)<\/li>\n<li>Display:\u00a0vollgrafisches Display, \u00fcber 200 Zeichen,<br \/>\nbeleuchtet, drehbar\u00a0programmierbar\u00a0(vertikal oder horizontal)<\/li>\n<li>Vibrationsalarm: ja<\/li>\n<li>Alarmspeicher: 100 Meldungen<\/li>\n<li>Betriebsdauer: ca. 2.400 Std.<\/li>\n<\/ul>\n<p>Weitere Infos \u00fcber den s.QUAD sowie ein Produktfilmchen finden Sie hier: <a href=\"http:\/\/www.swissphone.com\/de\/product\/s-quad-alarmierung-in-bestform\/\" target=\"_blank\" rel=\"noopener\">s.QUAD<\/a><\/p>\n<p>&nbsp;<\/p>\n<p><a href=\"https:\/\/www.emmerl.de\/bos\/wp-content\/uploads\/2024\/02\/s.QUAD-C35-2.jpg\" data-rel=\"lightbox-image-2\" data-rl_title=\"\" data-rl_caption=\"\"><img loading=\"lazy\" decoding=\"async\" class=\"alignright wp-image-2997 size-thumbnail\" title=\"\" src=\"https:\/\/www.emmerl.de\/bos\/wp-content\/uploads\/2024\/02\/s.QUAD-C35-2-150x117.jpg\" alt=\"\" width=\"150\" height=\"117\" srcset=\"https:\/\/www.emmerl.de\/bos\/wp-content\/uploads\/2024\/02\/s.QUAD-C35-2-150x117.jpg 150w, https:\/\/www.emmerl.de\/bos\/wp-content\/uploads\/2024\/02\/s.QUAD-C35-2-300x233.jpg 300w, https:\/\/www.emmerl.de\/bos\/wp-content\/uploads\/2024\/02\/s.QUAD-C35-2-768x598.jpg 768w, https:\/\/www.emmerl.de\/bos\/wp-content\/uploads\/2024\/02\/s.QUAD-C35-2.jpg 1000w\" sizes=\"auto, (max-width: 150px) 100vw, 150px\" \/><\/a><\/p>\n<h3><a title=\"s.QUAD C35\" href=\"https:\/\/www.emmerl.de\/bos\/reparaturservice\/reparatur-von-digitalen-meldeempfaengern\/s-quad-c35\">Swissphone s.QUAD C35<\/a><\/h3>\n<ul>\n<li>R\u00fcckmeldem\u00f6glichkeit \u00fcber Mobilfunkmodul<\/li>\n<li>Alarmschleifen:\u00a0256 (64 RICs mit je 4 Subadressen)<\/li>\n<li>Display:\u00a0vollgrafisches Display, \u00fcber 200 Zeichen,<br \/>\nbeleuchtet, drehbar\u00a0programmierbar\u00a0(vertikal oder horizontal)<\/li>\n<li>Vibrationsalarm: ja<\/li>\n<li>Alarmspeicher: 100 Meldungen<\/li>\n<li>Betriebsdauer: ca. 400 Std.<\/li>\n<\/ul>\n<p>&nbsp;<\/p>\n<p><a href=\"https:\/\/www.emmerl.de\/bos\/wp-content\/uploads\/2024\/02\/s.QUAD-C45-2.jpg\" data-rel=\"lightbox-image-3\" data-rl_title=\"\" data-rl_caption=\"\"><img loading=\"lazy\" decoding=\"async\" class=\"alignright wp-image-2996 size-thumbnail\" title=\"\" src=\"https:\/\/www.emmerl.de\/bos\/wp-content\/uploads\/2024\/02\/s.QUAD-C45-2-150x117.jpg\" alt=\"\" width=\"150\" height=\"117\" srcset=\"https:\/\/www.emmerl.de\/bos\/wp-content\/uploads\/2024\/02\/s.QUAD-C45-2-150x117.jpg 150w, https:\/\/www.emmerl.de\/bos\/wp-content\/uploads\/2024\/02\/s.QUAD-C45-2-300x234.jpg 300w, https:\/\/www.emmerl.de\/bos\/wp-content\/uploads\/2024\/02\/s.QUAD-C45-2-768x600.jpg 768w, https:\/\/www.emmerl.de\/bos\/wp-content\/uploads\/2024\/02\/s.QUAD-C45-2.jpg 1000w\" sizes=\"auto, (max-width: 150px) 100vw, 150px\" \/><\/a><\/p>\n<h3><a title=\"s.QUAD C45\" href=\"https:\/\/www.emmerl.de\/bos\/reparaturservice\/reparatur-von-digitalen-meldeempfaengern\/s-quad-c45\">Swissphone s.QUAD C45<\/a><\/h3>\n<ul>\n<li>R\u00fcckmeldem\u00f6glichkeit \u00fcber Mobilfunkmodul<\/li>\n<li>Alarmschleifen:\u00a0256 (64 RICs mit je 4 Subadressen)<\/li>\n<li>Display:\u00a0vollgrafisches Display, \u00fcber 200 Zeichen,<br \/>\nbeleuchtet, drehbar\u00a0programmierbar\u00a0(vertikal oder horizontal)<\/li>\n<li>Vibrationsalarm: ja<\/li>\n<li>Alarmspeicher: 100 Meldungen<\/li>\n<li>Betriebsdauer: ca. 400 Std.<\/li>\n<\/ul>\n<p>&nbsp;<\/p>\n<h3><a title=\"s.QUAD C45\" href=\"https:\/\/www.emmerl.de\/bos\/reparaturservice\/reparatur-von-digitalen-meldeempfaengern\/res-q\">Swissphone RES.Q<\/a><a href=\"https:\/\/www.emmerl.de\/bos\/wp-content\/uploads\/2021\/01\/res.q-anthrazit.jpg\" data-rel=\"lightbox-image-4\" data-rl_title=\"\" data-rl_caption=\"\" title=\"\"><img loading=\"lazy\" decoding=\"async\" class=\"alignright wp-image-2784 size-thumbnail\" src=\"https:\/\/www.emmerl.de\/bos\/wp-content\/uploads\/2021\/01\/res.q-anthrazit-107x150.jpg\" alt=\"\" width=\"107\" height=\"150\" srcset=\"https:\/\/www.emmerl.de\/bos\/wp-content\/uploads\/2021\/01\/res.q-anthrazit-107x150.jpg 107w, https:\/\/www.emmerl.de\/bos\/wp-content\/uploads\/2021\/01\/res.q-anthrazit-214x300.jpg 214w, https:\/\/www.emmerl.de\/bos\/wp-content\/uploads\/2021\/01\/res.q-anthrazit.jpg 713w\" sizes=\"auto, (max-width: 107px) 100vw, 107px\" \/><\/a><\/h3>\n<ul>\n<li>R\u00fcckmeldem\u00f6glichkeit \u00fcber Mobilfunkmodul<\/li>\n<li>Alarmschleifen: 128 (32 RICs mit je 4 Subadressen)<\/li>\n<li>Display: vollgrafisches Display, beleuchtet<\/li>\n<li>Vibrationsalarm: ja<\/li>\n<li>Alarmspeicher: 100 Meldungen<\/li>\n<li>Betriebsdauer: ca. 600 Std.<\/li>\n<\/ul>\n<p>&nbsp;<\/p>\n<h3><a href=\"https:\/\/www.emmerl.de\/bos\/wp-content\/uploads\/2012\/08\/Hurricane-DUO.jpg\" data-rel=\"lightbox-image-5\" data-rl_title=\"\" data-rl_caption=\"\"><img loading=\"lazy\" decoding=\"async\" class=\"alignright size-thumbnail wp-image-584\" title=\"\" src=\"https:\/\/www.emmerl.de\/bos\/wp-content\/uploads\/2012\/08\/Hurricane-DUO-103x150.jpg\" alt=\"Swissphone Hurricane DUO\" width=\"103\" height=\"150\" srcset=\"https:\/\/www.emmerl.de\/bos\/wp-content\/uploads\/2012\/08\/Hurricane-DUO-103x150.jpg 103w, https:\/\/www.emmerl.de\/bos\/wp-content\/uploads\/2012\/08\/Hurricane-DUO-207x300.jpg 207w, https:\/\/www.emmerl.de\/bos\/wp-content\/uploads\/2012\/08\/Hurricane-DUO-250x361.jpg 250w, https:\/\/www.emmerl.de\/bos\/wp-content\/uploads\/2012\/08\/Hurricane-DUO.jpg 554w\" sizes=\"auto, (max-width: 103px) 100vw, 103px\" \/><\/a><a title=\"Hurricane DUO\" href=\"https:\/\/www.emmerl.de\/bos\/reparaturservice\/reparatur-von-digitalen-meldeempfaengern\/hurricane-duo-2\">Swissphone\u00a0HURRICANE DUO<\/a><\/h3>\n<p>Ausgabe der Alarmmeldung \u00fcber Display <span style=\"text-decoration: underline;\">und<\/span> \u00fcber Lautsprecher (akustisch).<\/p>\n<ul>\n<li>Alarmschleifen: 256 (64 RICs mit je 4 Subadressen)<\/li>\n<li>Display: vollgrafisches Display, beleuchtet<\/li>\n<li>Vibrationsalarm: ja<\/li>\n<li>Alarmspeicher: 100 Meldungen<\/li>\n<li>Betriebsdauer: ca. 800 Std.<\/li>\n<\/ul>\n<p>&nbsp;<\/p>\n<h3><a href=\"https:\/\/www.emmerl.de\/bos\/wp-content\/uploads\/2012\/08\/Oelmann_LX2.jpg\" data-rel=\"lightbox-image-6\" data-rl_title=\"\" data-rl_caption=\"\"><img loading=\"lazy\" decoding=\"async\" class=\"alignright size-thumbnail wp-image-587\" title=\"\" src=\"https:\/\/www.emmerl.de\/bos\/wp-content\/uploads\/2012\/08\/Oelmann_LX2-150x99.jpg\" alt=\"Oelmann LX2\" width=\"150\" height=\"99\" srcset=\"https:\/\/www.emmerl.de\/bos\/wp-content\/uploads\/2012\/08\/Oelmann_LX2-150x99.jpg 150w, https:\/\/www.emmerl.de\/bos\/wp-content\/uploads\/2012\/08\/Oelmann_LX2-300x198.jpg 300w, https:\/\/www.emmerl.de\/bos\/wp-content\/uploads\/2012\/08\/Oelmann_LX2-250x165.jpg 250w, https:\/\/www.emmerl.de\/bos\/wp-content\/uploads\/2012\/08\/Oelmann_LX2.jpg 800w\" sizes=\"auto, (max-width: 150px) 100vw, 150px\" \/><\/a><a title=\"Oelmann LX2 Synthesizer\" href=\"https:\/\/www.emmerl.de\/bos\/lx2-synthesizer\">Oelmann LX2 Synthesizer<\/a><\/h3>\n<ul>\n<li>Alarmschleifen: 256 (64 RICs mit je 4 Subadressen)<\/li>\n<li>Display: 2 Zeilen,\u00a0beleuchtet<\/li>\n<li>Vibrationsalarm: ja<\/li>\n<li>Alarmspeicher: 20 Meldungen<\/li>\n<li>Betriebsdauer: ca. 300-1.000 Std.<\/li>\n<\/ul>\n<p>&nbsp;<\/p>\n<h3><a href=\"https:\/\/www.emmerl.de\/bos\/wp-content\/uploads\/2012\/08\/Oelmann_LX4.jpg\" data-rel=\"lightbox-image-7\" data-rl_title=\"\" data-rl_caption=\"\"><img loading=\"lazy\" decoding=\"async\" class=\"alignright size-thumbnail wp-image-588\" title=\"\" src=\"https:\/\/www.emmerl.de\/bos\/wp-content\/uploads\/2012\/08\/Oelmann_LX4-150x101.jpg\" alt=\"Oelmann LX4\" width=\"150\" height=\"101\" srcset=\"https:\/\/www.emmerl.de\/bos\/wp-content\/uploads\/2012\/08\/Oelmann_LX4-150x101.jpg 150w, https:\/\/www.emmerl.de\/bos\/wp-content\/uploads\/2012\/08\/Oelmann_LX4-300x202.jpg 300w, https:\/\/www.emmerl.de\/bos\/wp-content\/uploads\/2012\/08\/Oelmann_LX4-250x168.jpg 250w, https:\/\/www.emmerl.de\/bos\/wp-content\/uploads\/2012\/08\/Oelmann_LX4.jpg 800w\" sizes=\"auto, (max-width: 150px) 100vw, 150px\" \/><\/a><a title=\"Oelmann LX4 Synthesizer\" href=\"https:\/\/www.emmerl.de\/bos\/lx4-synthesizer\">Oelmann LX4 Synthesizer<\/a><\/h3>\n<ul>\n<li>Alarmschleifen: 256 (64 RICs mit je 4 Subadressen)<\/li>\n<li>Display:\u00a04 Zeilen, beleuchtet<\/li>\n<li>Vibrationsalarm: ja<\/li>\n<li>Alarmspeicher: 20 Meldungen<\/li>\n<li>Betriebsdauer: ca. 600-1.400 Std.<\/li>\n<\/ul>\n<p>&nbsp;<\/p>\n<h3><\/h3>\n<p><a href=\"https:\/\/www.emmerl.de\/bos\/wp-content\/uploads\/2021\/01\/lx7-quer.jpg\" data-rel=\"lightbox-image-8\" data-rl_title=\"\" data-rl_caption=\"\" title=\"\"><img loading=\"lazy\" decoding=\"async\" class=\"alignright wp-image-2789 size-thumbnail\" src=\"https:\/\/www.emmerl.de\/bos\/wp-content\/uploads\/2021\/01\/lx7-quer-150x101.jpg\" alt=\"Oelmann LX7\" width=\"150\" height=\"101\" srcset=\"https:\/\/www.emmerl.de\/bos\/wp-content\/uploads\/2021\/01\/lx7-quer-150x101.jpg 150w, https:\/\/www.emmerl.de\/bos\/wp-content\/uploads\/2021\/01\/lx7-quer-300x202.jpg 300w, https:\/\/www.emmerl.de\/bos\/wp-content\/uploads\/2021\/01\/lx7-quer-768x518.jpg 768w, https:\/\/www.emmerl.de\/bos\/wp-content\/uploads\/2021\/01\/lx7-quer-600x400.jpg 600w, https:\/\/www.emmerl.de\/bos\/wp-content\/uploads\/2021\/01\/lx7-quer.jpg 1000w\" sizes=\"auto, (max-width: 150px) 100vw, 150px\" \/><\/a><\/p>\n<h3><a title=\"Oelmann LX7\" href=\"https:\/\/www.emmerl.de\/bos\/reparaturservice\/reparatur-von-digitalen-meldeempfaengern\/lx7\">Oelmann LX7<\/a><\/h3>\n<ul>\n<li>Alarmschleifen: 256 (64 RICs mit je 4 Subadressen)<\/li>\n<li>Display:\u00a0vollgrafisches Display, \u00fcber 200 Zeichen,<br \/>\nbeleuchtet, drehbar (vertikal oder horizontal)<\/li>\n<li>Vibrationsalarm: ja<\/li>\n<li>Alarmspeicher: 100 Meldungen<\/li>\n<li>Betriebsdauer: ca. 2-3 Wochen<\/li>\n<\/ul>\n<p>&nbsp;<\/p>\n<h3>Sollten Sie Interesse an gebrauchten Meldern haben, so sehen Sie doch mal in unserem <a title=\"Shop\" href=\"http:\/\/www.emmerl.de\/shop\" target=\"_blank\" rel=\"noopener\">Webshop<\/a> nach. Hier finden Sie &#8211; stets aktuell &#8211; alle lieferbaren Gebrauchtger\u00e4te.<\/h3>\n<p>&nbsp;<\/p>\n<p>Falls Sie ein individuelles Angebot w\u00fcnschen, geben Sie bitte die ben\u00f6tigte St\u00fcckzahl der Meldeempf\u00e4nger an. Hier geht\u00b4s zum <a title=\"Kontakt\" href=\"https:\/\/www.emmerl.de\/bos\/wir-ueber-uns\/kontakt\">Kontaktformular<\/a>.[\/vc_column_text][\/vc_column][\/vc_row]<\/p>","protected":false},"excerpt":{"rendered":"<p>[vc_row][vc_column][vc_column_text] Folgende neue digitale POCSAG Meldeempf\u00e4nger im 2m-BOS-Band k\u00f6nnen wir<a href=\"https:\/\/www.emmerl.de\/bos\/meldeempfaenger\/digitale-meldeempfaenger\"> <strong>&#8230;<\/strong> <\/a><\/p>\n","protected":false},"author":1,"featured_media":0,"parent":41,"menu_order":2,"comment_status":"open","ping_status":"closed","template":"","meta":{"_acf_changed":false,"footnotes":""},"class_list":["post-45","page","type-page","status-publish","hentry"],"acf":[],"_links":{"self":[{"href":"https:\/\/www.emmerl.de\/bos\/wp-json\/wp\/v2\/pages\/45","targetHints":{"allow":["GET"]}}],"collection":[{"href":"https:\/\/www.emmerl.de\/bos\/wp-json\/wp\/v2\/pages"}],"about":[{"href":"https:\/\/www.emmerl.de\/bos\/wp-json\/wp\/v2\/types\/page"}],"author":[{"embeddable":true,"href":"https:\/\/www.emmerl.de\/bos\/wp-json\/wp\/v2\/users\/1"}],"replies":[{"embeddable":true,"href":"https:\/\/www.emmerl.de\/bos\/wp-json\/wp\/v2\/comments?post=45"}],"version-history":[{"count":59,"href":"https:\/\/www.emmerl.de\/bos\/wp-json\/wp\/v2\/pages\/45\/revisions"}],"predecessor-version":[{"id":3044,"href":"https:\/\/www.emmerl.de\/bos\/wp-json\/wp\/v2\/pages\/45\/revisions\/3044"}],"up":[{"embeddable":true,"href":"https:\/\/www.emmerl.de\/bos\/wp-json\/wp\/v2\/pages\/41"}],"wp:attachment":[{"href":"https:\/\/www.emmerl.de\/bos\/wp-json\/wp\/v2\/media?parent=45"}],"curies":[{"name":"wp","href":"https:\/\/api.w.org\/{rel}","templated":true}]}}