{"id":47,"date":"2012-05-24T15:55:25","date_gmt":"2012-05-24T15:55:25","guid":{"rendered":"http:\/\/wordpress.art-connect.de\/bos\/?page_id=47"},"modified":"2019-12-17T13:24:51","modified_gmt":"2019-12-17T13:24:51","slug":"funkgeraete","status":"publish","type":"page","link":"https:\/\/www.emmerl.de\/bos\/funkgeraete","title":{"rendered":"Funkger\u00e4te"},"content":{"rendered":"<p>Wir bieten Ihnen Funkger\u00e4te der namhaftesten Hersteller an. Alle von uns vertriebenen BOS-Funkger\u00e4te k\u00f6nnen im Fehlerfall auch direkt bei uns im Haus repariert werden.<\/p>\n<p>&nbsp;<\/p>\n<p style=\"text-align: center;\">\u00a0<a title=\"Handsprechfunkger\u00e4te\" href=\"https:\/\/www.emmerl.de\/bos\/funkgeraete\/handsprechfunkgeraete\">Handsprechfunkger\u00e4te<\/a>\u00a0\u00a0\u00a0\u00a0\u00a0\u00a0\u00a0\u00a0\u00a0\u00a0\u00a0\u00a0\u00a0\u00a0\u00a0\u00a0\u00a0\u00a0\u00a0\u00a0\u00a0\u00a0 \u00a0\u00a0\u00a0\u00a0\u00a0 <a title=\"Fahrzeugfunkger\u00e4te\" href=\"https:\/\/www.emmerl.de\/bos\/funkgeraete\/fahrzeugfunkgeraete\">Fahrzeugfunkger\u00e4te<\/a><\/p>\n<p>\u00a0<span style=\"color: #ffffff;\">.<\/span><\/p>\n<p style=\"text-align: left;\">Sollten Sie Interesse an Gebrauchtger\u00e4ten haben, dann sehen Sie doch mal in unserem <a title=\"Shop\" href=\"http:\/\/www.emmerl.de\/shop\" target=\"_blank\" rel=\"noopener noreferrer\">Webshop<\/a> nach. Hier finden Sie &#8211; stets aktuell &#8211; alle lieferbaren Gebrauchtger\u00e4te.<\/p>","protected":false},"excerpt":{"rendered":"<p>Wir bieten Ihnen Funkger\u00e4te der namhaftesten Hersteller an. Alle von<a href=\"https:\/\/www.emmerl.de\/bos\/funkgeraete\"> <strong>&#8230;<\/strong> <\/a><\/p>\n","protected":false},"author":1,"featured_media":0,"parent":0,"menu_order":3,"comment_status":"open","ping_status":"closed","template":"","meta":{"_acf_changed":false,"footnotes":""},"class_list":["post-47","page","type-page","status-publish","hentry"],"acf":[],"_links":{"self":[{"href":"https:\/\/www.emmerl.de\/bos\/wp-json\/wp\/v2\/pages\/47","targetHints":{"allow":["GET"]}}],"collection":[{"href":"https:\/\/www.emmerl.de\/bos\/wp-json\/wp\/v2\/pages"}],"about":[{"href":"https:\/\/www.emmerl.de\/bos\/wp-json\/wp\/v2\/types\/page"}],"author":[{"embeddable":true,"href":"https:\/\/www.emmerl.de\/bos\/wp-json\/wp\/v2\/users\/1"}],"replies":[{"embeddable":true,"href":"https:\/\/www.emmerl.de\/bos\/wp-json\/wp\/v2\/comments?post=47"}],"version-history":[{"count":17,"href":"https:\/\/www.emmerl.de\/bos\/wp-json\/wp\/v2\/pages\/47\/revisions"}],"predecessor-version":[{"id":2764,"href":"https:\/\/www.emmerl.de\/bos\/wp-json\/wp\/v2\/pages\/47\/revisions\/2764"}],"wp:attachment":[{"href":"https:\/\/www.emmerl.de\/bos\/wp-json\/wp\/v2\/media?parent=47"}],"curies":[{"name":"wp","href":"https:\/\/api.w.org\/{rel}","templated":true}]}}