{"id":49,"date":"2012-05-24T15:55:40","date_gmt":"2012-05-24T15:55:40","guid":{"rendered":"http:\/\/wordpress.art-connect.de\/bos\/?page_id=49"},"modified":"2019-12-17T13:22:41","modified_gmt":"2019-12-17T13:22:41","slug":"handsprechfunkgeraete","status":"publish","type":"page","link":"https:\/\/www.emmerl.de\/bos\/funkgeraete\/handsprechfunkgeraete","title":{"rendered":"Handsprechfunkger\u00e4te"},"content":{"rendered":"<h2>Folgende Handsprechfunkger\u00e4te\u00a0k\u00f6nnen wir Ihnen anbieten:<\/h2>\n<p>&nbsp;<\/p>\n<h3><a href=\"https:\/\/www.emmerl.de\/bos\/wp-content\/uploads\/2012\/08\/TK-290.jpg\" data-rel=\"lightbox-image-0\" data-rl_title=\"\" data-rl_caption=\"\"><img loading=\"lazy\" decoding=\"async\" class=\"alignright size-thumbnail wp-image-654\" title=\"\" src=\"https:\/\/www.emmerl.de\/bos\/wp-content\/uploads\/2012\/08\/TK-290-63x150.jpg\" alt=\"Kenwood TK-290\" width=\"63\" height=\"150\" srcset=\"https:\/\/www.emmerl.de\/bos\/wp-content\/uploads\/2012\/08\/TK-290-63x150.jpg 63w, https:\/\/www.emmerl.de\/bos\/wp-content\/uploads\/2012\/08\/TK-290-126x300.jpg 126w, https:\/\/www.emmerl.de\/bos\/wp-content\/uploads\/2012\/08\/TK-290-250x595.jpg 250w, https:\/\/www.emmerl.de\/bos\/wp-content\/uploads\/2012\/08\/TK-290-150x357.jpg 150w, https:\/\/www.emmerl.de\/bos\/wp-content\/uploads\/2012\/08\/TK-290.jpg 336w\" sizes=\"auto, (max-width: 63px) 100vw, 63px\" \/><\/a>Kenwood TK-290 &#8211; FuG 11b<\/h3>\n<ul>\n<li>Frequenzbereich: 165-174 MHz (2m BOS-Band)<\/li>\n<li>Kanalzahl: 117<\/li>\n<li>Sendeleistung: 1 Watt<\/li>\n<li>Akku: NiMH<\/li>\n<\/ul>\n<p>&nbsp;<\/p>\n<p>&nbsp;<\/p>\n<h3><a href=\"https:\/\/www.emmerl.de\/bos\/wp-content\/uploads\/2012\/08\/GP360.jpg\" data-rel=\"lightbox-image-1\" data-rl_title=\"\" data-rl_caption=\"\"><img loading=\"lazy\" decoding=\"async\" class=\"alignright size-thumbnail wp-image-642\" title=\"\" src=\"https:\/\/www.emmerl.de\/bos\/wp-content\/uploads\/2012\/08\/GP360-68x150.jpg\" alt=\"Motorola GP360\" width=\"68\" height=\"150\" srcset=\"https:\/\/www.emmerl.de\/bos\/wp-content\/uploads\/2012\/08\/GP360-68x150.jpg 68w, https:\/\/www.emmerl.de\/bos\/wp-content\/uploads\/2012\/08\/GP360-136x300.jpg 136w, https:\/\/www.emmerl.de\/bos\/wp-content\/uploads\/2012\/08\/GP360-250x549.jpg 250w, https:\/\/www.emmerl.de\/bos\/wp-content\/uploads\/2012\/08\/GP360-150x329.jpg 150w, https:\/\/www.emmerl.de\/bos\/wp-content\/uploads\/2012\/08\/GP360.jpg 364w\" sizes=\"auto, (max-width: 68px) 100vw, 68px\" \/><\/a>Motorola GP360 &#8211; FuG 11b<\/h3>\n<ul>\n<li>Frequenzbereich: 165-174 MHz (2m BOS-Band)<\/li>\n<li>Kanalzahl: 117<\/li>\n<li>Sendeleistung: 1 Watt<\/li>\n<li>Akku: NiMH<\/li>\n<\/ul>\n<p>&nbsp;<\/p>\n<p>&nbsp;<\/p>\n<p>&nbsp;<\/p>\n<h3>Sollten Sie Interesse an gebrauchten Handsprechfunkger\u00e4ten haben, so sehen Sie doch mal in unserem <a title=\"Shop\" href=\"http:\/\/www.emmerl.de\/shop\" target=\"_blank\" rel=\"noopener noreferrer\">Webshop<\/a> nach. Hier finden Sie &#8211; stets aktuell &#8211; alle lieferbaren Gebrauchtger\u00e4te.<\/h3>\n<p>&nbsp;<\/p>\n<p>Falls Sie ein individuelles Angebot w\u00fcnschen, geben Sie bitte die ben\u00f6tigte St\u00fcckzahl der Funkger\u00e4te an. Hier geht\u00b4s zum <a title=\"Kontakt\" href=\"https:\/\/www.emmerl.de\/bos\/wir-ueber-uns\/kontakt\">Kontaktformular<\/a>.<\/p>","protected":false},"excerpt":{"rendered":"<p>Folgende Handsprechfunkger\u00e4te\u00a0k\u00f6nnen wir Ihnen anbieten: &nbsp; Kenwood TK-290 &#8211; FuG<a href=\"https:\/\/www.emmerl.de\/bos\/funkgeraete\/handsprechfunkgeraete\"> <strong>&#8230;<\/strong> <\/a><\/p>\n","protected":false},"author":1,"featured_media":0,"parent":47,"menu_order":1,"comment_status":"open","ping_status":"closed","template":"","meta":{"_acf_changed":false,"footnotes":""},"class_list":["post-49","page","type-page","status-publish","hentry"],"acf":[],"_links":{"self":[{"href":"https:\/\/www.emmerl.de\/bos\/wp-json\/wp\/v2\/pages\/49","targetHints":{"allow":["GET"]}}],"collection":[{"href":"https:\/\/www.emmerl.de\/bos\/wp-json\/wp\/v2\/pages"}],"about":[{"href":"https:\/\/www.emmerl.de\/bos\/wp-json\/wp\/v2\/types\/page"}],"author":[{"embeddable":true,"href":"https:\/\/www.emmerl.de\/bos\/wp-json\/wp\/v2\/users\/1"}],"replies":[{"embeddable":true,"href":"https:\/\/www.emmerl.de\/bos\/wp-json\/wp\/v2\/comments?post=49"}],"version-history":[{"count":27,"href":"https:\/\/www.emmerl.de\/bos\/wp-json\/wp\/v2\/pages\/49\/revisions"}],"predecessor-version":[{"id":2763,"href":"https:\/\/www.emmerl.de\/bos\/wp-json\/wp\/v2\/pages\/49\/revisions\/2763"}],"up":[{"embeddable":true,"href":"https:\/\/www.emmerl.de\/bos\/wp-json\/wp\/v2\/pages\/47"}],"wp:attachment":[{"href":"https:\/\/www.emmerl.de\/bos\/wp-json\/wp\/v2\/media?parent=49"}],"curies":[{"name":"wp","href":"https:\/\/api.w.org\/{rel}","templated":true}]}}