{"id":53,"date":"2012-05-24T15:56:06","date_gmt":"2012-05-24T15:56:06","guid":{"rendered":"http:\/\/wordpress.art-connect.de\/bos\/?page_id=53"},"modified":"2016-08-03T11:27:21","modified_gmt":"2016-08-03T11:27:21","slug":"eigenentwicklungen","status":"publish","type":"page","link":"https:\/\/www.emmerl.de\/bos\/eigenentwicklungen","title":{"rendered":"Eigenentwicklungen"},"content":{"rendered":"<p style=\"text-align: justify;\">Kundenanfragen werden von uns ernst genommen. Aus verschiedensten W\u00fcnschen unserer Kunden haben wir neue Produkte auf den Markt gebracht die sp\u00e4ter zum Teil\u00a0sogar Firmen wie Motorola oder Swissphone in ihr Sortiment aufgenommen haben.<\/p>\n<p style=\"text-align: justify;\">Ebenso wurden elektronische Komponenten, welche von den Herstellern nicht mehr lieferbar waren, durch Eigenentwicklungen von uns ersetzt um auch die Reparierbarkeit \u00e4lterer Ger\u00e4te zu gew\u00e4hrleisten.<\/p>\n<p>Hier nur eine kleine Auswahl unserer Eigenentwicklungen:<\/p>\n<ul>\n<li><a href=\"http:\/\/www.repeaterstativ.de\">Repeaterstativ RS-16<\/a><\/li>\n<li><a title=\"BOS-Tester\" href=\"https:\/\/www.emmerl.de\/bos\/eigenentwicklungen\/bos-tester\">BOS-Tester<\/a><\/li>\n<li><a title=\"Alarmzusatz AZ-10\" href=\"https:\/\/www.emmerl.de\/bos\/eigenentwicklungen\/alarmzusatz\">Alarmzusatz AZ-10<\/a><\/li>\n<li><a title=\"BMD-Codeplug\" href=\"https:\/\/www.emmerl.de\/bos\/eigenentwicklungen\/bmd-codeplug\">BMD Codeplug<\/a><\/li>\n<li><a href=\"https:\/\/www.emmerl.de\/shop\/de\/meldertaschen\/tasche-quattro-nte1100\">Tasche f\u00fcr Swissphone Quattro 96 &#8211; XLSi<\/a><\/li>\n<li><a href=\"https:\/\/www.emmerl.de\/shop\/de\/meldertaschen\/tasche-boss-nte1188\">Tasche f\u00fcr Swissphone BOSS 9xx<\/a><\/li>\n<li><a href=\"http:\/\/www.feuerwehrstick.de\">Feuerwehrstick<\/a><\/li>\n<\/ul>\n<p><a href=\"https:\/\/www.emmerl.de\/bos\/wp-content\/uploads\/2012\/09\/Entwicklung-1.jpg\" data-rel=\"lightbox-image-0\" data-rl_title=\"\" data-rl_caption=\"\"><img loading=\"lazy\" decoding=\"async\" class=\"size-medium wp-image-1023 aligncenter\" title=\"\" src=\"https:\/\/www.emmerl.de\/bos\/wp-content\/uploads\/2012\/09\/Entwicklung-1-300x300.jpg\" alt=\"Entwicklung\" width=\"300\" height=\"300\" srcset=\"https:\/\/www.emmerl.de\/bos\/wp-content\/uploads\/2012\/09\/Entwicklung-1-300x300.jpg 300w, https:\/\/www.emmerl.de\/bos\/wp-content\/uploads\/2012\/09\/Entwicklung-1-150x150.jpg 150w, https:\/\/www.emmerl.de\/bos\/wp-content\/uploads\/2012\/09\/Entwicklung-1-250x250.jpg 250w, https:\/\/www.emmerl.de\/bos\/wp-content\/uploads\/2012\/09\/Entwicklung-1.jpg 800w\" sizes=\"auto, (max-width: 300px) 100vw, 300px\" \/><\/a><\/p>","protected":false},"excerpt":{"rendered":"<p>Kundenanfragen werden von uns ernst genommen. Aus verschiedensten W\u00fcnschen unserer<a href=\"https:\/\/www.emmerl.de\/bos\/eigenentwicklungen\"> <strong>&#8230;<\/strong> <\/a><\/p>\n","protected":false},"author":1,"featured_media":0,"parent":0,"menu_order":4,"comment_status":"open","ping_status":"closed","template":"","meta":{"_acf_changed":false,"footnotes":""},"class_list":["post-53","page","type-page","status-publish","hentry"],"acf":[],"_links":{"self":[{"href":"https:\/\/www.emmerl.de\/bos\/wp-json\/wp\/v2\/pages\/53","targetHints":{"allow":["GET"]}}],"collection":[{"href":"https:\/\/www.emmerl.de\/bos\/wp-json\/wp\/v2\/pages"}],"about":[{"href":"https:\/\/www.emmerl.de\/bos\/wp-json\/wp\/v2\/types\/page"}],"author":[{"embeddable":true,"href":"https:\/\/www.emmerl.de\/bos\/wp-json\/wp\/v2\/users\/1"}],"replies":[{"embeddable":true,"href":"https:\/\/www.emmerl.de\/bos\/wp-json\/wp\/v2\/comments?post=53"}],"version-history":[{"count":13,"href":"https:\/\/www.emmerl.de\/bos\/wp-json\/wp\/v2\/pages\/53\/revisions"}],"predecessor-version":[{"id":2523,"href":"https:\/\/www.emmerl.de\/bos\/wp-json\/wp\/v2\/pages\/53\/revisions\/2523"}],"wp:attachment":[{"href":"https:\/\/www.emmerl.de\/bos\/wp-json\/wp\/v2\/media?parent=53"}],"curies":[{"name":"wp","href":"https:\/\/api.w.org\/{rel}","templated":true}]}}