{"id":55,"date":"2012-05-24T15:56:21","date_gmt":"2012-05-24T15:56:21","guid":{"rendered":"http:\/\/wordpress.art-connect.de\/bos\/?page_id=55"},"modified":"2019-09-12T08:37:17","modified_gmt":"2019-09-12T08:37:17","slug":"bos-tester","status":"publish","type":"page","link":"https:\/\/www.emmerl.de\/bos\/eigenentwicklungen\/bos-tester","title":{"rendered":"BOS-Tester"},"content":{"rendered":"<h1>Pr\u00fcfger\u00e4t f\u00fcr analoge und digitale Meldeempf\u00e4nger<\/h1>\n<h2 style=\"text-align: center;\">Eigenentwicklung aus unserem Hause!<\/h2>\n<p>Der BOS-Tester &#8211; auch Meldertester genannt &#8211; erm\u00f6glicht Ihnen die einfache \u00dcberpr\u00fcfung Ihrer Meldeempf\u00e4nger.<\/p>\n<p><a href=\"https:\/\/www.emmerl.de\/bos\/wp-content\/uploads\/2012\/09\/BOS-Tester+M+H.jpg\" data-rel=\"lightbox-image-0\" data-rl_title=\"\" data-rl_caption=\"\"><img loading=\"lazy\" decoding=\"async\" class=\"aligncenter size-full wp-image-815\" title=\"\" src=\"https:\/\/www.emmerl.de\/bos\/wp-content\/uploads\/2012\/09\/BOS-Tester+M+H.jpg\" alt=\"BOS-Tester mit Meldeempf\u00e4ngern\" width=\"800\" height=\"495\" srcset=\"https:\/\/www.emmerl.de\/bos\/wp-content\/uploads\/2012\/09\/BOS-Tester+M+H.jpg 800w, https:\/\/www.emmerl.de\/bos\/wp-content\/uploads\/2012\/09\/BOS-Tester+M+H-150x92.jpg 150w, https:\/\/www.emmerl.de\/bos\/wp-content\/uploads\/2012\/09\/BOS-Tester+M+H-300x185.jpg 300w, https:\/\/www.emmerl.de\/bos\/wp-content\/uploads\/2012\/09\/BOS-Tester+M+H-250x154.jpg 250w\" sizes=\"auto, (max-width: 800px) 100vw, 800px\" \/><\/a><\/p>\n<p>&nbsp;<\/p>\n\n<table id=\"wp-table-reloaded-id-3-no-1\" class=\"wp-table-reloaded wp-table-reloaded-id-3\">\n<tbody>\n\t<tr class=\"row-1 odd\">\n\t\t<td class=\"column-1\">Testm\u00f6glichkeit f\u00fcr analoge Meldeempf\u00e4nger (5-Ton) im 4m BOS-Band.<br \/>\r\n<\/td><td class=\"column-2\">Intuitive Bedienung, auch ohne Bedienungsanleitung m\u00f6glich.<br \/>\r\n<\/td><td class=\"column-3\">Stromsparfunktionen durch automatische Abschaltung von Licht bzw. gesamten Ger\u00e4t.<br \/>\r\n<\/td>\n\t<\/tr>\n\t<tr class=\"row-2 even\">\n\t\t<td class=\"column-1\">Suchlauffunktion f\u00fcr analoge Melder - falls Sie nicht genau wissen, welche Schleifen auf Ihren Meldern programmiert sind.<br \/>\r\n<\/td><td class=\"column-2\">\u00dcbersichtliches, beleuchtetes Display.<br \/>\r\n<\/td><td class=\"column-3\">Inklusive Bedienungsanleitung.<br \/>\r\n<\/td>\n\t<\/tr>\n\t<tr class=\"row-3 odd\">\n\t\t<td class=\"column-1\">Testm\u00f6glichkeit f\u00fcr digitale Meldeempf\u00e4nger (POCSAG) im 2m BOS-Band.<br \/>\r\n<\/td><td class=\"column-2\">Einfache Kanal- und Schleifeneingabe \u00fcber 10er Tastatur.<br \/>\r\n<\/td><td class=\"column-3\">Versandkostenfreie Lieferung.<br \/>\r\n<\/td>\n\t<\/tr>\n\t<tr class=\"row-4 even\">\n\t\t<td class=\"column-1\">512 Baud oder 1200 Baud w\u00e4hlbar.<br \/>\r\n<\/td><td class=\"column-2\">Korrekturm\u00f6glichkeit bei versehentlicher Falscheingabe (ESC).<br \/>\r\n<\/td><td class=\"column-3\">24 Monate Garantie.<br \/>\r\n<\/td>\n\t<\/tr>\n\t<tr class=\"row-5 odd\">\n\t\t<td class=\"column-1\">Sirenentest m\u00f6glich.<br \/>\r\n<\/td><td class=\"column-2\">Akustische R\u00fcckmeldungen.<br \/>\r\n<\/td><td class=\"column-3\">Sehr gutes Preis- Leistungsverh\u00e4ltnis.<br \/>\r\n<\/td>\n\t<\/tr>\n\t<tr class=\"row-6 even\">\n\t\t<td class=\"column-1\">Alle BOS-Kan\u00e4le.<br \/>\r\n<\/td><td class=\"column-2\">Inklusive 9V Blockbatterie.<br \/>\r\n<\/td><td class=\"column-3\">Gr\u00f6\u00dfe: ca. 61x105x28 mm<br \/>\r\n<\/td>\n\t<\/tr>\n\t<tr class=\"row-7 odd\">\n\t\t<td class=\"column-1\">Komfortable \u00fcbersichtliche Tastatur.<\/td><td class=\"column-2\">Reichweite: ca. 1 m.<\/td><td class=\"column-3\">Gewicht: ca. 140 g.<\/td>\n\t<\/tr>\n<\/tbody>\n<\/table>\n\n<p><a href=\"https:\/\/www.emmerl.de\/bos\/wp-content\/uploads\/2012\/09\/BOS-Tester-ru.jpg\" data-rel=\"lightbox-image-1\" data-rl_title=\"\" data-rl_caption=\"\"><img loading=\"lazy\" decoding=\"async\" class=\"alignright size-thumbnail wp-image-810\" title=\"\" src=\"https:\/\/www.emmerl.de\/bos\/wp-content\/uploads\/2012\/09\/BOS-Tester-ru-117x150.jpg\" alt=\"BOS-Tester\" width=\"117\" height=\"150\" srcset=\"https:\/\/www.emmerl.de\/bos\/wp-content\/uploads\/2012\/09\/BOS-Tester-ru-117x150.jpg 117w, https:\/\/www.emmerl.de\/bos\/wp-content\/uploads\/2012\/09\/BOS-Tester-ru-235x300.jpg 235w, https:\/\/www.emmerl.de\/bos\/wp-content\/uploads\/2012\/09\/BOS-Tester-ru-250x318.jpg 250w, https:\/\/www.emmerl.de\/bos\/wp-content\/uploads\/2012\/09\/BOS-Tester-ru-150x191.jpg 150w, https:\/\/www.emmerl.de\/bos\/wp-content\/uploads\/2012\/09\/BOS-Tester-ru.jpg 627w\" sizes=\"auto, (max-width: 117px) 100vw, 117px\" \/><\/a><a href=\"https:\/\/www.emmerl.de\/bos\/wp-content\/uploads\/2012\/09\/BOS-Tester-ro.jpg\" data-rel=\"lightbox-image-2\" data-rl_title=\"\" data-rl_caption=\"\"><img loading=\"lazy\" decoding=\"async\" class=\"alignleft size-thumbnail wp-image-809\" title=\"\" src=\"https:\/\/www.emmerl.de\/bos\/wp-content\/uploads\/2012\/09\/BOS-Tester-ro-89x150.jpg\" alt=\"BOS Tester\" width=\"89\" height=\"150\" srcset=\"https:\/\/www.emmerl.de\/bos\/wp-content\/uploads\/2012\/09\/BOS-Tester-ro-89x150.jpg 89w, https:\/\/www.emmerl.de\/bos\/wp-content\/uploads\/2012\/09\/BOS-Tester-ro-178x300.jpg 178w, https:\/\/www.emmerl.de\/bos\/wp-content\/uploads\/2012\/09\/BOS-Tester-ro-250x421.jpg 250w, https:\/\/www.emmerl.de\/bos\/wp-content\/uploads\/2012\/09\/BOS-Tester-ro-150x252.jpg 150w, https:\/\/www.emmerl.de\/bos\/wp-content\/uploads\/2012\/09\/BOS-Tester-ro.jpg 475w\" sizes=\"auto, (max-width: 89px) 100vw, 89px\" \/><\/a><\/p>\n<p style=\"text-align: justify;\"><span style=\"color: #ffffff;\">.<\/span><\/p>\n<p style=\"text-align: justify;\">Sie k\u00f6nnen mit dem Meldertester alle BOS zugelassenen Meldeempf\u00e4nger pr\u00fcfen. Falls bei Ihnen in K\u00fcrze von analoger 5-Ton auf digitale POCSAG Alarmierung umgestellt wird, entstehen dabei keine zus\u00e4tzlichen Umr\u00fcstkosten.<\/p>\n<p style=\"text-align: justify;\"><span style=\"color: #ffffff;\">.<\/span><\/p>\n<p style=\"text-align: justify;\"><span style=\"color: #ffffff;\">.<\/span><\/p>\n<ul>\n<li>Direktbestellung: <a href=\"https:\/\/www.emmerl.de\/shop\/de\/schnaeppchen\/pagertester\">Bestelllink<\/a><\/li>\n<li>Bedienungsanleitung V 1.40: <a title=\"V1.40\" href=\"http:\/\/www.emmerl.de\/formulare\/bos-tester\/Bedienungsanleitung_BOS-Tester_V1.40.pdf\">Downloadlink<\/a><\/li>\n<li>Bedienungsanleitung V 1.43: <a title=\"V1.43\" href=\"http:\/\/www.emmerl.de\/formulare\/bos-tester\/Bedienungsanleitung_BOS-Tester_V1.43.pdf\">Downloadlink<\/a><\/li>\n<li>Bedienungsanleitung V 2.0x: <a title=\"V2.0x\" href=\"http:\/\/www.emmerl.de\/formulare\/bos-tester\/Bedienungsanleitung_BOS-Tester_V2.0x.pdf\">Downloadlink<\/a><\/li>\n<li>Bedienungsanleitung V 3.0x: <a title=\"V2.0x\" href=\"http:\/\/www.emmerl.de\/formulare\/bos-tester\/Bedienungsanleitung_BOS-Tester_V3.0x.pdf\">Downloadlink<\/a><\/li>\n<li>Kanal &#8211; Frequenz &#8211; Tabelle: <a title=\"Tabelle\" href=\"http:\/\/www.emmerl.de\/formulare\/bos-tester\/Kanaele-Frequenzen_BOS.pdf\">Downloadlink<\/a><\/li>\n<\/ul>\n<p>&nbsp;<\/p>\n<p><span style=\"text-decoration: underline;\">Technische Information:<\/span><\/p>\n<p style=\"text-align: justify;\" align=\"left\">Wie Sie oben bereits lesen konnten, k\u00f6nnen Sie mit diesem Melder-Tester eine ganze Reihe von Testfunktionen durchf\u00fchren. Wir m\u00f6chten Sie jedoch ausdr\u00fccklich darauf hinweisen, dass es sich beim BOS-Tester nicht um ein Messger\u00e4t mit exakten Toleranzen handelt. Dieses Ger\u00e4t eignet sich weder f\u00fcr Abgleicharbeiten oder Reparaturen, noch zur Ermittlung der genauen Empfangsempfindlichkeit oder zum Pr\u00fcfen des EMV-Verhaltens. Hierzu ist ein professioneller Funkmessplatz, eine TEM-Zelle sowie eine fundierte Ausbildung im Bereich Funktechnik notwendig.<\/p>\n<h3 style=\"text-align: justify;\" align=\"left\"><strong><span style=\"color: #ff0000;\">Der BOS-Tester ist nicht mehr als Neuger\u00e4t lieferbar. Das Nachfolgeger\u00e4t ist der <span style=\"text-decoration: underline;\"><span style=\"color: #0000ff; text-decoration: underline;\"><a style=\"color: #0000ff; text-decoration: underline;\" href=\"https:\/\/www.emmerl.de\/bos\/eigenentwicklungen\/pagertester\">PagerTester<\/a><\/span><\/span>. Alle Infos hierzu finden Sie unter:<\/span><\/strong><\/h3>\n<h1 style=\"text-align: center;\" align=\"left\"><span style=\"color: #0000ff;\"><a style=\"color: #0000ff;\" href=\"https:\/\/www.emmerl.de\/bos\/eigenentwicklungen\/pagertester\">www.pagertester.de<\/a><\/span><\/h1>","protected":false},"excerpt":{"rendered":"<p>Pr\u00fcfger\u00e4t f\u00fcr analoge und digitale Meldeempf\u00e4nger Eigenentwicklung aus unserem Hause!<a href=\"https:\/\/www.emmerl.de\/bos\/eigenentwicklungen\/bos-tester\"> <strong>&#8230;<\/strong> <\/a><\/p>\n","protected":false},"author":1,"featured_media":0,"parent":53,"menu_order":2,"comment_status":"open","ping_status":"closed","template":"","meta":{"_acf_changed":false,"footnotes":""},"class_list":["post-55","page","type-page","status-publish","hentry"],"acf":[],"_links":{"self":[{"href":"https:\/\/www.emmerl.de\/bos\/wp-json\/wp\/v2\/pages\/55","targetHints":{"allow":["GET"]}}],"collection":[{"href":"https:\/\/www.emmerl.de\/bos\/wp-json\/wp\/v2\/pages"}],"about":[{"href":"https:\/\/www.emmerl.de\/bos\/wp-json\/wp\/v2\/types\/page"}],"author":[{"embeddable":true,"href":"https:\/\/www.emmerl.de\/bos\/wp-json\/wp\/v2\/users\/1"}],"replies":[{"embeddable":true,"href":"https:\/\/www.emmerl.de\/bos\/wp-json\/wp\/v2\/comments?post=55"}],"version-history":[{"count":49,"href":"https:\/\/www.emmerl.de\/bos\/wp-json\/wp\/v2\/pages\/55\/revisions"}],"predecessor-version":[{"id":2739,"href":"https:\/\/www.emmerl.de\/bos\/wp-json\/wp\/v2\/pages\/55\/revisions\/2739"}],"up":[{"embeddable":true,"href":"https:\/\/www.emmerl.de\/bos\/wp-json\/wp\/v2\/pages\/53"}],"wp:attachment":[{"href":"https:\/\/www.emmerl.de\/bos\/wp-json\/wp\/v2\/media?parent=55"}],"curies":[{"name":"wp","href":"https:\/\/api.w.org\/{rel}","templated":true}]}}