{"id":59,"date":"2012-05-24T15:56:48","date_gmt":"2012-05-24T15:56:48","guid":{"rendered":"http:\/\/wordpress.art-connect.de\/bos\/?page_id=59"},"modified":"2016-07-25T13:42:46","modified_gmt":"2016-07-25T13:42:46","slug":"bmd-codeplug","status":"publish","type":"page","link":"https:\/\/www.emmerl.de\/bos\/eigenentwicklungen\/bmd-codeplug","title":{"rendered":"BMD-Codeplug"},"content":{"rendered":"<p style=\"text-align: justify;\"><a href=\"https:\/\/www.emmerl.de\/bos\/wp-content\/uploads\/2012\/09\/BMD-Codeplug.jpg\" data-rel=\"lightbox-image-0\" data-rl_title=\"\" data-rl_caption=\"\"><img loading=\"lazy\" decoding=\"async\" class=\"alignright size-medium wp-image-902\" title=\"\" src=\"https:\/\/www.emmerl.de\/bos\/wp-content\/uploads\/2012\/09\/BMD-Codeplug-300x200.jpg\" alt=\"Kodierstecker f\u00fcr Motorola BMD\" width=\"300\" height=\"200\" srcset=\"https:\/\/www.emmerl.de\/bos\/wp-content\/uploads\/2012\/09\/BMD-Codeplug-300x200.jpg 300w, https:\/\/www.emmerl.de\/bos\/wp-content\/uploads\/2012\/09\/BMD-Codeplug-150x100.jpg 150w, https:\/\/www.emmerl.de\/bos\/wp-content\/uploads\/2012\/09\/BMD-Codeplug-250x167.jpg 250w, https:\/\/www.emmerl.de\/bos\/wp-content\/uploads\/2012\/09\/BMD-Codeplug.jpg 800w\" sizes=\"auto, (max-width: 300px) 100vw, 300px\" \/><\/a>Bereits im Jahr 2001 hat Motorola die Produktion des BMD Kodiersteckers eingestellt. Die Firma Emmerl hat daraufhin in Eigeninitiative einen neuen Codeplug entwickelt, der im Gegensatz zum urspr\u00fcnglichen Originalprodukt sogar wiederprogrammierbar ist.<\/p>\n<p style=\"text-align: justify;\"><span style=\"color: #ffffff;\">.<\/span><\/p>\n<p style=\"text-align: justify;\">In den darauf folgenden Jahren haben wir die Firma Motorola unter <a href=\"https:\/\/www.emmerl.de\/bos\/wp-content\/uploads\/2012\/05\/BMD-1.jpg\" data-rel=\"lightbox-image-1\" data-rl_title=\"\" data-rl_caption=\"\"><img loading=\"lazy\" decoding=\"async\" class=\"alignright size-thumbnail wp-image-521\" title=\"\" src=\"https:\/\/www.emmerl.de\/bos\/wp-content\/uploads\/2012\/05\/BMD-1-99x150.jpg\" alt=\"Motorola BMD ohne Mith\u00f6rfunktion\" width=\"99\" height=\"150\" srcset=\"https:\/\/www.emmerl.de\/bos\/wp-content\/uploads\/2012\/05\/BMD-1-99x150.jpg 99w, https:\/\/www.emmerl.de\/bos\/wp-content\/uploads\/2012\/05\/BMD-1-199x300.jpg 199w, https:\/\/www.emmerl.de\/bos\/wp-content\/uploads\/2012\/05\/BMD-1-250x375.jpg 250w, https:\/\/www.emmerl.de\/bos\/wp-content\/uploads\/2012\/05\/BMD-1-150x225.jpg 150w, https:\/\/www.emmerl.de\/bos\/wp-content\/uploads\/2012\/05\/BMD-1.jpg 533w\" sizes=\"auto, (max-width: 99px) 100vw, 99px\" \/><\/a>anderem\u00a0mit diesem Ersatzteil beliefert. Um bei Motorola als Lieferant gelistet zu werden, muss die Qualit\u00e4t und das Know-how eines Unternehmen \u00fcberdurchschnittlichen Anforderungen gen\u00fcgen.<\/p>\n<p style=\"text-align: justify;\"><span style=\"color: #ffffff;\">.<\/span><\/p>\n<p style=\"text-align: justify;\">2008 beauftragte uns die Firma Motorola mit dem alleinigen Vertrieb des BMD Codeplugs und zog sich damit in diesem Bereich aus dem Ersatzteil-Liefergesch\u00e4ft zur\u00fcck.<\/p>\n<p style=\"text-align: justify;\"><span style=\"color: #ffffff;\">.<a href=\"https:\/\/www.emmerl.de\/bos\/wp-content\/uploads\/2012\/09\/BMD-2.jpg\" data-rel=\"lightbox-image-2\" data-rl_title=\"\" data-rl_caption=\"\"><img loading=\"lazy\" decoding=\"async\" class=\"alignright size-thumbnail wp-image-901\" title=\"\" src=\"https:\/\/www.emmerl.de\/bos\/wp-content\/uploads\/2012\/09\/BMD-2-106x150.jpg\" alt=\"Motorola BMD mit Mith\u00f6rfunktion\" width=\"106\" height=\"150\" srcset=\"https:\/\/www.emmerl.de\/bos\/wp-content\/uploads\/2012\/09\/BMD-2-106x150.jpg 106w, https:\/\/www.emmerl.de\/bos\/wp-content\/uploads\/2012\/09\/BMD-2-212x300.jpg 212w, https:\/\/www.emmerl.de\/bos\/wp-content\/uploads\/2012\/09\/BMD-2-250x353.jpg 250w, https:\/\/www.emmerl.de\/bos\/wp-content\/uploads\/2012\/09\/BMD-2-150x211.jpg 150w, https:\/\/www.emmerl.de\/bos\/wp-content\/uploads\/2012\/09\/BMD-2.jpg 456w\" sizes=\"auto, (max-width: 106px) 100vw, 106px\" \/><\/a><\/span><\/p>\n<p style=\"text-align: justify;\">Durch unsere Entwicklung kann dieser \u00e4u\u00dferst robuste Melder bis zum heutigen Tag genutzt werden. Viele schw\u00f6ren noch immer auf die Qualit\u00e4t des Motorola BMD. Nicht umsonst wurde er oft als\u00a0der &#8222;Panzer unter den Meldeempf\u00e4ngern&#8220; bezeichnet.<\/p>\n<p style=\"text-align: justify;\"><span style=\"color: #ffffff;\">.<\/span><\/p>\n<p style=\"text-align: justify;\"><a title=\"Zur Bestellung\" href=\"http:\/\/www.emmerl.de\/shop\/ersatzteile-bos-meldeempfaenger\/motorola-analog\/bmd-codeplug-kodierstecker-rufbaustein.html\">BMD Codeplug hier bestellen<\/a><\/p>","protected":false},"excerpt":{"rendered":"<p>Bereits im Jahr 2001 hat Motorola die Produktion des BMD<a href=\"https:\/\/www.emmerl.de\/bos\/eigenentwicklungen\/bmd-codeplug\"> <strong>&#8230;<\/strong> <\/a><\/p>\n","protected":false},"author":1,"featured_media":0,"parent":53,"menu_order":4,"comment_status":"open","ping_status":"closed","template":"","meta":{"_acf_changed":false,"footnotes":""},"class_list":["post-59","page","type-page","status-publish","hentry"],"acf":[],"_links":{"self":[{"href":"https:\/\/www.emmerl.de\/bos\/wp-json\/wp\/v2\/pages\/59","targetHints":{"allow":["GET"]}}],"collection":[{"href":"https:\/\/www.emmerl.de\/bos\/wp-json\/wp\/v2\/pages"}],"about":[{"href":"https:\/\/www.emmerl.de\/bos\/wp-json\/wp\/v2\/types\/page"}],"author":[{"embeddable":true,"href":"https:\/\/www.emmerl.de\/bos\/wp-json\/wp\/v2\/users\/1"}],"replies":[{"embeddable":true,"href":"https:\/\/www.emmerl.de\/bos\/wp-json\/wp\/v2\/comments?post=59"}],"version-history":[{"count":24,"href":"https:\/\/www.emmerl.de\/bos\/wp-json\/wp\/v2\/pages\/59\/revisions"}],"predecessor-version":[{"id":2503,"href":"https:\/\/www.emmerl.de\/bos\/wp-json\/wp\/v2\/pages\/59\/revisions\/2503"}],"up":[{"embeddable":true,"href":"https:\/\/www.emmerl.de\/bos\/wp-json\/wp\/v2\/pages\/53"}],"wp:attachment":[{"href":"https:\/\/www.emmerl.de\/bos\/wp-json\/wp\/v2\/media?parent=59"}],"curies":[{"name":"wp","href":"https:\/\/api.w.org\/{rel}","templated":true}]}}