{"id":63,"date":"2012-05-24T15:57:23","date_gmt":"2012-05-24T15:57:23","guid":{"rendered":"http:\/\/wordpress.art-connect.de\/bos\/?page_id=63"},"modified":"2024-01-31T06:44:22","modified_gmt":"2024-01-31T06:44:22","slug":"ansprechpartner","status":"publish","type":"page","link":"https:\/\/www.emmerl.de\/bos\/kontakt\/ansprechpartner","title":{"rendered":"Ansprechpartner"},"content":{"rendered":"<h2>f\u00fcr Beh\u00f6rden und Organisationen mit Sicherheitsaufgaben (BOS)<\/h2>\n<p>&nbsp;<\/p>\n<table border=\"0\">\n<colgroup>\n<col width=\"300\" \/>\n<col width=\"15\" \/>\n<col width=\"300\" \/> <\/colgroup>\n<tbody>\n<tr>\n<td><a href=\"https:\/\/www.emmerl.de\/bos\/wp-content\/uploads\/2024\/01\/manfred-nussbaumer.jpg\" data-rel=\"lightbox-image-0\" data-rl_title=\"\" data-rl_caption=\"\" title=\"\"><img loading=\"lazy\" decoding=\"async\" class=\"alignnone wp-image-2964 size-medium\" src=\"https:\/\/www.emmerl.de\/bos\/wp-content\/uploads\/2024\/01\/manfred-nussbaumer-204x300.jpg\" alt=\"\" width=\"204\" height=\"300\" srcset=\"https:\/\/www.emmerl.de\/bos\/wp-content\/uploads\/2024\/01\/manfred-nussbaumer-204x300.jpg 204w, https:\/\/www.emmerl.de\/bos\/wp-content\/uploads\/2024\/01\/manfred-nussbaumer-102x150.jpg 102w, https:\/\/www.emmerl.de\/bos\/wp-content\/uploads\/2024\/01\/manfred-nussbaumer.jpg 544w\" sizes=\"auto, (max-width: 204px) 100vw, 204px\" \/><\/a><\/p>\n<p><strong>Manfred Nu\u00dfbaumer<\/strong><\/td>\n<td><\/td>\n<td><a href=\"https:\/\/www.emmerl.de\/bos\/wp-content\/uploads\/2024\/01\/andreas-englbrecht.jpg\" data-rel=\"lightbox-image-1\" data-rl_title=\"\" data-rl_caption=\"\" title=\"\"><img loading=\"lazy\" decoding=\"async\" class=\"wp-image-2963 size-medium alignnone\" src=\"https:\/\/www.emmerl.de\/bos\/wp-content\/uploads\/2024\/01\/andreas-englbrecht-204x300.jpg\" alt=\"\" width=\"204\" height=\"300\" srcset=\"https:\/\/www.emmerl.de\/bos\/wp-content\/uploads\/2024\/01\/andreas-englbrecht-204x300.jpg 204w, https:\/\/www.emmerl.de\/bos\/wp-content\/uploads\/2024\/01\/andreas-englbrecht-102x150.jpg 102w, https:\/\/www.emmerl.de\/bos\/wp-content\/uploads\/2024\/01\/andreas-englbrecht.jpg 544w\" sizes=\"auto, (max-width: 204px) 100vw, 204px\" \/><\/a><\/p>\n<p><strong>Andreas Englbrecht<\/strong><\/td>\n<\/tr>\n<p><!-- usw. andere Zeilen der Tabelle --><\/tbody>\n<\/table>\n<p>Sie erreichen uns unter:<\/p>\n<p>Tel.: 08633\/8982-20<br \/>\nE-Mail: <a href=\"mailto:bos@emmerl.de\">bos@emmerl.de<\/a><\/p>\n<p>Montag &#8211; Donnerstag von 8:00 &#8211; 12:00 Uhr und von 13:00 &#8211; 16:00 Uhr<br \/>\nFreitag von\u00a08:00 Uhr\u00a0&#8211; 13:30 Uhr<\/p>\n<p>&nbsp;<\/p>","protected":false},"excerpt":{"rendered":"<p>f\u00fcr Beh\u00f6rden und Organisationen mit Sicherheitsaufgaben (BOS) &nbsp; Manfred Nu\u00dfbaumer<a href=\"https:\/\/www.emmerl.de\/bos\/kontakt\/ansprechpartner\"> <strong>&#8230;<\/strong> <\/a><\/p>\n","protected":false},"author":1,"featured_media":0,"parent":67,"menu_order":3,"comment_status":"open","ping_status":"closed","template":"","meta":{"_acf_changed":false,"footnotes":""},"class_list":["post-63","page","type-page","status-publish","hentry"],"acf":[],"_links":{"self":[{"href":"https:\/\/www.emmerl.de\/bos\/wp-json\/wp\/v2\/pages\/63","targetHints":{"allow":["GET"]}}],"collection":[{"href":"https:\/\/www.emmerl.de\/bos\/wp-json\/wp\/v2\/pages"}],"about":[{"href":"https:\/\/www.emmerl.de\/bos\/wp-json\/wp\/v2\/types\/page"}],"author":[{"embeddable":true,"href":"https:\/\/www.emmerl.de\/bos\/wp-json\/wp\/v2\/users\/1"}],"replies":[{"embeddable":true,"href":"https:\/\/www.emmerl.de\/bos\/wp-json\/wp\/v2\/comments?post=63"}],"version-history":[{"count":67,"href":"https:\/\/www.emmerl.de\/bos\/wp-json\/wp\/v2\/pages\/63\/revisions"}],"predecessor-version":[{"id":2970,"href":"https:\/\/www.emmerl.de\/bos\/wp-json\/wp\/v2\/pages\/63\/revisions\/2970"}],"up":[{"embeddable":true,"href":"https:\/\/www.emmerl.de\/bos\/wp-json\/wp\/v2\/pages\/67"}],"wp:attachment":[{"href":"https:\/\/www.emmerl.de\/bos\/wp-json\/wp\/v2\/media?parent=63"}],"curies":[{"name":"wp","href":"https:\/\/api.w.org\/{rel}","templated":true}]}}