{"id":65,"date":"2012-05-24T15:57:43","date_gmt":"2012-05-24T15:57:43","guid":{"rendered":"http:\/\/wordpress.art-connect.de\/bos\/?page_id=65"},"modified":"2016-07-25T13:45:34","modified_gmt":"2016-07-25T13:45:34","slug":"geschaeftsfuehrer","status":"publish","type":"page","link":"https:\/\/www.emmerl.de\/bos\/kontakt\/geschaeftsfuehrer","title":{"rendered":"Gesch\u00e4ftsf\u00fchrer"},"content":{"rendered":"<p><a href=\"https:\/\/www.emmerl.de\/bos\/wp-content\/uploads\/2012\/07\/werner_emmerl.jpg\" data-rel=\"lightbox-image-0\" data-rl_title=\"\" data-rl_caption=\"\"><img loading=\"lazy\" decoding=\"async\" class=\"alignnone size-medium wp-image-434\" title=\"\" src=\"https:\/\/www.emmerl.de\/bos\/wp-content\/uploads\/2012\/07\/werner_emmerl-255x300.jpg\" alt=\"\" width=\"255\" height=\"300\" srcset=\"https:\/\/www.emmerl.de\/bos\/wp-content\/uploads\/2012\/07\/werner_emmerl-255x300.jpg 255w, https:\/\/www.emmerl.de\/bos\/wp-content\/uploads\/2012\/07\/werner_emmerl-127x150.jpg 127w, https:\/\/www.emmerl.de\/bos\/wp-content\/uploads\/2012\/07\/werner_emmerl-250x293.jpg 250w, https:\/\/www.emmerl.de\/bos\/wp-content\/uploads\/2012\/07\/werner_emmerl-150x176.jpg 150w, https:\/\/www.emmerl.de\/bos\/wp-content\/uploads\/2012\/07\/werner_emmerl.jpg 852w\" sizes=\"auto, (max-width: 255px) 100vw, 255px\" \/><\/a><\/p>\n<p>Gesch\u00e4ftsf\u00fchrer:<\/p>\n<p><strong>Werner Emmerl<\/strong><br \/>\nGewerbestra\u00dfe 14<br \/>\n84570 Polling<\/p>\n<p>&nbsp;<\/p>","protected":false},"excerpt":{"rendered":"<p>Gesch\u00e4ftsf\u00fchrer: Werner Emmerl Gewerbestra\u00dfe 14 84570 Polling &nbsp;<\/p>\n","protected":false},"author":1,"featured_media":0,"parent":67,"menu_order":4,"comment_status":"open","ping_status":"closed","template":"","meta":{"_acf_changed":false,"footnotes":""},"class_list":["post-65","page","type-page","status-publish","hentry"],"acf":[],"_links":{"self":[{"href":"https:\/\/www.emmerl.de\/bos\/wp-json\/wp\/v2\/pages\/65","targetHints":{"allow":["GET"]}}],"collection":[{"href":"https:\/\/www.emmerl.de\/bos\/wp-json\/wp\/v2\/pages"}],"about":[{"href":"https:\/\/www.emmerl.de\/bos\/wp-json\/wp\/v2\/types\/page"}],"author":[{"embeddable":true,"href":"https:\/\/www.emmerl.de\/bos\/wp-json\/wp\/v2\/users\/1"}],"replies":[{"embeddable":true,"href":"https:\/\/www.emmerl.de\/bos\/wp-json\/wp\/v2\/comments?post=65"}],"version-history":[{"count":6,"href":"https:\/\/www.emmerl.de\/bos\/wp-json\/wp\/v2\/pages\/65\/revisions"}],"predecessor-version":[{"id":2507,"href":"https:\/\/www.emmerl.de\/bos\/wp-json\/wp\/v2\/pages\/65\/revisions\/2507"}],"up":[{"embeddable":true,"href":"https:\/\/www.emmerl.de\/bos\/wp-json\/wp\/v2\/pages\/67"}],"wp:attachment":[{"href":"https:\/\/www.emmerl.de\/bos\/wp-json\/wp\/v2\/media?parent=65"}],"curies":[{"name":"wp","href":"https:\/\/api.w.org\/{rel}","templated":true}]}}